{"id":12266,"date":"2016-12-27T11:05:00","date_gmt":"2016-12-27T10:05:00","guid":{"rendered":"http:\/\/www.lauryn.cz\/en\/?page_id=12266"},"modified":"2021-08-16T07:58:59","modified_gmt":"2021-08-16T06:58:59","slug":"about-us","status":"publish","type":"page","link":"https:\/\/www.lauryn.cz\/en\/about-us\/","title":{"rendered":"About us"},"content":{"rendered":"<div class=\"fusion-fullwidth fullwidth-box fusion-builder-row-1 hundred-percent-fullwidth non-hundred-percent-height-scrolling\" style=\"--awb-border-radius-top-left:0px;--awb-border-radius-top-right:0px;--awb-border-radius-bottom-right:0px;--awb-border-radius-bottom-left:0px;--awb-overflow:visible;--awb-flex-wrap:wrap;\" ><div class=\"fusion-builder-row fusion-row\"><div class=\"fusion-layout-column fusion_builder_column fusion-builder-column-0 fusion_builder_column_1_1 1_1 fusion-one-full fusion-column-first fusion-column-last\" style=\"--awb-bg-size:cover;\"><div class=\"fusion-column-wrapper fusion-flex-column-wrapper-legacy\"><div class=\"fusion-title title fusion-title-1 fusion-sep-none fusion-title-center fusion-title-text fusion-title-size-one\" style=\"--awb-sep-color:#ff6000;\"><h1 class=\"fusion-title-heading title-heading-center fusion-responsive-typography-calculated\" style=\"margin:0;--fontSize:40;line-height:1.4;\">LAURYN s.r.o.<\/h1><\/div><div class=\"fusion-clearfix\"><\/div><\/div><\/div><div class=\"fusion-layout-column fusion_builder_column fusion-builder-column-1 fusion_builder_column_1_1 1_1 fusion-one-full fusion-column-first fusion-column-last fusion-column-no-min-height\" style=\"--awb-bg-size:cover;--awb-margin-bottom:0px;\"><div class=\"fusion-column-wrapper fusion-flex-column-wrapper-legacy\"><div class=\"fusion-text fusion-text-1\"><p lang=\"EN-GB\">Between 1991 and 1996, we provided comprehensive services (software, hardware, user support). At that time, we created programs for various fields (e.g. software for spas, old people\u2019s homes, outpatient clinics, restaurants, economic and storage systems, etc.)<\/p>\n<p lang=\"EN-GB\">In 1997, we decided to specialise in designing software for spas and rehabilitation facilities only. We abandoned MS DOS and file systems in favour of a Windows operating system and client-server architecture.<\/p>\n<p lang=\"EN-GB\">From 1997 to 1998, we developed a comprehensive information system for spas and rehabilitation facilities &#8211; LBIS\/4G. Its first stage was completed in autumn 1998 when we presented this system at the International Fair of Medical Technology and Pharmacy MEFA in Brno. Since that time the whole system has been continuously developed.<\/p>\n<p lang=\"EN-GB\">In 1999, we launched the R-PLAN system &#8211; software for planning medical care in rehabilitation facilities. That same year, the LBIS\/4G system was launched on the market in Slovakia.<\/p>\n<p>The LBIS information system has been subject to intensive development since 2000 in accordance with user requirements.<\/p>\n<p>The next generation system LBIS\/4G was introduced onto the market in 2014.<\/p>\n<p>The LBIS\/4G system is currently the most widely installed system for spa and rehabilitation facilities in the Czech Republic and the Slovak Republic.<\/p>\n<\/div><div class=\"fusion-title title fusion-title-2 fusion-sep-none fusion-title-text fusion-title-size-two\" style=\"--awb-margin-top:30px;--awb-margin-bottom:10px;\"><h2 class=\"fusion-title-heading title-heading-left fusion-responsive-typography-calculated\" style=\"margin:0;--fontSize:28;line-height:1.5;\">Team members<\/h2><\/div><div class=\"fusion-text fusion-text-2\"><p>The LAURYN s.r.o. work team consists of 23 specialists in the following structure:<\/p>\n<ul>\n<li><strong>IS and software development:<\/strong>\u00a08 specialists<\/li>\n<li><strong>Consultants (Implementation and Support):<\/strong>\u00a012 specialists<\/li>\n<li><strong>Administration:<\/strong>\u00a03 specialists<\/li>\n<\/ul>\n<\/div><div class=\"fusion-title title fusion-title-3 fusion-sep-none fusion-title-text fusion-title-size-two\" style=\"--awb-margin-top:30px;--awb-margin-bottom:10px;\"><h2 class=\"fusion-title-heading title-heading-left fusion-responsive-typography-calculated\" style=\"margin:0;--fontSize:28;line-height:1.5;\"><p id=\"zasady_spolecnosti\">Company principles<\/p><\/h2><\/div><div class=\"fusion-text fusion-text-3\"><ul>\n<li>We highly respect <span lang=\"EN-GB\">customers\u2019 confidence in us and their interests are also our interests.<\/span><\/li>\n<li>We look at our competition <span lang=\"EN-GB\">to find sources of new inspiration and impulses.<\/span><\/li>\n<li>Every idea is a good idea but we bring only the best ones to life.<\/li>\n<li>We aim to do our best to respond to our customers\u2019 wishes.<\/li>\n<li>We approach every <span lang=\"EN-GB\">task with hard work and a high level of commitment.<\/span><\/li>\n<li>Democratic values guarantee free enterprise and <span lang=\"EN-GB\">continuation of the work we have started.<\/span><\/li>\n<\/ul>\n<p>We will never behave\u00a0<span lang=\"EN-GB\">towards our customers in this unacceptable and inadmissible way:<\/span><\/p>\n<ul>\n<li>Act against values that we respect in our company<\/li>\n<li>Harm <span lang=\"EN-GB\">customers through a careless and negligent attitude<\/span><\/li>\n<li>Withhold <span lang=\"EN-GB\">or misrepresent information that the involved parties are entitled to have.<\/span><\/li>\n<\/ul>\n<\/div><div class=\"fusion-clearfix\"><\/div><\/div><\/div><\/div><\/div>\n","protected":false},"excerpt":{"rendered":"","protected":false},"author":5,"featured_media":0,"parent":0,"menu_order":0,"comment_status":"closed","ping_status":"closed","template":"","meta":{"footnotes":""},"class_list":["post-12266","page","type-page","status-publish","hentry"],"yoast_head":"<!-- This site is optimized with the Yoast SEO plugin v23.6 - https:\/\/yoast.com\/wordpress\/plugins\/seo\/ -->\n<title>About us | LAURYN<\/title>\n<meta name=\"description\" content=\"We specialise in development of software for spa and rehabilitation facilities. Our system is currently the most widely installed system in the Czech Republic and Slovakia.\" \/>\n<meta name=\"robots\" content=\"index, follow, max-snippet:-1, max-image-preview:large, max-video-preview:-1\" \/>\n<link rel=\"canonical\" href=\"https:\/\/www.lauryn.cz\/o-nas\/\" \/>\n<meta property=\"og:locale\" content=\"en_US\" \/>\n<meta property=\"og:type\" content=\"article\" \/>\n<meta property=\"og:title\" content=\"About us | LAURYN\" \/>\n<meta property=\"og:description\" content=\"We specialise in development of software for spa and rehabilitation facilities. Our system is currently the most widely installed system in the Czech Republic and Slovakia.\" \/>\n<meta property=\"og:url\" content=\"https:\/\/www.lauryn.cz\/o-nas\/\" \/>\n<meta property=\"og:site_name\" content=\"LAURYN\" \/>\n<meta property=\"article:modified_time\" content=\"2021-08-16T06:58:59+00:00\" \/>\n<meta name=\"twitter:card\" content=\"summary_large_image\" \/>\n<meta name=\"twitter:label1\" content=\"Est. reading time\" \/>\n\t<meta name=\"twitter:data1\" content=\"3 minutes\" \/>\n<script type=\"application\/ld+json\" class=\"yoast-schema-graph\">{\"@context\":\"https:\/\/schema.org\",\"@graph\":[{\"@type\":\"WebPage\",\"@id\":\"https:\/\/www.lauryn.cz\/o-nas\/\",\"url\":\"https:\/\/www.lauryn.cz\/o-nas\/\",\"name\":\"About us | LAURYN\",\"isPartOf\":{\"@id\":\"https:\/\/www.lauryn.cz\/#website\"},\"datePublished\":\"2016-12-27T10:05:00+00:00\",\"dateModified\":\"2021-08-16T06:58:59+00:00\",\"description\":\"We specialise in development of software for spa and rehabilitation facilities. Our system is currently the most widely installed system in the Czech Republic and Slovakia.\",\"breadcrumb\":{\"@id\":\"https:\/\/www.lauryn.cz\/o-nas\/#breadcrumb\"},\"inLanguage\":\"en-US\",\"potentialAction\":[{\"@type\":\"ReadAction\",\"target\":[\"https:\/\/www.lauryn.cz\/o-nas\/\"]}]},{\"@type\":\"BreadcrumbList\",\"@id\":\"https:\/\/www.lauryn.cz\/o-nas\/#breadcrumb\",\"itemListElement\":[{\"@type\":\"ListItem\",\"position\":1,\"name\":\"Dom\u016f\",\"item\":\"https:\/\/www.lauryn.cz\/en\/\"},{\"@type\":\"ListItem\",\"position\":2,\"name\":\"About us\"}]},{\"@type\":\"WebSite\",\"@id\":\"https:\/\/www.lauryn.cz\/#website\",\"url\":\"https:\/\/www.lauryn.cz\/\",\"name\":\"LAURYN\",\"description\":\"Informa\u010dn\u00ed syst\u00e9my pro l\u00e1ze\u0148sk\u00e1 a rehabilita\u010dn\u00ed za\u0159\u00edzen\u00ed\",\"potentialAction\":[{\"@type\":\"SearchAction\",\"target\":{\"@type\":\"EntryPoint\",\"urlTemplate\":\"https:\/\/www.lauryn.cz\/?s={search_term_string}\"},\"query-input\":{\"@type\":\"PropertyValueSpecification\",\"valueRequired\":true,\"valueName\":\"search_term_string\"}}],\"inLanguage\":\"en-US\"}]}<\/script>\n<!-- \/ Yoast SEO plugin. -->","yoast_head_json":{"title":"About us | LAURYN","description":"We specialise in development of software for spa and rehabilitation facilities. Our system is currently the most widely installed system in the Czech Republic and Slovakia.","robots":{"index":"index","follow":"follow","max-snippet":"max-snippet:-1","max-image-preview":"max-image-preview:large","max-video-preview":"max-video-preview:-1"},"canonical":"https:\/\/www.lauryn.cz\/o-nas\/","og_locale":"en_US","og_type":"article","og_title":"About us | LAURYN","og_description":"We specialise in development of software for spa and rehabilitation facilities. Our system is currently the most widely installed system in the Czech Republic and Slovakia.","og_url":"https:\/\/www.lauryn.cz\/o-nas\/","og_site_name":"LAURYN","article_modified_time":"2021-08-16T06:58:59+00:00","twitter_card":"summary_large_image","twitter_misc":{"Est. reading time":"3 minutes"},"schema":{"@context":"https:\/\/schema.org","@graph":[{"@type":"WebPage","@id":"https:\/\/www.lauryn.cz\/o-nas\/","url":"https:\/\/www.lauryn.cz\/o-nas\/","name":"About us | LAURYN","isPartOf":{"@id":"https:\/\/www.lauryn.cz\/#website"},"datePublished":"2016-12-27T10:05:00+00:00","dateModified":"2021-08-16T06:58:59+00:00","description":"We specialise in development of software for spa and rehabilitation facilities. Our system is currently the most widely installed system in the Czech Republic and Slovakia.","breadcrumb":{"@id":"https:\/\/www.lauryn.cz\/o-nas\/#breadcrumb"},"inLanguage":"en-US","potentialAction":[{"@type":"ReadAction","target":["https:\/\/www.lauryn.cz\/o-nas\/"]}]},{"@type":"BreadcrumbList","@id":"https:\/\/www.lauryn.cz\/o-nas\/#breadcrumb","itemListElement":[{"@type":"ListItem","position":1,"name":"Dom\u016f","item":"https:\/\/www.lauryn.cz\/en\/"},{"@type":"ListItem","position":2,"name":"About us"}]},{"@type":"WebSite","@id":"https:\/\/www.lauryn.cz\/#website","url":"https:\/\/www.lauryn.cz\/","name":"LAURYN","description":"Informa\u010dn\u00ed syst\u00e9my pro l\u00e1ze\u0148sk\u00e1 a rehabilita\u010dn\u00ed za\u0159\u00edzen\u00ed","potentialAction":[{"@type":"SearchAction","target":{"@type":"EntryPoint","urlTemplate":"https:\/\/www.lauryn.cz\/?s={search_term_string}"},"query-input":{"@type":"PropertyValueSpecification","valueRequired":true,"valueName":"search_term_string"}}],"inLanguage":"en-US"}]}},"_links":{"self":[{"href":"https:\/\/www.lauryn.cz\/en\/wp-json\/wp\/v2\/pages\/12266"}],"collection":[{"href":"https:\/\/www.lauryn.cz\/en\/wp-json\/wp\/v2\/pages"}],"about":[{"href":"https:\/\/www.lauryn.cz\/en\/wp-json\/wp\/v2\/types\/page"}],"author":[{"embeddable":true,"href":"https:\/\/www.lauryn.cz\/en\/wp-json\/wp\/v2\/users\/5"}],"replies":[{"embeddable":true,"href":"https:\/\/www.lauryn.cz\/en\/wp-json\/wp\/v2\/comments?post=12266"}],"version-history":[{"count":10,"href":"https:\/\/www.lauryn.cz\/en\/wp-json\/wp\/v2\/pages\/12266\/revisions"}],"predecessor-version":[{"id":13803,"href":"https:\/\/www.lauryn.cz\/en\/wp-json\/wp\/v2\/pages\/12266\/revisions\/13803"}],"wp:attachment":[{"href":"https:\/\/www.lauryn.cz\/en\/wp-json\/wp\/v2\/media?parent=12266"}],"curies":[{"name":"wp","href":"https:\/\/api.w.org\/{rel}","templated":true}]}}