{"id":12268,"date":"2016-12-27T11:06:48","date_gmt":"2016-12-27T10:06:48","guid":{"rendered":"http:\/\/www.lauryn.cz\/en\/?page_id=12268"},"modified":"2020-06-11T13:35:30","modified_gmt":"2020-06-11T12:35:30","slug":"iso-quality-system","status":"publish","type":"page","link":"https:\/\/www.lauryn.cz\/en\/about-us\/iso-quality-system\/","title":{"rendered":"ISO Quality System"},"content":{"rendered":"<p><div class=\"fusion-fullwidth fullwidth-box fusion-builder-row-1 nonhundred-percent-fullwidth non-hundred-percent-height-scrolling\" style=\"--awb-border-radius-top-left:0px;--awb-border-radius-top-right:0px;--awb-border-radius-bottom-right:0px;--awb-border-radius-bottom-left:0px;--awb-padding-top:20px;--awb-padding-bottom:20px;--awb-flex-wrap:wrap;\" ><div class=\"fusion-builder-row fusion-row\"><div class=\"fusion-layout-column fusion_builder_column fusion-builder-column-0 fusion_builder_column_1_1 1_1 fusion-one-full fusion-column-first fusion-column-last\" style=\"--awb-bg-size:cover;\"><div class=\"fusion-column-wrapper fusion-flex-column-wrapper-legacy\"><div class=\"fusion-title title fusion-title-1 fusion-sep-none fusion-title-text fusion-title-size-one\" style=\"--awb-sep-color:#ff6000;\"><h1 class=\"fusion-title-heading title-heading-left fusion-responsive-typography-calculated\" style=\"margin:0;--fontSize:40;line-height:1.4;\">ISO Quality System<\/h1><\/div><div class=\"fusion-clearfix\"><\/div><\/div><\/div><\/div><\/div><div class=\"fusion-fullwidth fullwidth-box fusion-builder-row-2 nonhundred-percent-fullwidth non-hundred-percent-height-scrolling\" style=\"--awb-border-radius-top-left:0px;--awb-border-radius-top-right:0px;--awb-border-radius-bottom-right:0px;--awb-border-radius-bottom-left:0px;--awb-padding-top:0px;--awb-padding-bottom:0px;--awb-flex-wrap:wrap;\" ><div class=\"fusion-builder-row fusion-row\"><div class=\"fusion-layout-column fusion_builder_column fusion-builder-column-1 fusion_builder_column_1_2 1_2 fusion-one-half fusion-column-first\" style=\"--awb-bg-size:cover;width:50%;width:calc(50% - ( ( 4% ) * 0.5 ) );margin-right: 4%;\"><div class=\"fusion-column-wrapper fusion-flex-column-wrapper-legacy\"><div class=\"fusion-text fusion-text-1\"><p><strong>LAURYN v.o.s.<\/strong>\u00a0has implemented\u00a0a quality management system according to <strong>\u010cSN <\/strong><strong>EN ISO 9001:2009.<\/strong><\/p>\n<p>The system has been implemented in all processes of <strong>LAURYN v.o.s. <\/strong>(development of software and information systems, implementation, support and service).<\/p>\n<p>The system was implemented in 2004. <span lang=\"EN-GB\">We undergo a supervisory audit every year and we must pass a re-certification audit once every three years (2016).<\/span><\/p>\n<\/div><div class=\"fusion-clearfix\"><\/div><\/div><\/div><div class=\"fusion-layout-column fusion_builder_column fusion-builder-column-2 fusion_builder_column_1_2 1_2 fusion-one-half fusion-column-last\" style=\"--awb-bg-size:cover;width:50%;width:calc(50% - ( ( 4% ) * 0.5 ) );\"><div class=\"fusion-column-wrapper fusion-flex-column-wrapper-legacy\"><div class=\"fusion-image-element fusion-image-align-center in-legacy-container\" style=\"text-align:center;--awb-caption-title-font-family:var(--h2_typography-font-family);--awb-caption-title-font-weight:var(--h2_typography-font-weight);--awb-caption-title-font-style:var(--h2_typography-font-style);--awb-caption-title-size:var(--h2_typography-font-size);--awb-caption-title-transform:var(--h2_typography-text-transform);--awb-caption-title-line-height:var(--h2_typography-line-height);--awb-caption-title-letter-spacing:var(--h2_typography-letter-spacing);\"><div class=\"imageframe-align-center\"><span class=\" fusion-imageframe imageframe-dropshadow imageframe-1 hover-type-none\" style=\"-webkit-box-shadow: 3px 3px 7px rgba(0,0,0,0.3);box-shadow: 3px 3px 7px rgba(0,0,0,0.3);\"><a href=\"https:\/\/www.lauryn.cz\/wp-content\/uploads\/2016\/11\/certifikat_ISO_EN_2019-1.jpg\" class=\"fusion-lightbox\" data-rel=\"iLightbox[57b8a0e602a745e93ef]\" data-title=\"certifikat_ISO_EN_2019\" title=\"certifikat_ISO_EN_2019\"><img decoding=\"async\" width=\"212\" height=\"300\" alt=\"Certifik\u00e1t ISO\" src=\"https:\/\/www.lauryn.cz\/wp-content\/uploads\/2016\/11\/certifikat_ISO_EN_2019-1-212x300.jpg\" class=\"img-responsive wp-image-14544\" srcset=\"https:\/\/www.lauryn.cz\/wp-content\/uploads\/2016\/11\/certifikat_ISO_EN_2019-1-200x283.jpg 200w, https:\/\/www.lauryn.cz\/wp-content\/uploads\/2016\/11\/certifikat_ISO_EN_2019-1-400x566.jpg 400w, https:\/\/www.lauryn.cz\/wp-content\/uploads\/2016\/11\/certifikat_ISO_EN_2019-1-600x848.jpg 600w, https:\/\/www.lauryn.cz\/wp-content\/uploads\/2016\/11\/certifikat_ISO_EN_2019-1-800x1131.jpg 800w, https:\/\/www.lauryn.cz\/wp-content\/uploads\/2016\/11\/certifikat_ISO_EN_2019-1-1200x1697.jpg 1200w\" sizes=\"(max-width: 800px) 100vw, 600px\" \/><\/a><\/span><\/div><\/div><div class=\"fusion-clearfix\"><\/div><\/div><\/div><\/div><\/div><\/p>\n","protected":false},"excerpt":{"rendered":"","protected":false},"author":5,"featured_media":0,"parent":12266,"menu_order":0,"comment_status":"closed","ping_status":"closed","template":"","meta":{"footnotes":""},"class_list":["post-12268","page","type-page","status-publish","hentry"],"yoast_head":"<!-- This site is optimized with the Yoast SEO plugin v23.6 - https:\/\/yoast.com\/wordpress\/plugins\/seo\/ -->\n<title>ISO Quality System | LAURYN<\/title>\n<meta name=\"description\" content=\"LAURYN s.r.o. has implemented a certified ISO quality management system for all of the processes in the company.\" \/>\n<meta name=\"robots\" content=\"index, follow, max-snippet:-1, max-image-preview:large, max-video-preview:-1\" \/>\n<link rel=\"canonical\" href=\"https:\/\/www.lauryn.cz\/o-nas\/system-kvality-iso\/\" \/>\n<meta property=\"og:locale\" content=\"en_US\" \/>\n<meta property=\"og:type\" content=\"article\" \/>\n<meta property=\"og:title\" content=\"ISO Quality System | LAURYN\" \/>\n<meta property=\"og:description\" content=\"LAURYN s.r.o. has implemented a certified ISO quality management system for all of the processes in the company.\" \/>\n<meta property=\"og:url\" content=\"https:\/\/www.lauryn.cz\/o-nas\/system-kvality-iso\/\" \/>\n<meta property=\"og:site_name\" content=\"LAURYN\" \/>\n<meta property=\"article:modified_time\" content=\"2020-06-11T12:35:30+00:00\" \/>\n<meta name=\"twitter:card\" content=\"summary_large_image\" \/>\n<meta name=\"twitter:label1\" content=\"Est. reading time\" \/>\n\t<meta name=\"twitter:data1\" content=\"2 minutes\" \/>\n<script type=\"application\/ld+json\" class=\"yoast-schema-graph\">{\"@context\":\"https:\/\/schema.org\",\"@graph\":[{\"@type\":\"WebPage\",\"@id\":\"https:\/\/www.lauryn.cz\/o-nas\/system-kvality-iso\/\",\"url\":\"https:\/\/www.lauryn.cz\/o-nas\/system-kvality-iso\/\",\"name\":\"ISO Quality System | LAURYN\",\"isPartOf\":{\"@id\":\"https:\/\/www.lauryn.cz\/#website\"},\"datePublished\":\"2016-12-27T10:06:48+00:00\",\"dateModified\":\"2020-06-11T12:35:30+00:00\",\"description\":\"LAURYN s.r.o. has implemented a certified ISO quality management system for all of the processes in the company.\",\"breadcrumb\":{\"@id\":\"https:\/\/www.lauryn.cz\/o-nas\/system-kvality-iso\/#breadcrumb\"},\"inLanguage\":\"en-US\",\"potentialAction\":[{\"@type\":\"ReadAction\",\"target\":[\"https:\/\/www.lauryn.cz\/o-nas\/system-kvality-iso\/\"]}]},{\"@type\":\"BreadcrumbList\",\"@id\":\"https:\/\/www.lauryn.cz\/o-nas\/system-kvality-iso\/#breadcrumb\",\"itemListElement\":[{\"@type\":\"ListItem\",\"position\":1,\"name\":\"Dom\u016f\",\"item\":\"https:\/\/www.lauryn.cz\/en\/\"},{\"@type\":\"ListItem\",\"position\":2,\"name\":\"About us\",\"item\":\"https:\/\/www.lauryn.cz\/o-nas\/\"},{\"@type\":\"ListItem\",\"position\":3,\"name\":\"ISO Quality System\"}]},{\"@type\":\"WebSite\",\"@id\":\"https:\/\/www.lauryn.cz\/#website\",\"url\":\"https:\/\/www.lauryn.cz\/\",\"name\":\"LAURYN\",\"description\":\"Informa\u010dn\u00ed syst\u00e9my pro l\u00e1ze\u0148sk\u00e1 a rehabilita\u010dn\u00ed za\u0159\u00edzen\u00ed\",\"potentialAction\":[{\"@type\":\"SearchAction\",\"target\":{\"@type\":\"EntryPoint\",\"urlTemplate\":\"https:\/\/www.lauryn.cz\/?s={search_term_string}\"},\"query-input\":{\"@type\":\"PropertyValueSpecification\",\"valueRequired\":true,\"valueName\":\"search_term_string\"}}],\"inLanguage\":\"en-US\"}]}<\/script>\n<!-- \/ Yoast SEO plugin. -->","yoast_head_json":{"title":"ISO Quality System | LAURYN","description":"LAURYN s.r.o. has implemented a certified ISO quality management system for all of the processes in the company.","robots":{"index":"index","follow":"follow","max-snippet":"max-snippet:-1","max-image-preview":"max-image-preview:large","max-video-preview":"max-video-preview:-1"},"canonical":"https:\/\/www.lauryn.cz\/o-nas\/system-kvality-iso\/","og_locale":"en_US","og_type":"article","og_title":"ISO Quality System | LAURYN","og_description":"LAURYN s.r.o. has implemented a certified ISO quality management system for all of the processes in the company.","og_url":"https:\/\/www.lauryn.cz\/o-nas\/system-kvality-iso\/","og_site_name":"LAURYN","article_modified_time":"2020-06-11T12:35:30+00:00","twitter_card":"summary_large_image","twitter_misc":{"Est. reading time":"2 minutes"},"schema":{"@context":"https:\/\/schema.org","@graph":[{"@type":"WebPage","@id":"https:\/\/www.lauryn.cz\/o-nas\/system-kvality-iso\/","url":"https:\/\/www.lauryn.cz\/o-nas\/system-kvality-iso\/","name":"ISO Quality System | LAURYN","isPartOf":{"@id":"https:\/\/www.lauryn.cz\/#website"},"datePublished":"2016-12-27T10:06:48+00:00","dateModified":"2020-06-11T12:35:30+00:00","description":"LAURYN s.r.o. has implemented a certified ISO quality management system for all of the processes in the company.","breadcrumb":{"@id":"https:\/\/www.lauryn.cz\/o-nas\/system-kvality-iso\/#breadcrumb"},"inLanguage":"en-US","potentialAction":[{"@type":"ReadAction","target":["https:\/\/www.lauryn.cz\/o-nas\/system-kvality-iso\/"]}]},{"@type":"BreadcrumbList","@id":"https:\/\/www.lauryn.cz\/o-nas\/system-kvality-iso\/#breadcrumb","itemListElement":[{"@type":"ListItem","position":1,"name":"Dom\u016f","item":"https:\/\/www.lauryn.cz\/en\/"},{"@type":"ListItem","position":2,"name":"About us","item":"https:\/\/www.lauryn.cz\/o-nas\/"},{"@type":"ListItem","position":3,"name":"ISO Quality System"}]},{"@type":"WebSite","@id":"https:\/\/www.lauryn.cz\/#website","url":"https:\/\/www.lauryn.cz\/","name":"LAURYN","description":"Informa\u010dn\u00ed syst\u00e9my pro l\u00e1ze\u0148sk\u00e1 a rehabilita\u010dn\u00ed za\u0159\u00edzen\u00ed","potentialAction":[{"@type":"SearchAction","target":{"@type":"EntryPoint","urlTemplate":"https:\/\/www.lauryn.cz\/?s={search_term_string}"},"query-input":{"@type":"PropertyValueSpecification","valueRequired":true,"valueName":"search_term_string"}}],"inLanguage":"en-US"}]}},"_links":{"self":[{"href":"https:\/\/www.lauryn.cz\/en\/wp-json\/wp\/v2\/pages\/12268"}],"collection":[{"href":"https:\/\/www.lauryn.cz\/en\/wp-json\/wp\/v2\/pages"}],"about":[{"href":"https:\/\/www.lauryn.cz\/en\/wp-json\/wp\/v2\/types\/page"}],"author":[{"embeddable":true,"href":"https:\/\/www.lauryn.cz\/en\/wp-json\/wp\/v2\/users\/5"}],"replies":[{"embeddable":true,"href":"https:\/\/www.lauryn.cz\/en\/wp-json\/wp\/v2\/comments?post=12268"}],"version-history":[{"count":9,"href":"https:\/\/www.lauryn.cz\/en\/wp-json\/wp\/v2\/pages\/12268\/revisions"}],"predecessor-version":[{"id":13573,"href":"https:\/\/www.lauryn.cz\/en\/wp-json\/wp\/v2\/pages\/12268\/revisions\/13573"}],"up":[{"embeddable":true,"href":"https:\/\/www.lauryn.cz\/en\/wp-json\/wp\/v2\/pages\/12266"}],"wp:attachment":[{"href":"https:\/\/www.lauryn.cz\/en\/wp-json\/wp\/v2\/media?parent=12268"}],"curies":[{"name":"wp","href":"https:\/\/api.w.org\/{rel}","templated":true}]}}