{"id":12324,"date":"2016-12-27T13:52:07","date_gmt":"2016-12-27T12:52:07","guid":{"rendered":"http:\/\/www.lauryn.cz\/ru\/?page_id=12324"},"modified":"2020-04-16T07:18:56","modified_gmt":"2020-04-16T06:18:56","slug":"%d0%bf%d1%80%d0%be%d0%b4%d1%83%d0%ba%d1%82%d1%8b","status":"publish","type":"page","link":"https:\/\/www.lauryn.cz\/ru\/%d0%bf%d1%80%d0%be%d0%b4%d1%83%d0%ba%d1%82%d1%8b\/","title":{"rendered":"\u041f\u0440\u043e\u0434\u0443\u043a\u0442\u044b"},"content":{"rendered":"<p><div class=\"fusion-fullwidth fullwidth-box fusion-builder-row-1 nonhundred-percent-fullwidth non-hundred-percent-height-scrolling fusion-equal-height-columns\" style=\"--awb-border-radius-top-left:0px;--awb-border-radius-top-right:0px;--awb-border-radius-bottom-right:0px;--awb-border-radius-bottom-left:0px;--awb-padding-top:20px;--awb-padding-bottom:20px;--awb-flex-wrap:wrap;\" ><div class=\"fusion-builder-row fusion-row\"><div class=\"fusion-layout-column fusion_builder_column fusion-builder-column-0 fusion_builder_column_1_2 1_2 fusion-one-half fusion-column-first\" style=\"--awb-padding-top:15px;--awb-padding-right:15px;--awb-padding-bottom:15px;--awb-padding-left:15px;--awb-bg-size:cover;--awb-margin-top:10px;--awb-margin-bottom:10px;width:50%;width:calc(50% - ( ( 4% ) * 0.5 ) );margin-right: 4%;\"><div class=\"fusion-column-wrapper fusion-flex-column-wrapper-legacy\"><div class=\"fusion-column-content-centered\"><div class=\"fusion-column-content\"><div class=\"fusion-image-element in-legacy-container\" style=\"--awb-caption-title-font-family:var(--h2_typography-font-family);--awb-caption-title-font-weight:var(--h2_typography-font-weight);--awb-caption-title-font-style:var(--h2_typography-font-style);--awb-caption-title-size:var(--h2_typography-font-size);--awb-caption-title-transform:var(--h2_typography-text-transform);--awb-caption-title-line-height:var(--h2_typography-line-height);--awb-caption-title-letter-spacing:var(--h2_typography-letter-spacing);\"><span class=\" fusion-imageframe imageframe-none imageframe-1 hover-type-none\"><img decoding=\"async\" width=\"800\" height=\"400\" title=\"fotka-uvod-800\" src=\"https:\/\/www.lauryn.cz\/wp-content\/uploads\/2020\/03\/fotka-uvod-800.jpg\" alt class=\"img-responsive wp-image-14578\" srcset=\"https:\/\/www.lauryn.cz\/wp-content\/uploads\/2020\/03\/fotka-uvod-800-200x100.jpg 200w, https:\/\/www.lauryn.cz\/wp-content\/uploads\/2020\/03\/fotka-uvod-800-400x200.jpg 400w, https:\/\/www.lauryn.cz\/wp-content\/uploads\/2020\/03\/fotka-uvod-800-600x300.jpg 600w, https:\/\/www.lauryn.cz\/wp-content\/uploads\/2020\/03\/fotka-uvod-800.jpg 800w\" sizes=\"(max-width: 800px) 100vw, 600px\" \/><\/span><\/div><\/div><\/div><div class=\"fusion-clearfix\"><\/div><\/div><\/div><div class=\"fusion-layout-column fusion_builder_column fusion-builder-column-1 fusion_builder_column_1_2 1_2 fusion-one-half fusion-column-last\" style=\"--awb-padding-top:15px;--awb-padding-right:15px;--awb-padding-bottom:15px;--awb-padding-left:15px;--awb-bg-size:cover;--awb-margin-top:10px;--awb-margin-bottom:10px;width:50%;width:calc(50% - ( ( 4% ) * 0.5 ) );\"><div class=\"fusion-column-wrapper fusion-flex-column-wrapper-legacy\"><div class=\"fusion-column-content-centered\"><div class=\"fusion-column-content\"><div class=\"fusion-title title fusion-title-1 fusion-sep-none fusion-title-text fusion-title-size-one\" style=\"--awb-margin-top:10px;--awb-margin-bottom:10px;--awb-sep-color:#ff6000;\"><h1 class=\"fusion-title-heading title-heading-left fusion-responsive-typography-calculated\" style=\"margin:0;--fontSize:40;line-height:1.4;\">LBIS\/4G<\/h1><\/div><div class=\"fusion-text fusion-text-1\"><p>\u0418\u043d\u0444\u043e\u0440\u043c\u0430\u0446\u0438\u043e\u043d\u043d\u044b\u0435 \u0441\u0438\u0441\u0442\u0435\u043c\u044b \u0438 \u043f\u0440\u043e\u0433\u0440\u0430\u043c\u043c\u043d\u043e\u0435 \u043e\u0431\u0435\u0441\u043f\u0435\u0447\u0435\u043d\u0438\u0435 \u0434\u043b\u044f \u0443\u043f\u0440\u0430\u0432\u043b\u0435\u043d\u0438\u044f \u043b\u0435\u0447\u0435\u0431\u043d\u044b\u043c\u0438 \u043a\u0443\u0440\u043e\u0440\u0442\u0430\u043c\u0438 \u0438 \u0441\u0430\u043d\u0430\u0442\u043e\u0440\u0438\u044f\u043c\u0438, \u0434\u043e\u043c\u0430\u043c\u0438 \u043e\u0442\u0434\u044b\u0445\u0430, \u0421\u041f\u0410-\u0433\u043e\u0441\u0442\u0438\u043d\u0438\u0446\u0430\u043c\u0438 \u0438 \u0440\u0435\u0430\u0431\u0438\u043b\u0438\u0442\u0430\u0446\u0438\u043e\u043d\u043d\u044b\u043c\u0438 \u0443\u0447\u0440\u0435\u0436\u0434\u0435\u043d\u0438\u044f\u043c\u0438<\/p>\n<\/div><div class=\"fusion-sep-clear\"><\/div><div class=\"fusion-separator fusion-full-width-sep\" style=\"margin-left: auto;margin-right: auto;margin-top:20px;width:100%;\"><\/div><div class=\"fusion-sep-clear\"><\/div><div class=\"fusion-button-wrapper\"><a class=\"fusion-button button-flat button-large button-custom fusion-button-default button-1 fusion-button-default-span fusion-button-default-type\" style=\"--button_accent_color:#ffffff;--button_accent_hover_color:#ffffff;--button_border_hover_color:#ffffff;--button_gradient_top_color:#e16925;--button_gradient_bottom_color:#e16925;--button_gradient_top_color_hover:#e0844e;--button_gradient_bottom_color_hover:#e0844e;\" target=\"_self\" href=\"\/ru\/\u043f\u0440\u043e\u0434\u0443\u043a\u0442\u044b\/\u0441\u0438\u0441\u0442\u0435\u043c\u0430-lbis4g\/\" id=\"button\"><span class=\"fusion-button-text\">\u0423\u0437\u043d\u0430\u0439\u0442\u0435 \u0431\u043e\u043b\u044c\u0448\u0435 <\/span><\/a><\/div><\/div><\/div><div class=\"fusion-clearfix\"><\/div><\/div><\/div><\/div><\/div><div class=\"fusion-fullwidth fullwidth-box fusion-builder-row-2 nonhundred-percent-fullwidth non-hundred-percent-height-scrolling fusion-equal-height-columns\" style=\"--awb-border-radius-top-left:0px;--awb-border-radius-top-right:0px;--awb-border-radius-bottom-right:0px;--awb-border-radius-bottom-left:0px;--awb-padding-top:40px;--awb-padding-bottom:40px;--awb-background-color:rgba(205,214,224,0.4);--awb-flex-wrap:wrap;\" ><div class=\"fusion-builder-row fusion-row\"><div class=\"fusion-layout-column fusion_builder_column fusion-builder-column-2 fusion_builder_column_1_2 1_2 fusion-one-half fusion-column-first\" style=\"--awb-bg-size:cover;width:50%;width:calc(50% - ( ( 4% ) * 0.5 ) );margin-right: 4%;\"><div class=\"fusion-column-wrapper fusion-flex-column-wrapper-legacy\"><div class=\"fusion-column-content-centered\"><div class=\"fusion-column-content\"><div class=\"fusion-image-element in-legacy-container\" style=\"--awb-caption-title-font-family:var(--h2_typography-font-family);--awb-caption-title-font-weight:var(--h2_typography-font-weight);--awb-caption-title-font-style:var(--h2_typography-font-style);--awb-caption-title-size:var(--h2_typography-font-size);--awb-caption-title-transform:var(--h2_typography-text-transform);--awb-caption-title-line-height:var(--h2_typography-line-height);--awb-caption-title-letter-spacing:var(--h2_typography-letter-spacing);\"><span class=\" fusion-imageframe imageframe-none imageframe-2 hover-type-none\"><img decoding=\"async\" width=\"800\" height=\"400\" title=\"ostatni-produkty-banner-uprava\" src=\"https:\/\/www.lauryn.cz\/wp-content\/uploads\/2016\/12\/ostatni-produkty-banner-uprava.png\" alt class=\"img-responsive wp-image-14626\" srcset=\"https:\/\/www.lauryn.cz\/wp-content\/uploads\/2016\/12\/ostatni-produkty-banner-uprava-200x100.png 200w, https:\/\/www.lauryn.cz\/wp-content\/uploads\/2016\/12\/ostatni-produkty-banner-uprava-400x200.png 400w, https:\/\/www.lauryn.cz\/wp-content\/uploads\/2016\/12\/ostatni-produkty-banner-uprava-600x300.png 600w, https:\/\/www.lauryn.cz\/wp-content\/uploads\/2016\/12\/ostatni-produkty-banner-uprava.png 800w\" sizes=\"(max-width: 800px) 100vw, 600px\" \/><\/span><\/div><\/div><\/div><div class=\"fusion-clearfix\"><\/div><\/div><\/div><div class=\"fusion-layout-column fusion_builder_column fusion-builder-column-3 fusion_builder_column_1_2 1_2 fusion-one-half fusion-column-last\" style=\"--awb-bg-size:cover;width:50%;width:calc(50% - ( ( 4% ) * 0.5 ) );\"><div class=\"fusion-column-wrapper fusion-flex-column-wrapper-legacy\"><div class=\"fusion-column-content-centered\"><div class=\"fusion-column-content\"><div class=\"fusion-title title fusion-title-2 fusion-sep-none fusion-title-text fusion-title-size-two\"><h2 class=\"fusion-title-heading title-heading-left fusion-responsive-typography-calculated\" style=\"margin:0;--fontSize:28;line-height:1.5;\">\u041e\u0441\u0442\u0430\u043b\u044c\u043d\u044b\u0435 \u043f\u0440\u043e\u0434\u0443\u043a\u0442\u044b<\/h2><\/div><div class=\"fusion-text fusion-text-2\"><p><strong>MIS\/4G<\/strong> &#8212; <a href=\"\/wp-content\/uploads\/2020\/03\/Katalog_MIS4G.pdf\" target=\"_blank\" rel=\"noopener noreferrer\">\u041f\u043e\u043a\u0430\u0437\u0430\u0442\u044c \u043a\u0430\u0442\u0430\u043b\u043e\u0433<\/a><\/p>\n<p><strong>On-line\/4G<\/strong>\u00a0&#8212;\u00a0<a href=\"\/wp-content\/uploads\/2020\/03\/Katalog_OnLine.pdf\" target=\"_blank\" rel=\"noopener noreferrer\">\u041f\u043e\u043a\u0430\u0437\u0430\u0442\u044c \u043a\u0430\u0442\u0430\u043b\u043e\u0433<\/a><\/p>\n<p><strong>CRM Mailing\/4G<\/strong>\u00a0&#8212;\u00a0<a href=\"\/wp-content\/uploads\/2020\/03\/Katalog_CRM_mailing.pdf\" target=\"_blank\" rel=\"noopener noreferrer\">\u041f\u043e\u043a\u0430\u0437\u0430\u0442\u044c \u043a\u0430\u0442\u0430\u043b\u043e\u0433<\/a><\/p>\n<\/div><\/div><\/div><div class=\"fusion-clearfix\"><\/div><\/div><\/div><\/div><\/div><div class=\"fusion-fullwidth fullwidth-box fusion-builder-row-3 nonhundred-percent-fullwidth non-hundred-percent-height-scrolling\" style=\"--awb-border-radius-top-left:0px;--awb-border-radius-top-right:0px;--awb-border-radius-bottom-right:0px;--awb-border-radius-bottom-left:0px;--awb-padding-top:20px;--awb-padding-bottom:20px;--awb-flex-wrap:wrap;\" ><div class=\"fusion-builder-row fusion-row\"><div class=\"fusion-layout-column fusion_builder_column fusion-builder-column-4 fusion_builder_column_1_1 1_1 fusion-one-full fusion-column-first fusion-column-last\" style=\"--awb-bg-size:cover;\"><div class=\"fusion-column-wrapper fusion-flex-column-wrapper-legacy\"><div class=\"fusion-title title fusion-title-3 fusion-sep-none fusion-title-text fusion-title-size-two\" style=\"--awb-margin-top:30px;--awb-margin-bottom:10px;\"><h2 class=\"fusion-title-heading title-heading-left fusion-responsive-typography-calculated\" style=\"margin:0;--fontSize:28;line-height:1.5;\">\u0420\u0435\u0444\u0435\u0440\u0435\u043d\u0446\u0438\u0438<\/h2><\/div><iframe src=\"https:\/\/www.google.com\/maps\/d\/embed?mid=1vqEP_xe4bIO2ra4o8mUQL2ZlTNA\" width=\"100%\" height=\"480\"><\/iframe><div class=\"fusion-clearfix\"><\/div><\/div><\/div><\/div><\/div><\/p>\n","protected":false},"excerpt":{"rendered":"","protected":false},"author":5,"featured_media":0,"parent":0,"menu_order":0,"comment_status":"closed","ping_status":"closed","template":"100-width.php","meta":{"footnotes":""},"class_list":["post-12324","page","type-page","status-publish","hentry"],"yoast_head":"<!-- This site is optimized with the Yoast SEO plugin v23.6 - https:\/\/yoast.com\/wordpress\/plugins\/seo\/ -->\n<title>\u041f\u041e \u0434\u043b\u044f \u043a\u0443\u0440\u043e\u0440\u0442\u043e\u0432 \u0438 \u0440\u0435\u0430\u0431\u0438\u043b\u0438\u0442\u0430\u0446\u0438\u0438 | LAURYN<\/title>\n<meta name=\"description\" content=\"\u0418\u043d\u0444\u043e\u0440\u043c\u0430\u0446\u0438\u043e\u043d\u043d\u0430\u044f \u0441\u0438\u0441\u0442\u0435\u043c\u0430 \u043f\u0440\u0435\u0434\u043d\u0430\u0437\u043d\u0430\u0447\u0435\u043d\u0430 \u0434\u043b\u044f \u043b\u0435\u0447\u0435\u0431\u043d\u044b\u0445 \u043a\u0443\u0440\u043e\u0440\u0442\u043e\u0432, \u0441\u0430\u043d\u0430\u0442\u043e\u0440\u0438\u0435\u0432 \u0438 \u043e\u0442\u0435\u043b\u0435\u0439, \u0440\u0435\u0430\u0431\u0438\u043b\u0438\u0442\u0430\u0446\u0438\u043e\u043d\u043d\u044b\u0445 \u043a\u043b\u0438\u043d\u0438\u043a, \u0441\u043f\u0435\u0446\u0438\u0430\u043b\u0438\u0437\u0438\u0440\u043e\u0432\u0430\u043d\u043d\u044b\u0445 \u043b\u0435\u0447\u0435\u0431\u043d\u044b\u0445 \u0443\u0447\u0440\u0435\u0436\u0434\u0435\u043d\u0438\u0439 \u0438 \u0446\u0435\u043d\u0442\u0440\u043e\u0432 \u0440\u0435\u0430\u0431\u0438\u043b\u0438\u0442\u0430\u0446\u0438\u0438 \u0438 \u0444\u0438\u0437\u0438\u043e\u0442\u0435\u0440\u0430\u043f\u0438\u0438.\" \/>\n<meta name=\"robots\" content=\"index, follow, max-snippet:-1, max-image-preview:large, max-video-preview:-1\" \/>\n<link rel=\"canonical\" href=\"https:\/\/www.lauryn.cz\/produkty\/\" \/>\n<meta property=\"og:locale\" content=\"ru_RU\" \/>\n<meta property=\"og:type\" content=\"article\" \/>\n<meta property=\"og:title\" content=\"\u041f\u041e \u0434\u043b\u044f \u043a\u0443\u0440\u043e\u0440\u0442\u043e\u0432 \u0438 \u0440\u0435\u0430\u0431\u0438\u043b\u0438\u0442\u0430\u0446\u0438\u0438 | LAURYN\" \/>\n<meta property=\"og:description\" content=\"\u0418\u043d\u0444\u043e\u0440\u043c\u0430\u0446\u0438\u043e\u043d\u043d\u0430\u044f \u0441\u0438\u0441\u0442\u0435\u043c\u0430 \u043f\u0440\u0435\u0434\u043d\u0430\u0437\u043d\u0430\u0447\u0435\u043d\u0430 \u0434\u043b\u044f \u043b\u0435\u0447\u0435\u0431\u043d\u044b\u0445 \u043a\u0443\u0440\u043e\u0440\u0442\u043e\u0432, \u0441\u0430\u043d\u0430\u0442\u043e\u0440\u0438\u0435\u0432 \u0438 \u043e\u0442\u0435\u043b\u0435\u0439, \u0440\u0435\u0430\u0431\u0438\u043b\u0438\u0442\u0430\u0446\u0438\u043e\u043d\u043d\u044b\u0445 \u043a\u043b\u0438\u043d\u0438\u043a, \u0441\u043f\u0435\u0446\u0438\u0430\u043b\u0438\u0437\u0438\u0440\u043e\u0432\u0430\u043d\u043d\u044b\u0445 \u043b\u0435\u0447\u0435\u0431\u043d\u044b\u0445 \u0443\u0447\u0440\u0435\u0436\u0434\u0435\u043d\u0438\u0439 \u0438 \u0446\u0435\u043d\u0442\u0440\u043e\u0432 \u0440\u0435\u0430\u0431\u0438\u043b\u0438\u0442\u0430\u0446\u0438\u0438 \u0438 \u0444\u0438\u0437\u0438\u043e\u0442\u0435\u0440\u0430\u043f\u0438\u0438.\" \/>\n<meta property=\"og:url\" content=\"https:\/\/www.lauryn.cz\/produkty\/\" \/>\n<meta property=\"og:site_name\" content=\"LAURYN\" \/>\n<meta property=\"article:modified_time\" content=\"2020-04-16T06:18:56+00:00\" \/>\n<meta name=\"twitter:card\" content=\"summary_large_image\" \/>\n<meta name=\"twitter:label1\" content=\"\u041f\u0440\u0438\u043c\u0435\u0440\u043d\u043e\u0435 \u0432\u0440\u0435\u043c\u044f \u0434\u043b\u044f \u0447\u0442\u0435\u043d\u0438\u044f\" \/>\n\t<meta name=\"twitter:data1\" content=\"4 \u043c\u0438\u043d\u0443\u0442\u044b\" \/>\n<script type=\"application\/ld+json\" class=\"yoast-schema-graph\">{\"@context\":\"https:\/\/schema.org\",\"@graph\":[{\"@type\":\"WebPage\",\"@id\":\"https:\/\/www.lauryn.cz\/produkty\/\",\"url\":\"https:\/\/www.lauryn.cz\/produkty\/\",\"name\":\"\u041f\u041e \u0434\u043b\u044f \u043a\u0443\u0440\u043e\u0440\u0442\u043e\u0432 \u0438 \u0440\u0435\u0430\u0431\u0438\u043b\u0438\u0442\u0430\u0446\u0438\u0438 | LAURYN\",\"isPartOf\":{\"@id\":\"https:\/\/www.lauryn.cz\/#website\"},\"datePublished\":\"2016-12-27T12:52:07+00:00\",\"dateModified\":\"2020-04-16T06:18:56+00:00\",\"description\":\"\u0418\u043d\u0444\u043e\u0440\u043c\u0430\u0446\u0438\u043e\u043d\u043d\u0430\u044f \u0441\u0438\u0441\u0442\u0435\u043c\u0430 \u043f\u0440\u0435\u0434\u043d\u0430\u0437\u043d\u0430\u0447\u0435\u043d\u0430 \u0434\u043b\u044f \u043b\u0435\u0447\u0435\u0431\u043d\u044b\u0445 \u043a\u0443\u0440\u043e\u0440\u0442\u043e\u0432, \u0441\u0430\u043d\u0430\u0442\u043e\u0440\u0438\u0435\u0432 \u0438 \u043e\u0442\u0435\u043b\u0435\u0439, \u0440\u0435\u0430\u0431\u0438\u043b\u0438\u0442\u0430\u0446\u0438\u043e\u043d\u043d\u044b\u0445 \u043a\u043b\u0438\u043d\u0438\u043a, \u0441\u043f\u0435\u0446\u0438\u0430\u043b\u0438\u0437\u0438\u0440\u043e\u0432\u0430\u043d\u043d\u044b\u0445 \u043b\u0435\u0447\u0435\u0431\u043d\u044b\u0445 \u0443\u0447\u0440\u0435\u0436\u0434\u0435\u043d\u0438\u0439 \u0438 \u0446\u0435\u043d\u0442\u0440\u043e\u0432 \u0440\u0435\u0430\u0431\u0438\u043b\u0438\u0442\u0430\u0446\u0438\u0438 \u0438 \u0444\u0438\u0437\u0438\u043e\u0442\u0435\u0440\u0430\u043f\u0438\u0438.\",\"breadcrumb\":{\"@id\":\"https:\/\/www.lauryn.cz\/produkty\/#breadcrumb\"},\"inLanguage\":\"ru-RU\",\"potentialAction\":[{\"@type\":\"ReadAction\",\"target\":[\"https:\/\/www.lauryn.cz\/produkty\/\"]}]},{\"@type\":\"BreadcrumbList\",\"@id\":\"https:\/\/www.lauryn.cz\/produkty\/#breadcrumb\",\"itemListElement\":[{\"@type\":\"ListItem\",\"position\":1,\"name\":\"Dom\u016f\",\"item\":\"https:\/\/www.lauryn.cz\/\"},{\"@type\":\"ListItem\",\"position\":2,\"name\":\"\u041f\u0440\u043e\u0434\u0443\u043a\u0442\u044b\"}]},{\"@type\":\"WebSite\",\"@id\":\"https:\/\/www.lauryn.cz\/#website\",\"url\":\"https:\/\/www.lauryn.cz\/\",\"name\":\"LAURYN\",\"description\":\"Informa\u010dn\u00ed syst\u00e9my pro l\u00e1ze\u0148sk\u00e1 a rehabilita\u010dn\u00ed za\u0159\u00edzen\u00ed\",\"potentialAction\":[{\"@type\":\"SearchAction\",\"target\":{\"@type\":\"EntryPoint\",\"urlTemplate\":\"https:\/\/www.lauryn.cz\/?s={search_term_string}\"},\"query-input\":{\"@type\":\"PropertyValueSpecification\",\"valueRequired\":true,\"valueName\":\"search_term_string\"}}],\"inLanguage\":\"ru-RU\"}]}<\/script>\n<!-- \/ Yoast SEO plugin. -->","yoast_head_json":{"title":"\u041f\u041e \u0434\u043b\u044f \u043a\u0443\u0440\u043e\u0440\u0442\u043e\u0432 \u0438 \u0440\u0435\u0430\u0431\u0438\u043b\u0438\u0442\u0430\u0446\u0438\u0438 | LAURYN","description":"\u0418\u043d\u0444\u043e\u0440\u043c\u0430\u0446\u0438\u043e\u043d\u043d\u0430\u044f \u0441\u0438\u0441\u0442\u0435\u043c\u0430 \u043f\u0440\u0435\u0434\u043d\u0430\u0437\u043d\u0430\u0447\u0435\u043d\u0430 \u0434\u043b\u044f \u043b\u0435\u0447\u0435\u0431\u043d\u044b\u0445 \u043a\u0443\u0440\u043e\u0440\u0442\u043e\u0432, \u0441\u0430\u043d\u0430\u0442\u043e\u0440\u0438\u0435\u0432 \u0438 \u043e\u0442\u0435\u043b\u0435\u0439, \u0440\u0435\u0430\u0431\u0438\u043b\u0438\u0442\u0430\u0446\u0438\u043e\u043d\u043d\u044b\u0445 \u043a\u043b\u0438\u043d\u0438\u043a, \u0441\u043f\u0435\u0446\u0438\u0430\u043b\u0438\u0437\u0438\u0440\u043e\u0432\u0430\u043d\u043d\u044b\u0445 \u043b\u0435\u0447\u0435\u0431\u043d\u044b\u0445 \u0443\u0447\u0440\u0435\u0436\u0434\u0435\u043d\u0438\u0439 \u0438 \u0446\u0435\u043d\u0442\u0440\u043e\u0432 \u0440\u0435\u0430\u0431\u0438\u043b\u0438\u0442\u0430\u0446\u0438\u0438 \u0438 \u0444\u0438\u0437\u0438\u043e\u0442\u0435\u0440\u0430\u043f\u0438\u0438.","robots":{"index":"index","follow":"follow","max-snippet":"max-snippet:-1","max-image-preview":"max-image-preview:large","max-video-preview":"max-video-preview:-1"},"canonical":"https:\/\/www.lauryn.cz\/produkty\/","og_locale":"ru_RU","og_type":"article","og_title":"\u041f\u041e \u0434\u043b\u044f \u043a\u0443\u0440\u043e\u0440\u0442\u043e\u0432 \u0438 \u0440\u0435\u0430\u0431\u0438\u043b\u0438\u0442\u0430\u0446\u0438\u0438 | LAURYN","og_description":"\u0418\u043d\u0444\u043e\u0440\u043c\u0430\u0446\u0438\u043e\u043d\u043d\u0430\u044f \u0441\u0438\u0441\u0442\u0435\u043c\u0430 \u043f\u0440\u0435\u0434\u043d\u0430\u0437\u043d\u0430\u0447\u0435\u043d\u0430 \u0434\u043b\u044f \u043b\u0435\u0447\u0435\u0431\u043d\u044b\u0445 \u043a\u0443\u0440\u043e\u0440\u0442\u043e\u0432, \u0441\u0430\u043d\u0430\u0442\u043e\u0440\u0438\u0435\u0432 \u0438 \u043e\u0442\u0435\u043b\u0435\u0439, \u0440\u0435\u0430\u0431\u0438\u043b\u0438\u0442\u0430\u0446\u0438\u043e\u043d\u043d\u044b\u0445 \u043a\u043b\u0438\u043d\u0438\u043a, \u0441\u043f\u0435\u0446\u0438\u0430\u043b\u0438\u0437\u0438\u0440\u043e\u0432\u0430\u043d\u043d\u044b\u0445 \u043b\u0435\u0447\u0435\u0431\u043d\u044b\u0445 \u0443\u0447\u0440\u0435\u0436\u0434\u0435\u043d\u0438\u0439 \u0438 \u0446\u0435\u043d\u0442\u0440\u043e\u0432 \u0440\u0435\u0430\u0431\u0438\u043b\u0438\u0442\u0430\u0446\u0438\u0438 \u0438 \u0444\u0438\u0437\u0438\u043e\u0442\u0435\u0440\u0430\u043f\u0438\u0438.","og_url":"https:\/\/www.lauryn.cz\/produkty\/","og_site_name":"LAURYN","article_modified_time":"2020-04-16T06:18:56+00:00","twitter_card":"summary_large_image","twitter_misc":{"\u041f\u0440\u0438\u043c\u0435\u0440\u043d\u043e\u0435 \u0432\u0440\u0435\u043c\u044f \u0434\u043b\u044f \u0447\u0442\u0435\u043d\u0438\u044f":"4 \u043c\u0438\u043d\u0443\u0442\u044b"},"schema":{"@context":"https:\/\/schema.org","@graph":[{"@type":"WebPage","@id":"https:\/\/www.lauryn.cz\/produkty\/","url":"https:\/\/www.lauryn.cz\/produkty\/","name":"\u041f\u041e \u0434\u043b\u044f \u043a\u0443\u0440\u043e\u0440\u0442\u043e\u0432 \u0438 \u0440\u0435\u0430\u0431\u0438\u043b\u0438\u0442\u0430\u0446\u0438\u0438 | LAURYN","isPartOf":{"@id":"https:\/\/www.lauryn.cz\/#website"},"datePublished":"2016-12-27T12:52:07+00:00","dateModified":"2020-04-16T06:18:56+00:00","description":"\u0418\u043d\u0444\u043e\u0440\u043c\u0430\u0446\u0438\u043e\u043d\u043d\u0430\u044f \u0441\u0438\u0441\u0442\u0435\u043c\u0430 \u043f\u0440\u0435\u0434\u043d\u0430\u0437\u043d\u0430\u0447\u0435\u043d\u0430 \u0434\u043b\u044f \u043b\u0435\u0447\u0435\u0431\u043d\u044b\u0445 \u043a\u0443\u0440\u043e\u0440\u0442\u043e\u0432, \u0441\u0430\u043d\u0430\u0442\u043e\u0440\u0438\u0435\u0432 \u0438 \u043e\u0442\u0435\u043b\u0435\u0439, \u0440\u0435\u0430\u0431\u0438\u043b\u0438\u0442\u0430\u0446\u0438\u043e\u043d\u043d\u044b\u0445 \u043a\u043b\u0438\u043d\u0438\u043a, \u0441\u043f\u0435\u0446\u0438\u0430\u043b\u0438\u0437\u0438\u0440\u043e\u0432\u0430\u043d\u043d\u044b\u0445 \u043b\u0435\u0447\u0435\u0431\u043d\u044b\u0445 \u0443\u0447\u0440\u0435\u0436\u0434\u0435\u043d\u0438\u0439 \u0438 \u0446\u0435\u043d\u0442\u0440\u043e\u0432 \u0440\u0435\u0430\u0431\u0438\u043b\u0438\u0442\u0430\u0446\u0438\u0438 \u0438 \u0444\u0438\u0437\u0438\u043e\u0442\u0435\u0440\u0430\u043f\u0438\u0438.","breadcrumb":{"@id":"https:\/\/www.lauryn.cz\/produkty\/#breadcrumb"},"inLanguage":"ru-RU","potentialAction":[{"@type":"ReadAction","target":["https:\/\/www.lauryn.cz\/produkty\/"]}]},{"@type":"BreadcrumbList","@id":"https:\/\/www.lauryn.cz\/produkty\/#breadcrumb","itemListElement":[{"@type":"ListItem","position":1,"name":"Dom\u016f","item":"https:\/\/www.lauryn.cz\/"},{"@type":"ListItem","position":2,"name":"\u041f\u0440\u043e\u0434\u0443\u043a\u0442\u044b"}]},{"@type":"WebSite","@id":"https:\/\/www.lauryn.cz\/#website","url":"https:\/\/www.lauryn.cz\/","name":"LAURYN","description":"Informa\u010dn\u00ed syst\u00e9my pro l\u00e1ze\u0148sk\u00e1 a rehabilita\u010dn\u00ed za\u0159\u00edzen\u00ed","potentialAction":[{"@type":"SearchAction","target":{"@type":"EntryPoint","urlTemplate":"https:\/\/www.lauryn.cz\/?s={search_term_string}"},"query-input":{"@type":"PropertyValueSpecification","valueRequired":true,"valueName":"search_term_string"}}],"inLanguage":"ru-RU"}]}},"_links":{"self":[{"href":"https:\/\/www.lauryn.cz\/ru\/wp-json\/wp\/v2\/pages\/12324"}],"collection":[{"href":"https:\/\/www.lauryn.cz\/ru\/wp-json\/wp\/v2\/pages"}],"about":[{"href":"https:\/\/www.lauryn.cz\/ru\/wp-json\/wp\/v2\/types\/page"}],"author":[{"embeddable":true,"href":"https:\/\/www.lauryn.cz\/ru\/wp-json\/wp\/v2\/users\/5"}],"replies":[{"embeddable":true,"href":"https:\/\/www.lauryn.cz\/ru\/wp-json\/wp\/v2\/comments?post=12324"}],"version-history":[{"count":14,"href":"https:\/\/www.lauryn.cz\/ru\/wp-json\/wp\/v2\/pages\/12324\/revisions"}],"predecessor-version":[{"id":13521,"href":"https:\/\/www.lauryn.cz\/ru\/wp-json\/wp\/v2\/pages\/12324\/revisions\/13521"}],"wp:attachment":[{"href":"https:\/\/www.lauryn.cz\/ru\/wp-json\/wp\/v2\/media?parent=12324"}],"curies":[{"name":"wp","href":"https:\/\/api.w.org\/{rel}","templated":true}]}}