{"id":12326,"date":"2016-12-27T13:55:44","date_gmt":"2016-12-27T12:55:44","guid":{"rendered":"http:\/\/www.lauryn.cz\/ru\/?page_id=12326"},"modified":"2020-03-31T11:06:00","modified_gmt":"2020-03-31T10:06:00","slug":"%d0%ba%d0%b0%d1%80%d1%8c%d0%b5%d1%80%d0%b0","status":"publish","type":"page","link":"https:\/\/www.lauryn.cz\/ru\/%d0%ba%d0%b0%d1%80%d1%8c%d0%b5%d1%80%d0%b0\/","title":{"rendered":"\u041a\u0430\u0440\u044c\u0435\u0440\u0430"},"content":{"rendered":"<p><div class=\"fusion-fullwidth fullwidth-box fusion-builder-row-1 nonhundred-percent-fullwidth non-hundred-percent-height-scrolling\" style=\"--awb-border-radius-top-left:0px;--awb-border-radius-top-right:0px;--awb-border-radius-bottom-right:0px;--awb-border-radius-bottom-left:0px;--awb-padding-top:20px;--awb-padding-bottom:20px;--awb-flex-wrap:wrap;\" ><div class=\"fusion-builder-row fusion-row\"><div class=\"fusion-layout-column fusion_builder_column fusion-builder-column-0 fusion_builder_column_1_1 1_1 fusion-one-full fusion-column-first fusion-column-last\" style=\"--awb-bg-size:cover;\"><div class=\"fusion-column-wrapper fusion-flex-column-wrapper-legacy\"><div class=\"fusion-title title fusion-title-1 fusion-sep-none fusion-title-center fusion-title-text fusion-title-size-one\" style=\"--awb-sep-color:#ff9800;\"><h1 class=\"fusion-title-heading title-heading-center fusion-responsive-typography-calculated\" style=\"margin:0;--fontSize:40;line-height:1.4;\">\u041a\u0430\u0440\u044c\u0435\u0440\u0430<\/h1><\/div><div class=\"fusion-clearfix\"><\/div><\/div><\/div><div class=\"fusion-layout-column fusion_builder_column fusion-builder-column-1 fusion_builder_column_2_3 2_3 fusion-two-third fusion-column-first\" style=\"--awb-bg-size:cover;width:66.666666666667%;width:calc(66.666666666667% - ( ( 4% ) * 0.66666666666667 ) );margin-right: 4%;\"><div class=\"fusion-column-wrapper fusion-flex-column-wrapper-legacy\"><div class=\"fusion-text fusion-text-1\"><p>\u0412 \u043d\u0430\u0441\u0442\u043e\u044f\u0449\u0435\u0435 \u0432\u0440\u0435\u043c\u044f \u0443 \u043d\u0430\u0441 \u043d\u0435\u0442 \u043d\u0438\u043a\u0430\u043a\u0438\u0445 \u0432\u0430\u043a\u0430\u043d\u0441\u0438\u0439. \u0412 \u0441\u043b\u0443\u0447\u0430\u0435 \u0437\u0430\u0438\u043d\u0442\u0435\u0440\u0435\u0441\u043e\u0432\u0430\u043d\u043d\u043e\u0441\u0442\u0438 \u043e\u0442\u043d\u043e\u0441\u0438\u0442\u0435\u043b\u044c\u043d\u043e \u0432\u043a\u043b\u044e\u0447\u0435\u043d\u0438\u044f \u0432 \u0431\u0430\u0437\u0443 \u0434\u0430\u043d\u043d\u044b\u0445 \u043f\u043e\u0442\u0435\u043d\u0446\u0438\u0430\u043b\u044c\u043d\u044b\u0445 \u0447\u043b\u0435\u043d\u043e\u0432 \u043d\u0430\u0448\u0435\u0439 \u043a\u043e\u043c\u0430\u043d\u0434\u044b, \u043f\u043e\u0436\u0430\u043b\u0443\u0439\u0441\u0442\u0430, \u0437\u0430\u043f\u043e\u043b\u043d\u0438\u0442\u0435 \u043d\u0438\u0436\u0435\u043f\u0440\u0438\u0432\u0435\u0434\u0451\u043d\u043d\u0443\u044e \u0444\u043e\u0440\u043c\u0443 \u0434\u043b\u044f \u043e\u0442\u0432\u0435\u0442\u0430. \u041c\u044b \u0441\u0432\u044f\u0436\u0435\u043c\u0441\u044f \u0441 \u0412\u0430\u043c\u0438, \u0438 \u0431\u0443\u0434\u0435\u043c \u0438\u043d\u0444\u043e\u0440\u043c\u0438\u0440\u043e\u0432\u0430\u0442\u044c \u0412\u0430\u0441 o \u0442\u0435\u043a\u0443\u0449\u0438\u0445 \u0432\u0430\u043a\u0430\u043d\u0441\u0438\u044f\u0445.<\/p>\n<\/div><div class=\"fusion-clearfix\"><\/div><\/div><\/div><div class=\"fusion-layout-column fusion_builder_column fusion-builder-column-2 fusion_builder_column_1_3 1_3 fusion-one-third fusion-column-last\" style=\"--awb-bg-size:cover;width:33.333333333333%;width:calc(33.333333333333% - ( ( 4% ) * 0.33333333333333 ) );\"><div class=\"fusion-column-wrapper fusion-flex-column-wrapper-legacy\"><div class=\"fusion-image-element in-legacy-container\" style=\"--awb-caption-title-font-family:var(--h2_typography-font-family);--awb-caption-title-font-weight:var(--h2_typography-font-weight);--awb-caption-title-font-style:var(--h2_typography-font-style);--awb-caption-title-size:var(--h2_typography-font-size);--awb-caption-title-transform:var(--h2_typography-text-transform);--awb-caption-title-line-height:var(--h2_typography-line-height);--awb-caption-title-letter-spacing:var(--h2_typography-letter-spacing);\"><span class=\" fusion-imageframe imageframe-none imageframe-1 hover-type-zoomin\"><img decoding=\"async\" width=\"300\" height=\"200\" alt=\"Kari\u00e9ra\" title=\"kariera\" src=\"https:\/\/www.lauryn.cz\/wp-content\/uploads\/2016\/12\/kariera-300x200.jpg\" class=\"img-responsive wp-image-14251\" srcset=\"https:\/\/www.lauryn.cz\/wp-content\/uploads\/2016\/12\/kariera-200x133.jpg 200w, https:\/\/www.lauryn.cz\/wp-content\/uploads\/2016\/12\/kariera-400x267.jpg 400w, https:\/\/www.lauryn.cz\/wp-content\/uploads\/2016\/12\/kariera-600x400.jpg 600w, https:\/\/www.lauryn.cz\/wp-content\/uploads\/2016\/12\/kariera-800x533.jpg 800w, https:\/\/www.lauryn.cz\/wp-content\/uploads\/2016\/12\/kariera-1200x800.jpg 1200w, https:\/\/www.lauryn.cz\/wp-content\/uploads\/2016\/12\/kariera.jpg 1920w\" sizes=\"(max-width: 800px) 100vw, 400px\" \/><\/span><\/div><div class=\"fusion-clearfix\"><\/div><\/div><\/div><\/div><\/div><div class=\"fusion-fullwidth fullwidth-box fusion-builder-row-2 nonhundred-percent-fullwidth non-hundred-percent-height-scrolling\" style=\"--awb-border-radius-top-left:0px;--awb-border-radius-top-right:0px;--awb-border-radius-bottom-right:0px;--awb-border-radius-bottom-left:0px;--awb-padding-top:20px;--awb-padding-bottom:20px;--awb-flex-wrap:wrap;\" ><div class=\"fusion-builder-row fusion-row\"><div class=\"fusion-layout-column fusion_builder_column fusion-builder-column-3 fusion_builder_column_1_1 1_1 fusion-one-full fusion-column-first fusion-column-last\" style=\"--awb-bg-size:cover;\"><div class=\"fusion-column-wrapper fusion-flex-column-wrapper-legacy\"><div class=\"fusion-title title fusion-title-2 fusion-sep-none fusion-title-text fusion-title-size-two\"><h2 class=\"fusion-title-heading title-heading-left fusion-responsive-typography-calculated\" style=\"margin:0;--fontSize:28;line-height:1.5;\"><strong>\u041a\u043e\u043d\u0442\u0430\u043a\u0442\u043d\u0430\u044f \u0444\u043e\u0440\u043c\u0430<\/strong><\/h2><\/div>\n<div class=\"wpcf7 no-js\" id=\"wpcf7-f12428-o1\" lang=\"cs-CZ\" dir=\"ltr\">\n<div class=\"screen-reader-response\"><p role=\"status\" aria-live=\"polite\" aria-atomic=\"true\"><\/p> <ul><\/ul><\/div>\n<form action=\"\/ru\/wp-json\/wp\/v2\/pages\/12326#wpcf7-f12428-o1\" method=\"post\" class=\"wpcf7-form init\" aria-label=\"Kontaktn\u00ed formul\u00e1\u0159\" enctype=\"multipart\/form-data\" novalidate=\"novalidate\" data-status=\"init\">\n<div style=\"display: none;\">\n<input type=\"hidden\" name=\"_wpcf7\" value=\"12428\" \/>\n<input type=\"hidden\" name=\"_wpcf7_version\" value=\"5.9.8\" \/>\n<input type=\"hidden\" name=\"_wpcf7_locale\" value=\"cs_CZ\" \/>\n<input type=\"hidden\" name=\"_wpcf7_unit_tag\" value=\"wpcf7-f12428-o1\" \/>\n<input type=\"hidden\" name=\"_wpcf7_container_post\" value=\"0\" \/>\n<input type=\"hidden\" name=\"_wpcf7_posted_data_hash\" value=\"\" \/>\n<input type=\"hidden\" name=\"_wpcf7_recaptcha_response\" value=\"\" \/>\n<\/div>\n<p><label> \u0412\u0430\u0448\u0435 \u0424\u0418\u041e (\u043e\u0431\u044f\u0437\u0430\u0442\u0435\u043b\u044c\u043d\u043e)<br \/>\n<span class=\"wpcf7-form-control-wrap\" data-name=\"your-name\"><input size=\"40\" maxlength=\"400\" class=\"wpcf7-form-control wpcf7-text wpcf7-validates-as-required\" aria-required=\"true\" aria-invalid=\"false\" value=\"\" type=\"text\" name=\"your-name\" \/><\/span> <\/label>\n<\/p>\n<p><label> \u0412\u0430\u0448 \u0430\u0434\u0440\u0435\u0441 \u044d\u043b\u0435\u043a\u0442\u0440\u043e\u043d\u043d\u043e\u0439 \u043f\u043e\u0447\u0442\u044b (\u043e\u0431\u044f\u0437\u0430\u0442\u0435\u043b\u044c\u043d\u043e)<br \/>\n<span class=\"wpcf7-form-control-wrap\" data-name=\"your-email\"><input size=\"40\" maxlength=\"400\" class=\"wpcf7-form-control wpcf7-email wpcf7-validates-as-required wpcf7-text wpcf7-validates-as-email\" aria-required=\"true\" aria-invalid=\"false\" value=\"\" type=\"email\" name=\"your-email\" \/><\/span> <\/label>\n<\/p>\n<p><label> \u041f\u0440\u0435\u0434\u043c\u0435\u0442<br \/>\n<span class=\"wpcf7-form-control-wrap\" data-name=\"your-subject\"><input size=\"40\" maxlength=\"400\" class=\"wpcf7-form-control wpcf7-text\" aria-invalid=\"false\" value=\"\" type=\"text\" name=\"your-subject\" \/><\/span> <\/label>\n<\/p>\n<p><label> \u041c\u0435\u043d\u044f \u0438\u043d\u0442\u0435\u0440\u0435\u0441\u0443\u0435\u0442 \u0440\u0430\u0431\u043e\u0442\u0430 \u0432<br \/>\n<span class=\"wpcf7-form-control-wrap\" data-name=\"pozice\"><select class=\"wpcf7-form-control wpcf7-select wpcf7-validates-as-required\" aria-required=\"true\" aria-invalid=\"false\" name=\"pozice\"><option value=\"\u0420\u0430\u0437\u0440\u0430\u0431\u043e\u0442\u043a\u0438 \u0438 \u043f\u0440\u043e\u0433\u0440\u0430\u043c\u043c\u0438\u0440\u043e\u0432\u0430\u043d\u0438\u0435\">\u0420\u0430\u0437\u0440\u0430\u0431\u043e\u0442\u043a\u0438 \u0438 \u043f\u0440\u043e\u0433\u0440\u0430\u043c\u043c\u0438\u0440\u043e\u0432\u0430\u043d\u0438\u0435<\/option><option value=\"\u041a\u043e\u043d\u0441\u0443\u043b\u044c\u0442\u0430\u0446\u0438\u0438 \u0438 \u043f\u043e\u0434\u0434\u0435\u0440\u0436\u043a\u0430 \u043f\u043e\u043b\u044c\u0437\u043e\u0432\u0430\u0442\u0435\u043b\u0435\u0439 \u0418\u0421\">\u041a\u043e\u043d\u0441\u0443\u043b\u044c\u0442\u0430\u0446\u0438\u0438 \u0438 \u043f\u043e\u0434\u0434\u0435\u0440\u0436\u043a\u0430 \u043f\u043e\u043b\u044c\u0437\u043e\u0432\u0430\u0442\u0435\u043b\u0435\u0439 \u0418\u0421<\/option><\/select><\/span> <\/label>\n<\/p>\n<p><label> \u0412\u0430\u0448\u0435 \u0441\u043e\u043e\u0431\u0449\u0435\u043d\u0438\u0435<br \/>\n<span class=\"wpcf7-form-control-wrap\" data-name=\"your-message\"><textarea cols=\"40\" rows=\"10\" maxlength=\"2000\" class=\"wpcf7-form-control wpcf7-textarea\" aria-invalid=\"false\" name=\"your-message\"><\/textarea><\/span> <\/label>\n<\/p>\n<p><label> \u0412\u044b \u043c\u043e\u0436\u0435\u0442\u0435 \u043f\u0440\u0438\u0441\u043e\u0435\u0434\u0438\u043d\u0438\u0442\u044c \u0412\u0430\u0448\u0435 CV (\u043c\u0430\u043a\u0441. \u0440\u0430\u0437\u043c\u0435\u0440 \u0444\u0430\u0439\u043b\u0430 5 \u041c\u0411)<br \/>\n<span class=\"wpcf7-form-control-wrap\" data-name=\"zivotopis\"><input size=\"40\" class=\"wpcf7-form-control wpcf7-file\" accept=\"audio\/*,video\/*,image\/*\" aria-invalid=\"false\" type=\"file\" name=\"zivotopis\" \/><\/span> <\/label>\n<\/p>\n\n<p><input class=\"wpcf7-form-control wpcf7-submit has-spinner\" type=\"submit\" value=\"\u041e\u0422\u041f\u0420\u0410\u0412\u0418\u0422\u042c\" \/>\n<\/p><div class=\"fusion-alert alert custom alert-custom fusion-alert-center wpcf7-response-output awb-alert-native-link-color alert-dismissable awb-alert-close-boxed\" style=\"--awb-border-size:1px;--awb-border-top-left-radius:0px;--awb-border-top-right-radius:0px;--awb-border-bottom-left-radius:0px;--awb-border-bottom-right-radius:0px;\" role=\"alert\"><div class=\"fusion-alert-content-wrapper\"><span class=\"fusion-alert-content\"><\/span><\/div><button type=\"button\" class=\"close toggle-alert\" data-dismiss=\"alert\" aria-label=\"Close\">&times;<\/button><\/div>\n<\/form>\n<\/div>\n<div class=\"fusion-clearfix\"><\/div><\/div><\/div><\/div><\/div><\/p>\n","protected":false},"excerpt":{"rendered":"","protected":false},"author":5,"featured_media":0,"parent":0,"menu_order":0,"comment_status":"closed","ping_status":"closed","template":"","meta":{"footnotes":""},"class_list":["post-12326","page","type-page","status-publish","hentry"],"yoast_head":"<!-- This site is optimized with the Yoast SEO plugin v23.6 - https:\/\/yoast.com\/wordpress\/plugins\/seo\/ -->\n<title>\u041a\u0430\u0440\u044c\u0435\u0440\u0430 | LAURYN<\/title>\n<meta name=\"description\" content=\"\u041f\u043e\u0441\u043c\u043e\u0442\u0440\u0438\u0442\u0435 \u043d\u0430 \u0430\u043a\u0442\u0443\u0430\u043b\u044c\u043d\u044b\u0435 \u0432\u0430\u043a\u0430\u043d\u0441\u0438\u0438 \u0441 \u0430\u043a\u0446\u0435\u043d\u0442\u043e\u043c \u043d\u0430 \u0440\u0430\u0437\u0440\u0430\u0431\u043e\u0442\u043a\u0443 \u0438 \u0432\u043d\u0435\u0434\u0440\u0435\u043d\u0438\u0435 \u0438\u043d\u0444\u043e\u0440\u043c\u0430\u0446\u0438\u043e\u043d\u043d\u044b\u0445 \u0441\u0438\u0441\u0442\u0435\u043c \u0434\u043b\u044f \u0441\u0430\u043d\u0430\u0442\u043e\u0440\u043d\u043e-\u043a\u0443\u0440\u043e\u0440\u0442\u043d\u044b\u0445 \u0438 \u0440\u0435\u0430\u0431\u0438\u043b\u0438\u0442\u0430\u0446\u0438\u043e\u043d\u043d\u044b\u0445 \u0443\u0447\u0440\u0435\u0436\u0434\u0435\u043d\u0438\u0439.\" \/>\n<meta name=\"robots\" content=\"index, follow, max-snippet:-1, max-image-preview:large, max-video-preview:-1\" \/>\n<link rel=\"canonical\" href=\"https:\/\/www.lauryn.cz\/kariera\/\" \/>\n<meta property=\"og:locale\" content=\"ru_RU\" \/>\n<meta property=\"og:type\" content=\"article\" \/>\n<meta property=\"og:title\" content=\"\u041a\u0430\u0440\u044c\u0435\u0440\u0430 | LAURYN\" \/>\n<meta property=\"og:description\" content=\"\u041f\u043e\u0441\u043c\u043e\u0442\u0440\u0438\u0442\u0435 \u043d\u0430 \u0430\u043a\u0442\u0443\u0430\u043b\u044c\u043d\u044b\u0435 \u0432\u0430\u043a\u0430\u043d\u0441\u0438\u0438 \u0441 \u0430\u043a\u0446\u0435\u043d\u0442\u043e\u043c \u043d\u0430 \u0440\u0430\u0437\u0440\u0430\u0431\u043e\u0442\u043a\u0443 \u0438 \u0432\u043d\u0435\u0434\u0440\u0435\u043d\u0438\u0435 \u0438\u043d\u0444\u043e\u0440\u043c\u0430\u0446\u0438\u043e\u043d\u043d\u044b\u0445 \u0441\u0438\u0441\u0442\u0435\u043c \u0434\u043b\u044f \u0441\u0430\u043d\u0430\u0442\u043e\u0440\u043d\u043e-\u043a\u0443\u0440\u043e\u0440\u0442\u043d\u044b\u0445 \u0438 \u0440\u0435\u0430\u0431\u0438\u043b\u0438\u0442\u0430\u0446\u0438\u043e\u043d\u043d\u044b\u0445 \u0443\u0447\u0440\u0435\u0436\u0434\u0435\u043d\u0438\u0439.\" \/>\n<meta property=\"og:url\" content=\"https:\/\/www.lauryn.cz\/kariera\/\" \/>\n<meta property=\"og:site_name\" content=\"LAURYN\" \/>\n<meta property=\"article:modified_time\" content=\"2020-03-31T10:06:00+00:00\" \/>\n<meta name=\"twitter:card\" content=\"summary_large_image\" \/>\n<meta name=\"twitter:label1\" content=\"\u041f\u0440\u0438\u043c\u0435\u0440\u043d\u043e\u0435 \u0432\u0440\u0435\u043c\u044f \u0434\u043b\u044f \u0447\u0442\u0435\u043d\u0438\u044f\" \/>\n\t<meta name=\"twitter:data1\" content=\"2 \u043c\u0438\u043d\u0443\u0442\u044b\" \/>\n<script type=\"application\/ld+json\" class=\"yoast-schema-graph\">{\"@context\":\"https:\/\/schema.org\",\"@graph\":[{\"@type\":\"WebPage\",\"@id\":\"https:\/\/www.lauryn.cz\/kariera\/\",\"url\":\"https:\/\/www.lauryn.cz\/kariera\/\",\"name\":\"\u041a\u0430\u0440\u044c\u0435\u0440\u0430 | LAURYN\",\"isPartOf\":{\"@id\":\"https:\/\/www.lauryn.cz\/#website\"},\"datePublished\":\"2016-12-27T12:55:44+00:00\",\"dateModified\":\"2020-03-31T10:06:00+00:00\",\"description\":\"\u041f\u043e\u0441\u043c\u043e\u0442\u0440\u0438\u0442\u0435 \u043d\u0430 \u0430\u043a\u0442\u0443\u0430\u043b\u044c\u043d\u044b\u0435 \u0432\u0430\u043a\u0430\u043d\u0441\u0438\u0438 \u0441 \u0430\u043a\u0446\u0435\u043d\u0442\u043e\u043c \u043d\u0430 \u0440\u0430\u0437\u0440\u0430\u0431\u043e\u0442\u043a\u0443 \u0438 \u0432\u043d\u0435\u0434\u0440\u0435\u043d\u0438\u0435 \u0438\u043d\u0444\u043e\u0440\u043c\u0430\u0446\u0438\u043e\u043d\u043d\u044b\u0445 \u0441\u0438\u0441\u0442\u0435\u043c \u0434\u043b\u044f \u0441\u0430\u043d\u0430\u0442\u043e\u0440\u043d\u043e-\u043a\u0443\u0440\u043e\u0440\u0442\u043d\u044b\u0445 \u0438 \u0440\u0435\u0430\u0431\u0438\u043b\u0438\u0442\u0430\u0446\u0438\u043e\u043d\u043d\u044b\u0445 \u0443\u0447\u0440\u0435\u0436\u0434\u0435\u043d\u0438\u0439.\",\"breadcrumb\":{\"@id\":\"https:\/\/www.lauryn.cz\/kariera\/#breadcrumb\"},\"inLanguage\":\"ru-RU\",\"potentialAction\":[{\"@type\":\"ReadAction\",\"target\":[\"https:\/\/www.lauryn.cz\/kariera\/\"]}]},{\"@type\":\"BreadcrumbList\",\"@id\":\"https:\/\/www.lauryn.cz\/kariera\/#breadcrumb\",\"itemListElement\":[{\"@type\":\"ListItem\",\"position\":1,\"name\":\"Dom\u016f\",\"item\":\"https:\/\/www.lauryn.cz\/\"},{\"@type\":\"ListItem\",\"position\":2,\"name\":\"\u041a\u0430\u0440\u044c\u0435\u0440\u0430\"}]},{\"@type\":\"WebSite\",\"@id\":\"https:\/\/www.lauryn.cz\/#website\",\"url\":\"https:\/\/www.lauryn.cz\/\",\"name\":\"LAURYN\",\"description\":\"Informa\u010dn\u00ed syst\u00e9my pro l\u00e1ze\u0148sk\u00e1 a rehabilita\u010dn\u00ed za\u0159\u00edzen\u00ed\",\"potentialAction\":[{\"@type\":\"SearchAction\",\"target\":{\"@type\":\"EntryPoint\",\"urlTemplate\":\"https:\/\/www.lauryn.cz\/?s={search_term_string}\"},\"query-input\":{\"@type\":\"PropertyValueSpecification\",\"valueRequired\":true,\"valueName\":\"search_term_string\"}}],\"inLanguage\":\"ru-RU\"}]}<\/script>\n<!-- \/ Yoast SEO plugin. -->","yoast_head_json":{"title":"\u041a\u0430\u0440\u044c\u0435\u0440\u0430 | LAURYN","description":"\u041f\u043e\u0441\u043c\u043e\u0442\u0440\u0438\u0442\u0435 \u043d\u0430 \u0430\u043a\u0442\u0443\u0430\u043b\u044c\u043d\u044b\u0435 \u0432\u0430\u043a\u0430\u043d\u0441\u0438\u0438 \u0441 \u0430\u043a\u0446\u0435\u043d\u0442\u043e\u043c \u043d\u0430 \u0440\u0430\u0437\u0440\u0430\u0431\u043e\u0442\u043a\u0443 \u0438 \u0432\u043d\u0435\u0434\u0440\u0435\u043d\u0438\u0435 \u0438\u043d\u0444\u043e\u0440\u043c\u0430\u0446\u0438\u043e\u043d\u043d\u044b\u0445 \u0441\u0438\u0441\u0442\u0435\u043c \u0434\u043b\u044f \u0441\u0430\u043d\u0430\u0442\u043e\u0440\u043d\u043e-\u043a\u0443\u0440\u043e\u0440\u0442\u043d\u044b\u0445 \u0438 \u0440\u0435\u0430\u0431\u0438\u043b\u0438\u0442\u0430\u0446\u0438\u043e\u043d\u043d\u044b\u0445 \u0443\u0447\u0440\u0435\u0436\u0434\u0435\u043d\u0438\u0439.","robots":{"index":"index","follow":"follow","max-snippet":"max-snippet:-1","max-image-preview":"max-image-preview:large","max-video-preview":"max-video-preview:-1"},"canonical":"https:\/\/www.lauryn.cz\/kariera\/","og_locale":"ru_RU","og_type":"article","og_title":"\u041a\u0430\u0440\u044c\u0435\u0440\u0430 | LAURYN","og_description":"\u041f\u043e\u0441\u043c\u043e\u0442\u0440\u0438\u0442\u0435 \u043d\u0430 \u0430\u043a\u0442\u0443\u0430\u043b\u044c\u043d\u044b\u0435 \u0432\u0430\u043a\u0430\u043d\u0441\u0438\u0438 \u0441 \u0430\u043a\u0446\u0435\u043d\u0442\u043e\u043c \u043d\u0430 \u0440\u0430\u0437\u0440\u0430\u0431\u043e\u0442\u043a\u0443 \u0438 \u0432\u043d\u0435\u0434\u0440\u0435\u043d\u0438\u0435 \u0438\u043d\u0444\u043e\u0440\u043c\u0430\u0446\u0438\u043e\u043d\u043d\u044b\u0445 \u0441\u0438\u0441\u0442\u0435\u043c \u0434\u043b\u044f \u0441\u0430\u043d\u0430\u0442\u043e\u0440\u043d\u043e-\u043a\u0443\u0440\u043e\u0440\u0442\u043d\u044b\u0445 \u0438 \u0440\u0435\u0430\u0431\u0438\u043b\u0438\u0442\u0430\u0446\u0438\u043e\u043d\u043d\u044b\u0445 \u0443\u0447\u0440\u0435\u0436\u0434\u0435\u043d\u0438\u0439.","og_url":"https:\/\/www.lauryn.cz\/kariera\/","og_site_name":"LAURYN","article_modified_time":"2020-03-31T10:06:00+00:00","twitter_card":"summary_large_image","twitter_misc":{"\u041f\u0440\u0438\u043c\u0435\u0440\u043d\u043e\u0435 \u0432\u0440\u0435\u043c\u044f \u0434\u043b\u044f \u0447\u0442\u0435\u043d\u0438\u044f":"2 \u043c\u0438\u043d\u0443\u0442\u044b"},"schema":{"@context":"https:\/\/schema.org","@graph":[{"@type":"WebPage","@id":"https:\/\/www.lauryn.cz\/kariera\/","url":"https:\/\/www.lauryn.cz\/kariera\/","name":"\u041a\u0430\u0440\u044c\u0435\u0440\u0430 | LAURYN","isPartOf":{"@id":"https:\/\/www.lauryn.cz\/#website"},"datePublished":"2016-12-27T12:55:44+00:00","dateModified":"2020-03-31T10:06:00+00:00","description":"\u041f\u043e\u0441\u043c\u043e\u0442\u0440\u0438\u0442\u0435 \u043d\u0430 \u0430\u043a\u0442\u0443\u0430\u043b\u044c\u043d\u044b\u0435 \u0432\u0430\u043a\u0430\u043d\u0441\u0438\u0438 \u0441 \u0430\u043a\u0446\u0435\u043d\u0442\u043e\u043c \u043d\u0430 \u0440\u0430\u0437\u0440\u0430\u0431\u043e\u0442\u043a\u0443 \u0438 \u0432\u043d\u0435\u0434\u0440\u0435\u043d\u0438\u0435 \u0438\u043d\u0444\u043e\u0440\u043c\u0430\u0446\u0438\u043e\u043d\u043d\u044b\u0445 \u0441\u0438\u0441\u0442\u0435\u043c \u0434\u043b\u044f \u0441\u0430\u043d\u0430\u0442\u043e\u0440\u043d\u043e-\u043a\u0443\u0440\u043e\u0440\u0442\u043d\u044b\u0445 \u0438 \u0440\u0435\u0430\u0431\u0438\u043b\u0438\u0442\u0430\u0446\u0438\u043e\u043d\u043d\u044b\u0445 \u0443\u0447\u0440\u0435\u0436\u0434\u0435\u043d\u0438\u0439.","breadcrumb":{"@id":"https:\/\/www.lauryn.cz\/kariera\/#breadcrumb"},"inLanguage":"ru-RU","potentialAction":[{"@type":"ReadAction","target":["https:\/\/www.lauryn.cz\/kariera\/"]}]},{"@type":"BreadcrumbList","@id":"https:\/\/www.lauryn.cz\/kariera\/#breadcrumb","itemListElement":[{"@type":"ListItem","position":1,"name":"Dom\u016f","item":"https:\/\/www.lauryn.cz\/"},{"@type":"ListItem","position":2,"name":"\u041a\u0430\u0440\u044c\u0435\u0440\u0430"}]},{"@type":"WebSite","@id":"https:\/\/www.lauryn.cz\/#website","url":"https:\/\/www.lauryn.cz\/","name":"LAURYN","description":"Informa\u010dn\u00ed syst\u00e9my pro l\u00e1ze\u0148sk\u00e1 a rehabilita\u010dn\u00ed za\u0159\u00edzen\u00ed","potentialAction":[{"@type":"SearchAction","target":{"@type":"EntryPoint","urlTemplate":"https:\/\/www.lauryn.cz\/?s={search_term_string}"},"query-input":{"@type":"PropertyValueSpecification","valueRequired":true,"valueName":"search_term_string"}}],"inLanguage":"ru-RU"}]}},"_links":{"self":[{"href":"https:\/\/www.lauryn.cz\/ru\/wp-json\/wp\/v2\/pages\/12326"}],"collection":[{"href":"https:\/\/www.lauryn.cz\/ru\/wp-json\/wp\/v2\/pages"}],"about":[{"href":"https:\/\/www.lauryn.cz\/ru\/wp-json\/wp\/v2\/types\/page"}],"author":[{"embeddable":true,"href":"https:\/\/www.lauryn.cz\/ru\/wp-json\/wp\/v2\/users\/5"}],"replies":[{"embeddable":true,"href":"https:\/\/www.lauryn.cz\/ru\/wp-json\/wp\/v2\/comments?post=12326"}],"version-history":[{"count":5,"href":"https:\/\/www.lauryn.cz\/ru\/wp-json\/wp\/v2\/pages\/12326\/revisions"}],"predecessor-version":[{"id":13422,"href":"https:\/\/www.lauryn.cz\/ru\/wp-json\/wp\/v2\/pages\/12326\/revisions\/13422"}],"wp:attachment":[{"href":"https:\/\/www.lauryn.cz\/ru\/wp-json\/wp\/v2\/media?parent=12326"}],"curies":[{"name":"wp","href":"https:\/\/api.w.org\/{rel}","templated":true}]}}