{"id":12330,"date":"2016-12-27T14:00:18","date_gmt":"2016-12-27T13:00:18","guid":{"rendered":"http:\/\/www.lauryn.cz\/ru\/?page_id=12330"},"modified":"2024-09-04T08:13:41","modified_gmt":"2024-09-04T07:13:41","slug":"%d0%b7%d0%b0%d0%b3%d1%80%d1%83%d0%b7%d0%ba%d0%b0","status":"publish","type":"page","link":"https:\/\/www.lauryn.cz\/ru\/%d0%b7%d0%b0%d0%b3%d1%80%d1%83%d0%b7%d0%ba%d0%b0\/","title":{"rendered":"\u0417\u0430\u0433\u0440\u0443\u0437\u043a\u0430"},"content":{"rendered":"<p><div class=\"fusion-fullwidth fullwidth-box fusion-builder-row-1 nonhundred-percent-fullwidth non-hundred-percent-height-scrolling\" style=\"--awb-border-radius-top-left:0px;--awb-border-radius-top-right:0px;--awb-border-radius-bottom-right:0px;--awb-border-radius-bottom-left:0px;--awb-padding-top:20px;--awb-padding-bottom:20px;--awb-flex-wrap:wrap;\" ><div class=\"fusion-builder-row fusion-row\"><div class=\"fusion-layout-column fusion_builder_column fusion-builder-column-0 fusion_builder_column_1_1 1_1 fusion-one-full fusion-column-first fusion-column-last\" style=\"--awb-bg-size:cover;\"><div class=\"fusion-column-wrapper fusion-flex-column-wrapper-legacy\"><div class=\"fusion-title title fusion-title-1 fusion-sep-none fusion-title-center fusion-title-text fusion-title-size-one\" style=\"--awb-sep-color:#ff9800;\"><h1 class=\"fusion-title-heading title-heading-center fusion-responsive-typography-calculated\" style=\"margin:0;--fontSize:40;line-height:1.4;\">\u0417\u0430\u0433\u0440\u0443\u0437\u043a\u0430<\/h1><\/div><div class=\"fusion-clearfix\"><\/div><\/div><\/div><\/div><\/div><div class=\"fusion-fullwidth fullwidth-box fusion-builder-row-2 nonhundred-percent-fullwidth non-hundred-percent-height-scrolling\" style=\"--awb-border-radius-top-left:0px;--awb-border-radius-top-right:0px;--awb-border-radius-bottom-right:0px;--awb-border-radius-bottom-left:0px;--awb-padding-top:20px;--awb-padding-bottom:20px;--awb-flex-wrap:wrap;\" ><div class=\"fusion-builder-row fusion-row\"><div class=\"fusion-layout-column fusion_builder_column fusion-builder-column-1 fusion_builder_column_1_3 1_3 fusion-one-third fusion-column-first\" style=\"--awb-bg-size:cover;width:33.333333333333%;width:calc(33.333333333333% - ( ( 4% + 4% ) * 0.33333333333333 ) );margin-right: 4%;\"><div class=\"fusion-column-wrapper fusion-flex-column-wrapper-legacy\"><div class=\"fusion-text fusion-text-1\"><p style=\"text-align: center;\">Katalog LBIS\/4G<\/p>\n<p><a href=\"\/wp-content\/uploads\/2024\/09\/LAURYN_2024_katalog_LBIS.pdf\" target=\"_blank\" rel=\"noopener noreferrer\"><img decoding=\"async\" class=\"size-medium wp-image-12131 aligncenter\" src=\"https:\/\/www.lauryn.cz\/wp-content\/uploads\/2020\/03\/Katalog_LBIS4G.jpg\" alt=\"l-bis_katalog\" width=\"213\" height=\"300\" \/><\/a><\/p>\n<\/div><div class=\"fusion-clearfix\"><\/div><\/div><\/div><div class=\"fusion-layout-column fusion_builder_column fusion-builder-column-2 fusion_builder_column_1_3 1_3 fusion-one-third\" style=\"--awb-bg-size:cover;width:33.333333333333%;width:calc(33.333333333333% - ( ( 4% + 4% ) * 0.33333333333333 ) );margin-right: 4%;\"><div class=\"fusion-column-wrapper fusion-flex-column-wrapper-legacy\"><div class=\"fusion-text fusion-text-2\"><p style=\"text-align: center;\">Catalogues LBIS\/4G<\/p>\n<p><a href=\"\/wp-content\/uploads\/2016\/12\/Katalog_LBIS_EN.pdf\" target=\"_blank\" rel=\"noopener noreferrer\"><img decoding=\"async\" class=\"aligncenter wp-image-12388 size-medium\" src=\"http:\/\/www.lauryn.cz\/wp-content\/uploads\/2016\/12\/L-BIS_katalog_en-212x300.png\" width=\"212\" height=\"300\" srcset=\"https:\/\/www.lauryn.cz\/wp-content\/uploads\/2016\/12\/L-BIS_katalog_en-200x283.png 200w, https:\/\/www.lauryn.cz\/wp-content\/uploads\/2016\/12\/L-BIS_katalog_en-212x300.png 212w, https:\/\/www.lauryn.cz\/wp-content\/uploads\/2016\/12\/L-BIS_katalog_en-400x566.png 400w, https:\/\/www.lauryn.cz\/wp-content\/uploads\/2016\/12\/L-BIS_katalog_en.png 424w\" sizes=\"(max-width: 212px) 100vw, 212px\" \/><\/a><\/p>\n<\/div><div class=\"fusion-clearfix\"><\/div><\/div><\/div><div class=\"fusion-layout-column fusion_builder_column fusion-builder-column-3 fusion_builder_column_1_3 1_3 fusion-one-third fusion-column-last\" style=\"--awb-bg-size:cover;width:33.333333333333%;width:calc(33.333333333333% - ( ( 4% + 4% ) * 0.33333333333333 ) );\"><div class=\"fusion-column-wrapper fusion-flex-column-wrapper-legacy\"><div class=\"fusion-text fusion-text-3\"><p style=\"text-align: center;\">\u041a\u0430\u0442\u0430\u043b\u043e\u0433 LBIS\/4G<\/p>\n<p><a href=\"\/wp-content\/uploads\/2016\/12\/Katalog_LBIS_RU.pdf\" target=\"_blank\" rel=\"noopener noreferrer\"><img decoding=\"async\" class=\"aligncenter wp-image-12389 size-medium\" src=\"http:\/\/www.lauryn.cz\/wp-content\/uploads\/2016\/12\/L-BIS_katalog_ru-212x300.png\" width=\"212\" height=\"300\" srcset=\"https:\/\/www.lauryn.cz\/wp-content\/uploads\/2016\/12\/L-BIS_katalog_ru-200x283.png 200w, https:\/\/www.lauryn.cz\/wp-content\/uploads\/2016\/12\/L-BIS_katalog_ru-212x300.png 212w, https:\/\/www.lauryn.cz\/wp-content\/uploads\/2016\/12\/L-BIS_katalog_ru-400x566.png 400w, https:\/\/www.lauryn.cz\/wp-content\/uploads\/2016\/12\/L-BIS_katalog_ru.png 424w\" sizes=\"(max-width: 212px) 100vw, 212px\" \/><\/a><\/p>\n<\/div><div class=\"fusion-clearfix\"><\/div><\/div><\/div><\/div><\/div><\/p>\n","protected":false},"excerpt":{"rendered":"","protected":false},"author":5,"featured_media":0,"parent":0,"menu_order":0,"comment_status":"closed","ping_status":"closed","template":"","meta":{"footnotes":""},"class_list":["post-12330","page","type-page","status-publish","hentry"],"yoast_head":"<!-- This site is optimized with the Yoast SEO plugin v23.6 - https:\/\/yoast.com\/wordpress\/plugins\/seo\/ -->\n<title>\u0421\u043a\u0430\u0447\u0430\u0442\u044c \u043a\u0430\u0442\u0430\u043b\u043e\u0433\u0438 \u0434\u043b\u044f LBIS\/4G | LAURYN<\/title>\n<meta name=\"description\" content=\"\u0421\u043a\u0430\u0447\u0430\u0442\u044c \u0434\u043e\u043a\u0443\u043c\u0435\u043d\u0442\u0430\u0446\u0438\u044e \u043f\u043e \u0438\u043d\u0444\u043e\u0440\u043c\u0430\u0446\u0438\u043e\u043d\u043d\u043e\u0439 \u0441\u0438\u0441\u0442\u0435\u043c\u0435 LBIS\/4G \u0434\u043b\u044f \u043a\u043e\u043c\u043f\u043b\u0435\u043a\u0441\u043d\u043e\u0433\u043e \u0443\u043f\u0440\u0430\u0432\u043b\u0435\u043d\u0438\u044f \u043f\u0440\u043e\u0446\u0435\u0441\u0441\u0430\u043c\u0438 \u043d\u0430 \u043a\u0443\u0440\u043e\u0440\u0442\u0430\u0445, \u0432 \u0441\u043f\u0435\u0446\u0438\u0430\u043b\u0438\u0437\u0438\u0440\u043e\u0432\u0430\u043d\u043d\u044b\u0445 \u043b\u0435\u0447\u0435\u0431\u043d\u044b\u0445 \u0443\u0447\u0440\u0435\u0436\u0434\u0435\u043d\u0438\u044f\u0445 \u0438 \u0440\u0435\u0430\u0431\u0438\u043b\u0438\u0442\u0430\u0446\u0438\u043e\u043d\u043d\u044b\u0445 \u0446\u0435\u043d\u0442\u0440\u0430\u0445.\" \/>\n<meta name=\"robots\" content=\"index, follow, max-snippet:-1, max-image-preview:large, max-video-preview:-1\" \/>\n<link rel=\"canonical\" href=\"https:\/\/www.lauryn.cz\/ke-stazeni\/\" \/>\n<meta property=\"og:locale\" content=\"ru_RU\" \/>\n<meta property=\"og:type\" content=\"article\" \/>\n<meta property=\"og:title\" content=\"\u0421\u043a\u0430\u0447\u0430\u0442\u044c \u043a\u0430\u0442\u0430\u043b\u043e\u0433\u0438 \u0434\u043b\u044f LBIS\/4G | LAURYN\" \/>\n<meta property=\"og:description\" content=\"\u0421\u043a\u0430\u0447\u0430\u0442\u044c \u0434\u043e\u043a\u0443\u043c\u0435\u043d\u0442\u0430\u0446\u0438\u044e \u043f\u043e \u0438\u043d\u0444\u043e\u0440\u043c\u0430\u0446\u0438\u043e\u043d\u043d\u043e\u0439 \u0441\u0438\u0441\u0442\u0435\u043c\u0435 LBIS\/4G \u0434\u043b\u044f \u043a\u043e\u043c\u043f\u043b\u0435\u043a\u0441\u043d\u043e\u0433\u043e \u0443\u043f\u0440\u0430\u0432\u043b\u0435\u043d\u0438\u044f \u043f\u0440\u043e\u0446\u0435\u0441\u0441\u0430\u043c\u0438 \u043d\u0430 \u043a\u0443\u0440\u043e\u0440\u0442\u0430\u0445, \u0432 \u0441\u043f\u0435\u0446\u0438\u0430\u043b\u0438\u0437\u0438\u0440\u043e\u0432\u0430\u043d\u043d\u044b\u0445 \u043b\u0435\u0447\u0435\u0431\u043d\u044b\u0445 \u0443\u0447\u0440\u0435\u0436\u0434\u0435\u043d\u0438\u044f\u0445 \u0438 \u0440\u0435\u0430\u0431\u0438\u043b\u0438\u0442\u0430\u0446\u0438\u043e\u043d\u043d\u044b\u0445 \u0446\u0435\u043d\u0442\u0440\u0430\u0445.\" \/>\n<meta property=\"og:url\" content=\"https:\/\/www.lauryn.cz\/ke-stazeni\/\" \/>\n<meta property=\"og:site_name\" content=\"LAURYN\" \/>\n<meta property=\"article:modified_time\" content=\"2024-09-04T07:13:41+00:00\" \/>\n<meta property=\"og:image\" content=\"https:\/\/www.lauryn.cz\/wp-content\/uploads\/2016\/12\/L-BIS_katalog.png\" \/>\n\t<meta property=\"og:image:width\" content=\"425\" \/>\n\t<meta property=\"og:image:height\" content=\"600\" \/>\n\t<meta property=\"og:image:type\" content=\"image\/png\" \/>\n<meta name=\"twitter:card\" content=\"summary_large_image\" \/>\n<meta name=\"twitter:label1\" content=\"\u041f\u0440\u0438\u043c\u0435\u0440\u043d\u043e\u0435 \u0432\u0440\u0435\u043c\u044f \u0434\u043b\u044f \u0447\u0442\u0435\u043d\u0438\u044f\" \/>\n\t<meta name=\"twitter:data1\" content=\"2 \u043c\u0438\u043d\u0443\u0442\u044b\" \/>\n<script type=\"application\/ld+json\" class=\"yoast-schema-graph\">{\"@context\":\"https:\/\/schema.org\",\"@graph\":[{\"@type\":\"WebPage\",\"@id\":\"https:\/\/www.lauryn.cz\/ke-stazeni\/\",\"url\":\"https:\/\/www.lauryn.cz\/ke-stazeni\/\",\"name\":\"\u0421\u043a\u0430\u0447\u0430\u0442\u044c \u043a\u0430\u0442\u0430\u043b\u043e\u0433\u0438 \u0434\u043b\u044f LBIS\/4G | LAURYN\",\"isPartOf\":{\"@id\":\"https:\/\/www.lauryn.cz\/#website\"},\"primaryImageOfPage\":{\"@id\":\"https:\/\/www.lauryn.cz\/ke-stazeni\/#primaryimage\"},\"image\":{\"@id\":\"https:\/\/www.lauryn.cz\/ke-stazeni\/#primaryimage\"},\"thumbnailUrl\":\"https:\/\/www.lauryn.cz\/wp-content\/uploads\/2020\/03\/Katalog_LBIS4G.jpg\",\"datePublished\":\"2016-12-27T13:00:18+00:00\",\"dateModified\":\"2024-09-04T07:13:41+00:00\",\"description\":\"\u0421\u043a\u0430\u0447\u0430\u0442\u044c \u0434\u043e\u043a\u0443\u043c\u0435\u043d\u0442\u0430\u0446\u0438\u044e \u043f\u043e \u0438\u043d\u0444\u043e\u0440\u043c\u0430\u0446\u0438\u043e\u043d\u043d\u043e\u0439 \u0441\u0438\u0441\u0442\u0435\u043c\u0435 LBIS\/4G \u0434\u043b\u044f \u043a\u043e\u043c\u043f\u043b\u0435\u043a\u0441\u043d\u043e\u0433\u043e \u0443\u043f\u0440\u0430\u0432\u043b\u0435\u043d\u0438\u044f \u043f\u0440\u043e\u0446\u0435\u0441\u0441\u0430\u043c\u0438 \u043d\u0430 \u043a\u0443\u0440\u043e\u0440\u0442\u0430\u0445, \u0432 \u0441\u043f\u0435\u0446\u0438\u0430\u043b\u0438\u0437\u0438\u0440\u043e\u0432\u0430\u043d\u043d\u044b\u0445 \u043b\u0435\u0447\u0435\u0431\u043d\u044b\u0445 \u0443\u0447\u0440\u0435\u0436\u0434\u0435\u043d\u0438\u044f\u0445 \u0438 \u0440\u0435\u0430\u0431\u0438\u043b\u0438\u0442\u0430\u0446\u0438\u043e\u043d\u043d\u044b\u0445 \u0446\u0435\u043d\u0442\u0440\u0430\u0445.\",\"breadcrumb\":{\"@id\":\"https:\/\/www.lauryn.cz\/ke-stazeni\/#breadcrumb\"},\"inLanguage\":\"ru-RU\",\"potentialAction\":[{\"@type\":\"ReadAction\",\"target\":[\"https:\/\/www.lauryn.cz\/ke-stazeni\/\"]}]},{\"@type\":\"ImageObject\",\"inLanguage\":\"ru-RU\",\"@id\":\"https:\/\/www.lauryn.cz\/ke-stazeni\/#primaryimage\",\"url\":\"https:\/\/www.lauryn.cz\/wp-content\/uploads\/2020\/03\/Katalog_LBIS4G.jpg\",\"contentUrl\":\"https:\/\/www.lauryn.cz\/wp-content\/uploads\/2020\/03\/Katalog_LBIS4G.jpg\"},{\"@type\":\"BreadcrumbList\",\"@id\":\"https:\/\/www.lauryn.cz\/ke-stazeni\/#breadcrumb\",\"itemListElement\":[{\"@type\":\"ListItem\",\"position\":1,\"name\":\"Dom\u016f\",\"item\":\"https:\/\/www.lauryn.cz\/\"},{\"@type\":\"ListItem\",\"position\":2,\"name\":\"\u0417\u0430\u0433\u0440\u0443\u0437\u043a\u0430\"}]},{\"@type\":\"WebSite\",\"@id\":\"https:\/\/www.lauryn.cz\/#website\",\"url\":\"https:\/\/www.lauryn.cz\/\",\"name\":\"LAURYN\",\"description\":\"Informa\u010dn\u00ed syst\u00e9my pro l\u00e1ze\u0148sk\u00e1 a rehabilita\u010dn\u00ed za\u0159\u00edzen\u00ed\",\"potentialAction\":[{\"@type\":\"SearchAction\",\"target\":{\"@type\":\"EntryPoint\",\"urlTemplate\":\"https:\/\/www.lauryn.cz\/?s={search_term_string}\"},\"query-input\":{\"@type\":\"PropertyValueSpecification\",\"valueRequired\":true,\"valueName\":\"search_term_string\"}}],\"inLanguage\":\"ru-RU\"}]}<\/script>\n<!-- \/ Yoast SEO plugin. -->","yoast_head_json":{"title":"\u0421\u043a\u0430\u0447\u0430\u0442\u044c \u043a\u0430\u0442\u0430\u043b\u043e\u0433\u0438 \u0434\u043b\u044f LBIS\/4G | LAURYN","description":"\u0421\u043a\u0430\u0447\u0430\u0442\u044c \u0434\u043e\u043a\u0443\u043c\u0435\u043d\u0442\u0430\u0446\u0438\u044e \u043f\u043e \u0438\u043d\u0444\u043e\u0440\u043c\u0430\u0446\u0438\u043e\u043d\u043d\u043e\u0439 \u0441\u0438\u0441\u0442\u0435\u043c\u0435 LBIS\/4G \u0434\u043b\u044f \u043a\u043e\u043c\u043f\u043b\u0435\u043a\u0441\u043d\u043e\u0433\u043e \u0443\u043f\u0440\u0430\u0432\u043b\u0435\u043d\u0438\u044f \u043f\u0440\u043e\u0446\u0435\u0441\u0441\u0430\u043c\u0438 \u043d\u0430 \u043a\u0443\u0440\u043e\u0440\u0442\u0430\u0445, \u0432 \u0441\u043f\u0435\u0446\u0438\u0430\u043b\u0438\u0437\u0438\u0440\u043e\u0432\u0430\u043d\u043d\u044b\u0445 \u043b\u0435\u0447\u0435\u0431\u043d\u044b\u0445 \u0443\u0447\u0440\u0435\u0436\u0434\u0435\u043d\u0438\u044f\u0445 \u0438 \u0440\u0435\u0430\u0431\u0438\u043b\u0438\u0442\u0430\u0446\u0438\u043e\u043d\u043d\u044b\u0445 \u0446\u0435\u043d\u0442\u0440\u0430\u0445.","robots":{"index":"index","follow":"follow","max-snippet":"max-snippet:-1","max-image-preview":"max-image-preview:large","max-video-preview":"max-video-preview:-1"},"canonical":"https:\/\/www.lauryn.cz\/ke-stazeni\/","og_locale":"ru_RU","og_type":"article","og_title":"\u0421\u043a\u0430\u0447\u0430\u0442\u044c \u043a\u0430\u0442\u0430\u043b\u043e\u0433\u0438 \u0434\u043b\u044f LBIS\/4G | LAURYN","og_description":"\u0421\u043a\u0430\u0447\u0430\u0442\u044c \u0434\u043e\u043a\u0443\u043c\u0435\u043d\u0442\u0430\u0446\u0438\u044e \u043f\u043e \u0438\u043d\u0444\u043e\u0440\u043c\u0430\u0446\u0438\u043e\u043d\u043d\u043e\u0439 \u0441\u0438\u0441\u0442\u0435\u043c\u0435 LBIS\/4G \u0434\u043b\u044f \u043a\u043e\u043c\u043f\u043b\u0435\u043a\u0441\u043d\u043e\u0433\u043e \u0443\u043f\u0440\u0430\u0432\u043b\u0435\u043d\u0438\u044f \u043f\u0440\u043e\u0446\u0435\u0441\u0441\u0430\u043c\u0438 \u043d\u0430 \u043a\u0443\u0440\u043e\u0440\u0442\u0430\u0445, \u0432 \u0441\u043f\u0435\u0446\u0438\u0430\u043b\u0438\u0437\u0438\u0440\u043e\u0432\u0430\u043d\u043d\u044b\u0445 \u043b\u0435\u0447\u0435\u0431\u043d\u044b\u0445 \u0443\u0447\u0440\u0435\u0436\u0434\u0435\u043d\u0438\u044f\u0445 \u0438 \u0440\u0435\u0430\u0431\u0438\u043b\u0438\u0442\u0430\u0446\u0438\u043e\u043d\u043d\u044b\u0445 \u0446\u0435\u043d\u0442\u0440\u0430\u0445.","og_url":"https:\/\/www.lauryn.cz\/ke-stazeni\/","og_site_name":"LAURYN","article_modified_time":"2024-09-04T07:13:41+00:00","og_image":[{"width":425,"height":600,"url":"https:\/\/www.lauryn.cz\/wp-content\/uploads\/2016\/12\/L-BIS_katalog.png","type":"image\/png"}],"twitter_card":"summary_large_image","twitter_misc":{"\u041f\u0440\u0438\u043c\u0435\u0440\u043d\u043e\u0435 \u0432\u0440\u0435\u043c\u044f \u0434\u043b\u044f \u0447\u0442\u0435\u043d\u0438\u044f":"2 \u043c\u0438\u043d\u0443\u0442\u044b"},"schema":{"@context":"https:\/\/schema.org","@graph":[{"@type":"WebPage","@id":"https:\/\/www.lauryn.cz\/ke-stazeni\/","url":"https:\/\/www.lauryn.cz\/ke-stazeni\/","name":"\u0421\u043a\u0430\u0447\u0430\u0442\u044c \u043a\u0430\u0442\u0430\u043b\u043e\u0433\u0438 \u0434\u043b\u044f LBIS\/4G | LAURYN","isPartOf":{"@id":"https:\/\/www.lauryn.cz\/#website"},"primaryImageOfPage":{"@id":"https:\/\/www.lauryn.cz\/ke-stazeni\/#primaryimage"},"image":{"@id":"https:\/\/www.lauryn.cz\/ke-stazeni\/#primaryimage"},"thumbnailUrl":"https:\/\/www.lauryn.cz\/wp-content\/uploads\/2020\/03\/Katalog_LBIS4G.jpg","datePublished":"2016-12-27T13:00:18+00:00","dateModified":"2024-09-04T07:13:41+00:00","description":"\u0421\u043a\u0430\u0447\u0430\u0442\u044c \u0434\u043e\u043a\u0443\u043c\u0435\u043d\u0442\u0430\u0446\u0438\u044e \u043f\u043e \u0438\u043d\u0444\u043e\u0440\u043c\u0430\u0446\u0438\u043e\u043d\u043d\u043e\u0439 \u0441\u0438\u0441\u0442\u0435\u043c\u0435 LBIS\/4G \u0434\u043b\u044f \u043a\u043e\u043c\u043f\u043b\u0435\u043a\u0441\u043d\u043e\u0433\u043e \u0443\u043f\u0440\u0430\u0432\u043b\u0435\u043d\u0438\u044f \u043f\u0440\u043e\u0446\u0435\u0441\u0441\u0430\u043c\u0438 \u043d\u0430 \u043a\u0443\u0440\u043e\u0440\u0442\u0430\u0445, \u0432 \u0441\u043f\u0435\u0446\u0438\u0430\u043b\u0438\u0437\u0438\u0440\u043e\u0432\u0430\u043d\u043d\u044b\u0445 \u043b\u0435\u0447\u0435\u0431\u043d\u044b\u0445 \u0443\u0447\u0440\u0435\u0436\u0434\u0435\u043d\u0438\u044f\u0445 \u0438 \u0440\u0435\u0430\u0431\u0438\u043b\u0438\u0442\u0430\u0446\u0438\u043e\u043d\u043d\u044b\u0445 \u0446\u0435\u043d\u0442\u0440\u0430\u0445.","breadcrumb":{"@id":"https:\/\/www.lauryn.cz\/ke-stazeni\/#breadcrumb"},"inLanguage":"ru-RU","potentialAction":[{"@type":"ReadAction","target":["https:\/\/www.lauryn.cz\/ke-stazeni\/"]}]},{"@type":"ImageObject","inLanguage":"ru-RU","@id":"https:\/\/www.lauryn.cz\/ke-stazeni\/#primaryimage","url":"https:\/\/www.lauryn.cz\/wp-content\/uploads\/2020\/03\/Katalog_LBIS4G.jpg","contentUrl":"https:\/\/www.lauryn.cz\/wp-content\/uploads\/2020\/03\/Katalog_LBIS4G.jpg"},{"@type":"BreadcrumbList","@id":"https:\/\/www.lauryn.cz\/ke-stazeni\/#breadcrumb","itemListElement":[{"@type":"ListItem","position":1,"name":"Dom\u016f","item":"https:\/\/www.lauryn.cz\/"},{"@type":"ListItem","position":2,"name":"\u0417\u0430\u0433\u0440\u0443\u0437\u043a\u0430"}]},{"@type":"WebSite","@id":"https:\/\/www.lauryn.cz\/#website","url":"https:\/\/www.lauryn.cz\/","name":"LAURYN","description":"Informa\u010dn\u00ed syst\u00e9my pro l\u00e1ze\u0148sk\u00e1 a rehabilita\u010dn\u00ed za\u0159\u00edzen\u00ed","potentialAction":[{"@type":"SearchAction","target":{"@type":"EntryPoint","urlTemplate":"https:\/\/www.lauryn.cz\/?s={search_term_string}"},"query-input":{"@type":"PropertyValueSpecification","valueRequired":true,"valueName":"search_term_string"}}],"inLanguage":"ru-RU"}]}},"_links":{"self":[{"href":"https:\/\/www.lauryn.cz\/ru\/wp-json\/wp\/v2\/pages\/12330"}],"collection":[{"href":"https:\/\/www.lauryn.cz\/ru\/wp-json\/wp\/v2\/pages"}],"about":[{"href":"https:\/\/www.lauryn.cz\/ru\/wp-json\/wp\/v2\/types\/page"}],"author":[{"embeddable":true,"href":"https:\/\/www.lauryn.cz\/ru\/wp-json\/wp\/v2\/users\/5"}],"replies":[{"embeddable":true,"href":"https:\/\/www.lauryn.cz\/ru\/wp-json\/wp\/v2\/comments?post=12330"}],"version-history":[{"count":8,"href":"https:\/\/www.lauryn.cz\/ru\/wp-json\/wp\/v2\/pages\/12330\/revisions"}],"predecessor-version":[{"id":15069,"href":"https:\/\/www.lauryn.cz\/ru\/wp-json\/wp\/v2\/pages\/12330\/revisions\/15069"}],"wp:attachment":[{"href":"https:\/\/www.lauryn.cz\/ru\/wp-json\/wp\/v2\/media?parent=12330"}],"curies":[{"name":"wp","href":"https:\/\/api.w.org\/{rel}","templated":true}]}}