{"id":12334,"date":"2016-12-27T14:12:30","date_gmt":"2016-12-27T13:12:30","guid":{"rendered":"http:\/\/www.lauryn.cz\/ru\/?page_id=12334"},"modified":"2020-06-11T12:54:08","modified_gmt":"2020-06-11T11:54:08","slug":"%d0%ba%d0%be%d0%bd%d1%82%d0%b0%d0%ba%d1%82%d1%8b","status":"publish","type":"page","link":"https:\/\/www.lauryn.cz\/ru\/%d0%ba%d0%be%d0%bd%d1%82%d0%b0%d0%ba%d1%82%d1%8b\/","title":{"rendered":"\u041a\u043e\u043d\u0442\u0430\u043a\u0442\u044b"},"content":{"rendered":"<p><div class=\"fusion-fullwidth fullwidth-box fusion-builder-row-1 nonhundred-percent-fullwidth non-hundred-percent-height-scrolling\" style=\"--awb-background-position:left top;--awb-background-repeat:repeat;--awb-border-radius-top-left:0px;--awb-border-radius-top-right:0px;--awb-border-radius-bottom-right:0px;--awb-border-radius-bottom-left:0px;--awb-padding-top:20px;--awb-padding-bottom:25px;--awb-border-sizes-top:0px;--awb-border-sizes-bottom:0px;--awb-flex-wrap:wrap;\" ><div class=\"fusion-builder-row fusion-row\"><div class=\"fusion-layout-column fusion_builder_column fusion-builder-column-0 fusion_builder_column_1_1 1_1 fusion-one-full fusion-column-first fusion-column-last\" style=\"--awb-bg-size:cover;\"><div class=\"fusion-column-wrapper fusion-flex-column-wrapper-legacy\"><div class=\"fusion-title title fusion-title-1 fusion-sep-none fusion-title-center fusion-title-text fusion-title-size-one\"><h1 class=\"fusion-title-heading title-heading-center fusion-responsive-typography-calculated\" style=\"margin:0;--fontSize:40;line-height:1.4;\">\u041a\u043e\u043d\u0442\u0430\u043a\u0442\u044b<\/h1><\/div><div class=\"fusion-clearfix\"><\/div><\/div><\/div><div class=\"fusion-layout-column fusion_builder_column fusion-builder-column-1 fusion_builder_column_1_2 1_2 fusion-one-half fusion-column-first\" style=\"--awb-bg-size:cover;width:48%; margin-right: 4%;\"><div class=\"fusion-column-wrapper fusion-flex-column-wrapper-legacy\"><div class=\"fusion-title title fusion-title-2 fusion-sep-none fusion-title-text fusion-title-size-two\" style=\"--awb-sep-color:#ff9800;\"><h2 class=\"fusion-title-heading title-heading-left fusion-responsive-typography-calculated\" style=\"margin:0;--fontSize:28;line-height:1.5;\">\u041a\u043e\u043c\u043f\u0430\u043d\u0438\u044f LAURYN\u00a0s.r.o.<\/h2><\/div>\n<table cellspacing=\"0\">\n<tbody>\n<tr>\n<td style=\"width: 30%;\">\u041a\u043e\u043c\u043f\u0430\u043d\u0438\u044f:<\/td>\n<td>LAURYN\u00a0s.r.o.<\/td>\n<\/tr>\n<tr>\n<td>Adresa:<\/td>\n<td>P\u0159elou\u010dsk\u00e1 255, 530&nbsp;06 Pardubice 6, \u0427\u0435\u0448\u0441\u043a\u0430\u044f \u0420\u0435\u0441\u043f\u0443\u0431\u043b\u0438\u043a\u0430a<\/td>\n<\/tr>\n<tr>\n<td>\u0422\u0435\u043b\u0435\u0444\u043e\u043d:<\/td>\n<td><strong>+420&nbsp;466&nbsp;971&nbsp;192, + 420&nbsp;466&nbsp;971&nbsp;193<\/strong><\/td>\n<\/tr>\n<tr>\n<td>E-mail:<\/td>\n<td><a id=\"aemail1\" href=\"mailto:lauryn@lauryn.cz\">lauryn@lauryn.cz<\/a><\/td>\n<\/tr>\n<tr>\n<td>\u0412\u0435\u0431-\u0441\u0430\u0439\u0442:<\/td>\n<td><a href=\"\/\">www.lauryn.cz<\/a><\/td>\n<\/tr>\n<tr>\n<td>\u0418\u041d:<\/td>\n<td><strong>60113685<\/strong><\/td>\n<\/tr>\n<tr>\n<td>\u0418\u041d\u041d:<\/td>\n<td>CZ60113685<\/td>\n<\/tr>\n<tr>\n<td style=\"vertical-align: top;\">T\u043e\u0440\u0433\u043e\u0432\u044b\u0439 \u0440\u0435\u0435\u0441\u0442\u0440:<\/td>\n<td>\u041a\u043e\u043c\u043f\u0430\u043d\u0438\u044f \u0437\u0430\u043f\u0438\u0441\u0430\u043d\u0430 \u0432 \u0422\u043e\u0440\u0433\u043e\u0432\u043e\u043c \u0440\u0435\u0435\u0441\u0442\u0440\u0435, \u043a\u043e\u0442\u043e\u0440\u044b\u0439 \u0432\u0435\u0434\u0451\u0442\u0441\u044f \u041e\u0431\u043b\u0430\u0441\u0442\u043d\u044b\u043c \u0441\u0443\u0434\u043e\u043c \u0432 \u0433. \u0413\u0440\u0430\u0434\u0435\u0446 \u041a\u0440\u0430\u043b\u043e\u0432\u0435, \u043e\u0442\u0434\u0435\u043b\u0435\u043d\u0438\u0435 C, \u043f\u0430\u043f\u043a\u0430\u00a045128<\/td>\n<\/tr>\n<tr>\n<td style=\"vertical-align: top;\">\u042f\u0449\u0438\u043a \u043e\u0444\u0438\u0446\u0438\u0430\u043b\u044c\u043d\u043e\u0439 \u044d\u043b\u0435\u043a\u0442\u0440\u043e\u043d\u043d\u043e\u0439 \u043f\u043e\u0447\u0442\u044b:<\/td>\n<td>2x6hut8<\/td>\n<\/tr>\n<tr>\n<td style=\"vertical-align: top;\">\u041a\u043e\u043d\u0442\u0430\u043a\u0442\u043d\u043e\u0435 \u043b\u0438\u0446\u043e:<\/td>\n<td><strong>\u0418\u043d\u0436. \u0420\u0430\u0434\u0435\u043a \u041b\u0430\u0443\u0440\u0438\u043d, <\/strong>(<a id=\"aemail2\" href=\"mailto:radek.lauryn@lauryn.cz\" target=\"_self\">radek.lauryn@lauryn.cz<\/a>)<\/td>\n<\/tr>\n<\/tbody>\n<\/table>\n<div class=\"fusion-sep-clear\"><\/div><div class=\"fusion-separator fusion-full-width-sep\" style=\"margin-left: auto;margin-right: auto;margin-top:10px;margin-bottom:10px;width:100%;\"><\/div><div class=\"fusion-sep-clear\"><\/div><div class=\"fusion-text fusion-text-1\"><\/div><div class=\"fusion-clearfix\"><\/div><\/div><\/div><div class=\"fusion-layout-column fusion_builder_column fusion-builder-column-2 fusion_builder_column_1_2 1_2 fusion-one-half fusion-column-last\" style=\"--awb-bg-size:cover;width:48%;\"><div class=\"fusion-column-wrapper fusion-flex-column-wrapper-legacy\"><div class=\"fusion-title title fusion-title-3 fusion-sep-none fusion-title-text fusion-title-size-two\" style=\"--awb-sep-color:#ff9800;\"><h2 class=\"fusion-title-heading title-heading-left fusion-responsive-typography-calculated\" style=\"margin:0;--fontSize:28;line-height:1.5;\">\u041e\u0431\u0440\u0430\u0442\u043d\u0430\u044f \u0441\u0432\u044f\u0437\u044c<\/h2><\/div>\n<div class=\"wpcf7 no-js\" id=\"wpcf7-f12426-o1\" lang=\"cs-CZ\" dir=\"ltr\">\n<div class=\"screen-reader-response\"><p role=\"status\" aria-live=\"polite\" aria-atomic=\"true\"><\/p> <ul><\/ul><\/div>\n<form action=\"\/ru\/wp-json\/wp\/v2\/pages\/12334#wpcf7-f12426-o1\" method=\"post\" class=\"wpcf7-form init\" aria-label=\"Kontaktn\u00ed formul\u00e1\u0159\" novalidate=\"novalidate\" data-status=\"init\">\n<div style=\"display: none;\">\n<input type=\"hidden\" name=\"_wpcf7\" value=\"12426\" \/>\n<input type=\"hidden\" name=\"_wpcf7_version\" value=\"5.9.8\" \/>\n<input type=\"hidden\" name=\"_wpcf7_locale\" value=\"cs_CZ\" \/>\n<input type=\"hidden\" name=\"_wpcf7_unit_tag\" value=\"wpcf7-f12426-o1\" \/>\n<input type=\"hidden\" name=\"_wpcf7_container_post\" value=\"0\" \/>\n<input type=\"hidden\" name=\"_wpcf7_posted_data_hash\" value=\"\" \/>\n<input type=\"hidden\" name=\"_wpcf7_recaptcha_response\" value=\"\" \/>\n<\/div>\n<p><label> \u0412\u0430\u0448\u0435 \u0424\u0418\u041e (\u043e\u0431\u044f\u0437\u0430\u0442\u0435\u043b\u044c\u043d\u043e)<br \/>\n<span class=\"wpcf7-form-control-wrap\" data-name=\"your-name-ru\"><input size=\"40\" maxlength=\"400\" class=\"wpcf7-form-control wpcf7-text wpcf7-validates-as-required\" aria-required=\"true\" aria-invalid=\"false\" value=\"\" type=\"text\" name=\"your-name-ru\" \/><\/span> <\/label>\n<\/p>\n<p><label> \u0412\u0430\u0448 \u0430\u0434\u0440\u0435\u0441 \u044d\u043b\u0435\u043a\u0442\u0440\u043e\u043d\u043d\u043e\u0439 \u043f\u043e\u0447\u0442\u044b (\u043e\u0431\u044f\u0437\u0430\u0442\u0435\u043b\u044c\u043d\u043e)<br \/>\n<span class=\"wpcf7-form-control-wrap\" data-name=\"your-email-ru\"><input size=\"40\" maxlength=\"400\" class=\"wpcf7-form-control wpcf7-email wpcf7-validates-as-required wpcf7-text wpcf7-validates-as-email\" aria-required=\"true\" aria-invalid=\"false\" value=\"\" type=\"email\" name=\"your-email-ru\" \/><\/span> <\/label>\n<\/p>\n<p><label> \u041f\u0440\u0435\u0434\u043c\u0435\u0442<br \/>\n<span class=\"wpcf7-form-control-wrap\" data-name=\"your-subject-ru\"><input size=\"40\" maxlength=\"400\" class=\"wpcf7-form-control wpcf7-text\" aria-invalid=\"false\" value=\"\" type=\"text\" name=\"your-subject-ru\" \/><\/span> <\/label>\n<\/p>\n<p><label> \u0412\u0430\u0448\u0435 \u0441\u043e\u043e\u0431\u0449\u0435\u043d\u0438\u0435<br \/>\n<span class=\"wpcf7-form-control-wrap\" data-name=\"your-message-ru\"><textarea cols=\"40\" rows=\"10\" maxlength=\"2000\" class=\"wpcf7-form-control wpcf7-textarea\" aria-invalid=\"false\" name=\"your-message-ru\"><\/textarea><\/span> <\/label>\n<\/p>\n<p style=\"text-align: right;\">\u0418\u043d\u0444\u043e\u0440\u043c\u0430\u0446\u0438\u044f \u043e\u0431 <a href=\"\/ru\/\u0438\u043d\u0444\u043e\u0440\u043c\u0430\u0446\u0438\u044f-\u043e\u0431-\u043e\u0431\u0440\u0430\u0431\u043e\u0442\u043a\u0435-\u043f\u0435\u0440\u0441\u043e\u043d\u0430\u043b\u044c\u043d\u044b\/\" target=_blank\">\u043e\u0431\u0440\u0430\u0431\u043e\u0442\u043a\u0435 \u043f\u0435\u0440\u0441\u043e\u043d\u0430\u043b\u044c\u043d\u044b\u0445 \u0434\u0430\u043d\u043d\u044b\u0445<\/a>\n<\/p>\n\n<p><input class=\"wpcf7-form-control wpcf7-submit has-spinner\" type=\"submit\" value=\"\u041e\u0422\u041f\u0420\u0410\u0412\u0418\u0422\u042c\" \/>\n<\/p><div class=\"fusion-alert alert custom alert-custom fusion-alert-center wpcf7-response-output awb-alert-native-link-color alert-dismissable awb-alert-close-boxed\" style=\"--awb-border-size:1px;--awb-border-top-left-radius:0px;--awb-border-top-right-radius:0px;--awb-border-bottom-left-radius:0px;--awb-border-bottom-right-radius:0px;\" role=\"alert\"><div class=\"fusion-alert-content-wrapper\"><span class=\"fusion-alert-content\"><\/span><\/div><button type=\"button\" class=\"close toggle-alert\" data-dismiss=\"alert\" aria-label=\"Close\">&times;<\/button><\/div>\n<\/form>\n<\/div>\n<div class=\"fusion-clearfix\"><\/div><\/div><\/div><\/div><\/div><div class=\"fusion-fullwidth fullwidth-box fusion-builder-row-2 hundred-percent-fullwidth non-hundred-percent-height-scrolling\" style=\"--awb-background-position:left top;--awb-border-radius-top-left:0px;--awb-border-radius-top-right:0px;--awb-border-radius-bottom-right:0px;--awb-border-radius-bottom-left:0px;--awb-padding-top:0px;--awb-padding-right:0px;--awb-padding-bottom:30px;--awb-padding-left:0px;--awb-border-sizes-top:0px;--awb-border-sizes-bottom:0px;--awb-flex-wrap:wrap;\" ><div class=\"fusion-builder-row fusion-row\"><div class=\"fusion-layout-column fusion_builder_column fusion-builder-column-3 fusion_builder_column_1_1 1_1 fusion-one-full fusion-column-first fusion-column-last fusion-column-no-min-height\" style=\"--awb-bg-size:cover;--awb-margin-bottom:0px;\"><div class=\"fusion-column-wrapper fusion-flex-column-wrapper-legacy\"><iframe src=\"https:\/\/www.google.com\/maps\/embed?pb=!1m18!1m12!1m3!1d2563.573365824225!2d15.703405615884465!3d50.01935122621398!2m3!1f0!2f0!3f0!3m2!1i1024!2i768!4f13.1!3m3!1m2!1s0x470c34a476c773e5%3A0x78adff3433eb0156!2zUMWZZWxvdcSNc2vDoSAyNTUsIDUzMCAwNiBQYXJkdWJpY2UgVkktU3RhcsOpIMSMw612aWNl!5e0!3m2!1scs!2scz!4v1564117266469!5m2!1scs!2scz\" width=\"100%\" height=\"320\" frameborder=\"0\" style=\"border:0\" allowfullscreen><\/iframe><div class=\"fusion-clearfix\"><\/div><\/div><\/div><\/div><\/div><\/p>\n","protected":false},"excerpt":{"rendered":"","protected":false},"author":5,"featured_media":0,"parent":0,"menu_order":0,"comment_status":"closed","ping_status":"closed","template":"","meta":{"footnotes":""},"class_list":["post-12334","page","type-page","status-publish","hentry"],"yoast_head":"<!-- This site is optimized with the Yoast SEO plugin v23.6 - https:\/\/yoast.com\/wordpress\/plugins\/seo\/ -->\n<title>\u041a\u043e\u043d\u0442\u0430\u043a\u0442\u044b | LAURYN<\/title>\n<meta name=\"description\" content=\"\u0412\u044b \u0432\u044b\u0431\u0438\u0440\u0430\u0435\u0442\u0435 \u0438\u043d\u0444\u043e\u0440\u043c\u0430\u0446\u0438\u043e\u043d\u043d\u0443\u044e \u0441\u0438\u0441\u0442\u0435\u043c\u0443 \u0434\u043b\u044f \u0441\u043f\u0430- \u0438\u043b\u0438 \u0440\u0435\u0430\u0431\u0438\u043b\u0438\u0442\u0430\u0446\u0438\u043e\u043d\u043d\u043e\u0433\u043e \u0446\u0435\u043d\u0442\u0440\u0430 \u0438\u043b\u0438 \u0443\u0436\u0435 \u0438\u0441\u043f\u043e\u043b\u044c\u0437\u0443\u0435\u0442\u0435 \u0441\u0438\u0441\u0442\u0435\u043c\u0443 LBIS\/4G \u0438 \u0445\u043e\u0442\u0438\u0442\u0435 \u043f\u043e\u043b\u0443\u0447\u0438\u0442\u044c \u043a\u043e\u043d\u0441\u0443\u043b\u044c\u0442\u0430\u0446\u0438\u044e? \u0421\u0432\u044f\u0436\u0438\u0442\u0435\u0441\u044c \u0441 \u043d\u0430\u043c\u0438. \u041c\u044b \u0433\u043e\u0442\u043e\u0432\u044b \u043f\u043e\u043c\u043e\u0447\u044c.\" \/>\n<meta name=\"robots\" content=\"index, follow, max-snippet:-1, max-image-preview:large, max-video-preview:-1\" \/>\n<link rel=\"canonical\" href=\"https:\/\/www.lauryn.cz\/kontakty\/\" \/>\n<meta property=\"og:locale\" content=\"ru_RU\" \/>\n<meta property=\"og:type\" content=\"article\" \/>\n<meta property=\"og:title\" content=\"\u041a\u043e\u043d\u0442\u0430\u043a\u0442\u044b | LAURYN\" \/>\n<meta property=\"og:description\" content=\"\u0412\u044b \u0432\u044b\u0431\u0438\u0440\u0430\u0435\u0442\u0435 \u0438\u043d\u0444\u043e\u0440\u043c\u0430\u0446\u0438\u043e\u043d\u043d\u0443\u044e \u0441\u0438\u0441\u0442\u0435\u043c\u0443 \u0434\u043b\u044f \u0441\u043f\u0430- \u0438\u043b\u0438 \u0440\u0435\u0430\u0431\u0438\u043b\u0438\u0442\u0430\u0446\u0438\u043e\u043d\u043d\u043e\u0433\u043e \u0446\u0435\u043d\u0442\u0440\u0430 \u0438\u043b\u0438 \u0443\u0436\u0435 \u0438\u0441\u043f\u043e\u043b\u044c\u0437\u0443\u0435\u0442\u0435 \u0441\u0438\u0441\u0442\u0435\u043c\u0443 LBIS\/4G \u0438 \u0445\u043e\u0442\u0438\u0442\u0435 \u043f\u043e\u043b\u0443\u0447\u0438\u0442\u044c \u043a\u043e\u043d\u0441\u0443\u043b\u044c\u0442\u0430\u0446\u0438\u044e? \u0421\u0432\u044f\u0436\u0438\u0442\u0435\u0441\u044c \u0441 \u043d\u0430\u043c\u0438. \u041c\u044b \u0433\u043e\u0442\u043e\u0432\u044b \u043f\u043e\u043c\u043e\u0447\u044c.\" \/>\n<meta property=\"og:url\" content=\"https:\/\/www.lauryn.cz\/kontakty\/\" \/>\n<meta property=\"og:site_name\" content=\"LAURYN\" \/>\n<meta property=\"article:modified_time\" content=\"2020-06-11T11:54:08+00:00\" \/>\n<meta name=\"twitter:card\" content=\"summary_large_image\" \/>\n<meta name=\"twitter:label1\" content=\"\u041f\u0440\u0438\u043c\u0435\u0440\u043d\u043e\u0435 \u0432\u0440\u0435\u043c\u044f \u0434\u043b\u044f \u0447\u0442\u0435\u043d\u0438\u044f\" \/>\n\t<meta name=\"twitter:data1\" content=\"3 \u043c\u0438\u043d\u0443\u0442\u044b\" \/>\n<script type=\"application\/ld+json\" class=\"yoast-schema-graph\">{\"@context\":\"https:\/\/schema.org\",\"@graph\":[{\"@type\":\"WebPage\",\"@id\":\"https:\/\/www.lauryn.cz\/kontakty\/\",\"url\":\"https:\/\/www.lauryn.cz\/kontakty\/\",\"name\":\"\u041a\u043e\u043d\u0442\u0430\u043a\u0442\u044b | LAURYN\",\"isPartOf\":{\"@id\":\"https:\/\/www.lauryn.cz\/#website\"},\"datePublished\":\"2016-12-27T13:12:30+00:00\",\"dateModified\":\"2020-06-11T11:54:08+00:00\",\"description\":\"\u0412\u044b \u0432\u044b\u0431\u0438\u0440\u0430\u0435\u0442\u0435 \u0438\u043d\u0444\u043e\u0440\u043c\u0430\u0446\u0438\u043e\u043d\u043d\u0443\u044e \u0441\u0438\u0441\u0442\u0435\u043c\u0443 \u0434\u043b\u044f \u0441\u043f\u0430- \u0438\u043b\u0438 \u0440\u0435\u0430\u0431\u0438\u043b\u0438\u0442\u0430\u0446\u0438\u043e\u043d\u043d\u043e\u0433\u043e \u0446\u0435\u043d\u0442\u0440\u0430 \u0438\u043b\u0438 \u0443\u0436\u0435 \u0438\u0441\u043f\u043e\u043b\u044c\u0437\u0443\u0435\u0442\u0435 \u0441\u0438\u0441\u0442\u0435\u043c\u0443 LBIS\/4G \u0438 \u0445\u043e\u0442\u0438\u0442\u0435 \u043f\u043e\u043b\u0443\u0447\u0438\u0442\u044c \u043a\u043e\u043d\u0441\u0443\u043b\u044c\u0442\u0430\u0446\u0438\u044e? \u0421\u0432\u044f\u0436\u0438\u0442\u0435\u0441\u044c \u0441 \u043d\u0430\u043c\u0438. \u041c\u044b \u0433\u043e\u0442\u043e\u0432\u044b \u043f\u043e\u043c\u043e\u0447\u044c.\",\"breadcrumb\":{\"@id\":\"https:\/\/www.lauryn.cz\/kontakty\/#breadcrumb\"},\"inLanguage\":\"ru-RU\",\"potentialAction\":[{\"@type\":\"ReadAction\",\"target\":[\"https:\/\/www.lauryn.cz\/kontakty\/\"]}]},{\"@type\":\"BreadcrumbList\",\"@id\":\"https:\/\/www.lauryn.cz\/kontakty\/#breadcrumb\",\"itemListElement\":[{\"@type\":\"ListItem\",\"position\":1,\"name\":\"Dom\u016f\",\"item\":\"https:\/\/www.lauryn.cz\/\"},{\"@type\":\"ListItem\",\"position\":2,\"name\":\"\u041a\u043e\u043d\u0442\u0430\u043a\u0442\u044b\"}]},{\"@type\":\"WebSite\",\"@id\":\"https:\/\/www.lauryn.cz\/#website\",\"url\":\"https:\/\/www.lauryn.cz\/\",\"name\":\"LAURYN\",\"description\":\"Informa\u010dn\u00ed syst\u00e9my pro l\u00e1ze\u0148sk\u00e1 a rehabilita\u010dn\u00ed za\u0159\u00edzen\u00ed\",\"potentialAction\":[{\"@type\":\"SearchAction\",\"target\":{\"@type\":\"EntryPoint\",\"urlTemplate\":\"https:\/\/www.lauryn.cz\/?s={search_term_string}\"},\"query-input\":{\"@type\":\"PropertyValueSpecification\",\"valueRequired\":true,\"valueName\":\"search_term_string\"}}],\"inLanguage\":\"ru-RU\"}]}<\/script>\n<!-- \/ Yoast SEO plugin. -->","yoast_head_json":{"title":"\u041a\u043e\u043d\u0442\u0430\u043a\u0442\u044b | LAURYN","description":"\u0412\u044b \u0432\u044b\u0431\u0438\u0440\u0430\u0435\u0442\u0435 \u0438\u043d\u0444\u043e\u0440\u043c\u0430\u0446\u0438\u043e\u043d\u043d\u0443\u044e \u0441\u0438\u0441\u0442\u0435\u043c\u0443 \u0434\u043b\u044f \u0441\u043f\u0430- \u0438\u043b\u0438 \u0440\u0435\u0430\u0431\u0438\u043b\u0438\u0442\u0430\u0446\u0438\u043e\u043d\u043d\u043e\u0433\u043e \u0446\u0435\u043d\u0442\u0440\u0430 \u0438\u043b\u0438 \u0443\u0436\u0435 \u0438\u0441\u043f\u043e\u043b\u044c\u0437\u0443\u0435\u0442\u0435 \u0441\u0438\u0441\u0442\u0435\u043c\u0443 LBIS\/4G \u0438 \u0445\u043e\u0442\u0438\u0442\u0435 \u043f\u043e\u043b\u0443\u0447\u0438\u0442\u044c \u043a\u043e\u043d\u0441\u0443\u043b\u044c\u0442\u0430\u0446\u0438\u044e? \u0421\u0432\u044f\u0436\u0438\u0442\u0435\u0441\u044c \u0441 \u043d\u0430\u043c\u0438. \u041c\u044b \u0433\u043e\u0442\u043e\u0432\u044b \u043f\u043e\u043c\u043e\u0447\u044c.","robots":{"index":"index","follow":"follow","max-snippet":"max-snippet:-1","max-image-preview":"max-image-preview:large","max-video-preview":"max-video-preview:-1"},"canonical":"https:\/\/www.lauryn.cz\/kontakty\/","og_locale":"ru_RU","og_type":"article","og_title":"\u041a\u043e\u043d\u0442\u0430\u043a\u0442\u044b | LAURYN","og_description":"\u0412\u044b \u0432\u044b\u0431\u0438\u0440\u0430\u0435\u0442\u0435 \u0438\u043d\u0444\u043e\u0440\u043c\u0430\u0446\u0438\u043e\u043d\u043d\u0443\u044e \u0441\u0438\u0441\u0442\u0435\u043c\u0443 \u0434\u043b\u044f \u0441\u043f\u0430- \u0438\u043b\u0438 \u0440\u0435\u0430\u0431\u0438\u043b\u0438\u0442\u0430\u0446\u0438\u043e\u043d\u043d\u043e\u0433\u043e \u0446\u0435\u043d\u0442\u0440\u0430 \u0438\u043b\u0438 \u0443\u0436\u0435 \u0438\u0441\u043f\u043e\u043b\u044c\u0437\u0443\u0435\u0442\u0435 \u0441\u0438\u0441\u0442\u0435\u043c\u0443 LBIS\/4G \u0438 \u0445\u043e\u0442\u0438\u0442\u0435 \u043f\u043e\u043b\u0443\u0447\u0438\u0442\u044c \u043a\u043e\u043d\u0441\u0443\u043b\u044c\u0442\u0430\u0446\u0438\u044e? \u0421\u0432\u044f\u0436\u0438\u0442\u0435\u0441\u044c \u0441 \u043d\u0430\u043c\u0438. \u041c\u044b \u0433\u043e\u0442\u043e\u0432\u044b \u043f\u043e\u043c\u043e\u0447\u044c.","og_url":"https:\/\/www.lauryn.cz\/kontakty\/","og_site_name":"LAURYN","article_modified_time":"2020-06-11T11:54:08+00:00","twitter_card":"summary_large_image","twitter_misc":{"\u041f\u0440\u0438\u043c\u0435\u0440\u043d\u043e\u0435 \u0432\u0440\u0435\u043c\u044f \u0434\u043b\u044f \u0447\u0442\u0435\u043d\u0438\u044f":"3 \u043c\u0438\u043d\u0443\u0442\u044b"},"schema":{"@context":"https:\/\/schema.org","@graph":[{"@type":"WebPage","@id":"https:\/\/www.lauryn.cz\/kontakty\/","url":"https:\/\/www.lauryn.cz\/kontakty\/","name":"\u041a\u043e\u043d\u0442\u0430\u043a\u0442\u044b | LAURYN","isPartOf":{"@id":"https:\/\/www.lauryn.cz\/#website"},"datePublished":"2016-12-27T13:12:30+00:00","dateModified":"2020-06-11T11:54:08+00:00","description":"\u0412\u044b \u0432\u044b\u0431\u0438\u0440\u0430\u0435\u0442\u0435 \u0438\u043d\u0444\u043e\u0440\u043c\u0430\u0446\u0438\u043e\u043d\u043d\u0443\u044e \u0441\u0438\u0441\u0442\u0435\u043c\u0443 \u0434\u043b\u044f \u0441\u043f\u0430- \u0438\u043b\u0438 \u0440\u0435\u0430\u0431\u0438\u043b\u0438\u0442\u0430\u0446\u0438\u043e\u043d\u043d\u043e\u0433\u043e \u0446\u0435\u043d\u0442\u0440\u0430 \u0438\u043b\u0438 \u0443\u0436\u0435 \u0438\u0441\u043f\u043e\u043b\u044c\u0437\u0443\u0435\u0442\u0435 \u0441\u0438\u0441\u0442\u0435\u043c\u0443 LBIS\/4G \u0438 \u0445\u043e\u0442\u0438\u0442\u0435 \u043f\u043e\u043b\u0443\u0447\u0438\u0442\u044c \u043a\u043e\u043d\u0441\u0443\u043b\u044c\u0442\u0430\u0446\u0438\u044e? \u0421\u0432\u044f\u0436\u0438\u0442\u0435\u0441\u044c \u0441 \u043d\u0430\u043c\u0438. \u041c\u044b \u0433\u043e\u0442\u043e\u0432\u044b \u043f\u043e\u043c\u043e\u0447\u044c.","breadcrumb":{"@id":"https:\/\/www.lauryn.cz\/kontakty\/#breadcrumb"},"inLanguage":"ru-RU","potentialAction":[{"@type":"ReadAction","target":["https:\/\/www.lauryn.cz\/kontakty\/"]}]},{"@type":"BreadcrumbList","@id":"https:\/\/www.lauryn.cz\/kontakty\/#breadcrumb","itemListElement":[{"@type":"ListItem","position":1,"name":"Dom\u016f","item":"https:\/\/www.lauryn.cz\/"},{"@type":"ListItem","position":2,"name":"\u041a\u043e\u043d\u0442\u0430\u043a\u0442\u044b"}]},{"@type":"WebSite","@id":"https:\/\/www.lauryn.cz\/#website","url":"https:\/\/www.lauryn.cz\/","name":"LAURYN","description":"Informa\u010dn\u00ed syst\u00e9my pro l\u00e1ze\u0148sk\u00e1 a rehabilita\u010dn\u00ed za\u0159\u00edzen\u00ed","potentialAction":[{"@type":"SearchAction","target":{"@type":"EntryPoint","urlTemplate":"https:\/\/www.lauryn.cz\/?s={search_term_string}"},"query-input":{"@type":"PropertyValueSpecification","valueRequired":true,"valueName":"search_term_string"}}],"inLanguage":"ru-RU"}]}},"_links":{"self":[{"href":"https:\/\/www.lauryn.cz\/ru\/wp-json\/wp\/v2\/pages\/12334"}],"collection":[{"href":"https:\/\/www.lauryn.cz\/ru\/wp-json\/wp\/v2\/pages"}],"about":[{"href":"https:\/\/www.lauryn.cz\/ru\/wp-json\/wp\/v2\/types\/page"}],"author":[{"embeddable":true,"href":"https:\/\/www.lauryn.cz\/ru\/wp-json\/wp\/v2\/users\/5"}],"replies":[{"embeddable":true,"href":"https:\/\/www.lauryn.cz\/ru\/wp-json\/wp\/v2\/comments?post=12334"}],"version-history":[{"count":9,"href":"https:\/\/www.lauryn.cz\/ru\/wp-json\/wp\/v2\/pages\/12334\/revisions"}],"predecessor-version":[{"id":13572,"href":"https:\/\/www.lauryn.cz\/ru\/wp-json\/wp\/v2\/pages\/12334\/revisions\/13572"}],"wp:attachment":[{"href":"https:\/\/www.lauryn.cz\/ru\/wp-json\/wp\/v2\/media?parent=12334"}],"curies":[{"name":"wp","href":"https:\/\/api.w.org\/{rel}","templated":true}]}}