{"id":12340,"date":"2016-12-27T14:36:50","date_gmt":"2016-12-27T13:36:50","guid":{"rendered":"http:\/\/www.lauryn.cz\/ru\/?page_id=12340"},"modified":"2020-03-31T10:26:42","modified_gmt":"2020-03-31T09:26:42","slug":"%d1%81%d0%b8%d1%81%d1%82%d0%b5%d0%bc%d0%b0-%d0%ba%d0%b0%d1%87%d0%b5%d1%81%d1%82%d0%b2%d0%b0-%d0%b8%d1%81%d0%be","status":"publish","type":"page","link":"https:\/\/www.lauryn.cz\/ru\/%d0%be-%d0%ba%d0%be%d0%bc%d0%bf%d0%b0%d0%bd%d0%b8%d0%b8\/%d1%81%d0%b8%d1%81%d1%82%d0%b5%d0%bc%d0%b0-%d0%ba%d0%b0%d1%87%d0%b5%d1%81%d1%82%d0%b2%d0%b0-%d0%b8%d1%81%d0%be\/","title":{"rendered":"\u0421\u0438\u0441\u0442\u0435\u043c\u0430 \u043a\u0430\u0447\u0435\u0441\u0442\u0432\u0430 \u0418\u0421\u041e"},"content":{"rendered":"<p><div class=\"fusion-fullwidth fullwidth-box fusion-builder-row-1 nonhundred-percent-fullwidth non-hundred-percent-height-scrolling\" style=\"--awb-border-radius-top-left:0px;--awb-border-radius-top-right:0px;--awb-border-radius-bottom-right:0px;--awb-border-radius-bottom-left:0px;--awb-padding-top:20px;--awb-padding-bottom:20px;--awb-flex-wrap:wrap;\" ><div class=\"fusion-builder-row fusion-row\"><div class=\"fusion-layout-column fusion_builder_column fusion-builder-column-0 fusion_builder_column_1_1 1_1 fusion-one-full fusion-column-first fusion-column-last\" style=\"--awb-bg-size:cover;\"><div class=\"fusion-column-wrapper fusion-flex-column-wrapper-legacy\"><div class=\"fusion-title title fusion-title-1 fusion-title-text fusion-title-size-one\" style=\"--awb-sep-color:#ff6000;\"><h1 class=\"fusion-title-heading title-heading-left fusion-responsive-typography-calculated\" style=\"margin:0;--fontSize:40;line-height:1.4;\">\u0421\u0438\u0441\u0442\u0435\u043c\u0430 \u043a\u0430\u0447\u0435\u0441\u0442\u0432\u0430 \u0418\u0421\u041e<\/h1><span class=\"awb-title-spacer\"><\/span><div class=\"title-sep-container\"><div class=\"title-sep sep-single sep-solid\" style=\"border-color:#ff6000;\"><\/div><\/div><\/div><div class=\"fusion-clearfix\"><\/div><\/div><\/div><\/div><\/div><div class=\"fusion-fullwidth fullwidth-box fusion-builder-row-2 nonhundred-percent-fullwidth non-hundred-percent-height-scrolling\" style=\"--awb-border-radius-top-left:0px;--awb-border-radius-top-right:0px;--awb-border-radius-bottom-right:0px;--awb-border-radius-bottom-left:0px;--awb-padding-top:0px;--awb-padding-bottom:0px;--awb-flex-wrap:wrap;\" ><div class=\"fusion-builder-row fusion-row\"><div class=\"fusion-layout-column fusion_builder_column fusion-builder-column-1 fusion_builder_column_1_2 1_2 fusion-one-half fusion-column-first\" style=\"--awb-bg-size:cover;width:50%;width:calc(50% - ( ( 4% ) * 0.5 ) );margin-right: 4%;\"><div class=\"fusion-column-wrapper fusion-flex-column-wrapper-legacy\"><div class=\"fusion-text fusion-text-1\"><p>\u0412 \u043a\u043e\u043c\u043f\u0430\u043d\u0438\u0438\u00a0<strong>\u00abLAURYN v.o.s.\u00bb<\/strong> \u0432\u043d\u0435\u0434\u0440\u0435\u043d\u0430 \u0441\u0438\u0441\u0442\u0435\u043c\u0430 \u0443\u043f\u0440\u0430\u0432\u043b\u0435\u043d\u0438\u044f \u043a\u0430\u0447\u0435\u0441\u0442\u0432\u043e\u043c\u00a0\u0441\u043e\u0433\u043b\u0430\u0441\u043d\u043e \u0441\u0442\u0430\u043d\u0434\u0430\u0440\u0442\u0443\u00a0<strong>\u010cSN <\/strong><strong>EN ISO 9001:2009<\/strong>.<\/p>\n<p>\u0421\u0438\u0441\u0442\u0435\u043c\u0430 \u0432\u043d\u0435\u0434\u0440\u0435\u043d\u0430\u00a0\u0434\u043b\u044f \u0432\u0441\u0435\u0445 \u043f\u0440\u043e\u0446\u0435\u0441\u0441\u043e\u0432 \u0432 \u0440\u0430\u043c\u043a\u0430\u0445 \u043a\u043e\u043c\u043f\u0430\u043d\u0438\u0438\u00a0<strong>\u00abLAURYN v.o.s.\u00bb<\/strong> (\u0440\u0430\u0437\u0440\u0430\u0431\u043e\u0442\u043a\u0430\u00a0\u043f\u0440\u043e\u0433\u0440\u0430\u043c\u043c\u043d\u043e\u0433\u043e \u043e\u0431\u0435\u0441\u043f\u0435\u0447\u0435\u043d\u0438\u044f\u00a0\u0438 \u0438\u043d\u0444\u043e\u0440\u043c\u0430\u0446\u0438\u043e\u043d\u043d\u044b\u0445 \u0441\u0438\u0441\u0442\u0435\u043c, \u0432\u043d\u0435\u0434\u0440\u0435\u043d\u0438\u0435, \u043f\u043e\u0434\u0434\u0435\u0440\u0436\u043a\u0430 \u0438 \u0441\u0435\u0440\u0432\u0438\u0441).<\/p>\n<p>\u0421\u0438\u0441\u0442\u0435\u043c\u0430 \u0431\u044b\u043b\u0430 \u0432\u043d\u0435\u0434\u0440\u0435\u043d\u0430 \u0432 2004 \u0433\u043e\u0434\u0443. \u0415\u0436\u0435\u0433\u043e\u0434\u043d\u043e \u043f\u0440\u043e\u0432\u043e\u0434\u0438\u0442\u0441\u044f \u043a\u043e\u043d\u0442\u0440\u043e\u043b\u044c\u043d\u044b\u0439 \u0430\u0443\u0434\u0438\u0442. \u0412\u0441\u0435\u0433\u0434\u0430\u00a0\u0447\u0435\u0440\u0435\u0437 \u0442\u0440\u0438\u00a0\u0433\u043e\u0434\u0430\u00a0\u043e\u0441\u0443\u0449\u0435\u0441\u0442\u0432\u043b\u044f\u0435\u0442\u0441\u044f \u0430\u0443\u0434\u0438\u0442 \u043f\u043e\u0441\u043b\u0435\u0434\u0443\u044e\u0449\u0435\u0439 \u0441\u0435\u0440\u0442\u0438\u0444\u0438\u043a\u0430\u0446\u0438\u0438 (2016 \u0433.).<\/p>\n<\/div><div class=\"fusion-clearfix\"><\/div><\/div><\/div><div class=\"fusion-layout-column fusion_builder_column fusion-builder-column-2 fusion_builder_column_1_2 1_2 fusion-one-half fusion-column-last\" style=\"--awb-bg-size:cover;width:50%;width:calc(50% - ( ( 4% ) * 0.5 ) );\"><div class=\"fusion-column-wrapper fusion-flex-column-wrapper-legacy\"><div class=\"fusion-image-element fusion-image-align-center in-legacy-container\" style=\"text-align:center;--awb-caption-title-font-family:var(--h2_typography-font-family);--awb-caption-title-font-weight:var(--h2_typography-font-weight);--awb-caption-title-font-style:var(--h2_typography-font-style);--awb-caption-title-size:var(--h2_typography-font-size);--awb-caption-title-transform:var(--h2_typography-text-transform);--awb-caption-title-line-height:var(--h2_typography-line-height);--awb-caption-title-letter-spacing:var(--h2_typography-letter-spacing);\"><div class=\"imageframe-align-center\"><span class=\" fusion-imageframe imageframe-dropshadow imageframe-1 hover-type-none\" style=\"-webkit-box-shadow: 3px 3px 7px rgba(0,0,0,0.3);box-shadow: 3px 3px 7px rgba(0,0,0,0.3);\"><a href=\"https:\/\/www.lauryn.cz\/wp-content\/uploads\/2016\/11\/certifikat_ISO_EN_2019-1-212x300.jpg\" class=\"fusion-lightbox\" data-rel=\"iLightbox[512adc1df185020e3b6]\" data-title=\"certifikat_ISO_EN_2019\" title=\"certifikat_ISO_EN_2019\"><img decoding=\"async\" width=\"212\" height=\"300\" alt=\"Certifik\u00e1t ISO\" src=\"https:\/\/www.lauryn.cz\/wp-content\/uploads\/2016\/11\/certifikat_ISO_EN_2019-1-212x300.jpg\" class=\"img-responsive wp-image-14545\" srcset=\"https:\/\/www.lauryn.cz\/wp-content\/uploads\/2016\/11\/certifikat_ISO_EN_2019-1-200x283.jpg 200w, https:\/\/www.lauryn.cz\/wp-content\/uploads\/2016\/11\/certifikat_ISO_EN_2019-1-400x566.jpg 400w, https:\/\/www.lauryn.cz\/wp-content\/uploads\/2016\/11\/certifikat_ISO_EN_2019-1-600x848.jpg 600w, https:\/\/www.lauryn.cz\/wp-content\/uploads\/2016\/11\/certifikat_ISO_EN_2019-1-800x1131.jpg 800w, https:\/\/www.lauryn.cz\/wp-content\/uploads\/2016\/11\/certifikat_ISO_EN_2019-1-1200x1697.jpg 1200w\" sizes=\"(max-width: 800px) 100vw, 600px\" \/><\/a><\/span><\/div><\/div><div class=\"fusion-clearfix\"><\/div><\/div><\/div><\/div><\/div><\/p>\n","protected":false},"excerpt":{"rendered":"","protected":false},"author":5,"featured_media":0,"parent":12332,"menu_order":0,"comment_status":"closed","ping_status":"closed","template":"","meta":{"footnotes":""},"class_list":["post-12340","page","type-page","status-publish","hentry"],"yoast_head":"<!-- This site is optimized with the Yoast SEO plugin v23.6 - https:\/\/yoast.com\/wordpress\/plugins\/seo\/ -->\n<title>\u0421\u0438\u0441\u0442\u0435\u043c\u0430 \u043a\u0430\u0447\u0435\u0441\u0442\u0432\u0430 \u0418\u0421\u041e | LAURYN<\/title>\n<meta name=\"description\" content=\"\u041a\u043e\u043c\u043f\u0430\u043d\u0438\u044f LAURYN s.r.o. \u0432\u043d\u0435\u0434\u0440\u0438\u043b\u0430 \u0438 \u0441\u0435\u0440\u0442\u0438\u0444\u0438\u0446\u0438\u0440\u043e\u0432\u0430\u043b\u0430 \u0441\u0438\u0441\u0442\u0435\u043c\u0443 \u043c\u0435\u043d\u0435\u0434\u0436\u043c\u0435\u043d\u0442\u0430 \u043a\u0430\u0447\u0435\u0441\u0442\u0432\u0430 ISO \u0434\u043b\u044f \u0432\u0441\u0435\u0445 \u043f\u0440\u043e\u0446\u0435\u0441\u0441\u043e\u0432 \u0432\u043d\u0443\u0442\u0440\u0438 \u043a\u043e\u043c\u043f\u0430\u043d\u0438\u0438.\" \/>\n<meta name=\"robots\" content=\"index, follow, max-snippet:-1, max-image-preview:large, max-video-preview:-1\" \/>\n<link rel=\"canonical\" href=\"https:\/\/www.lauryn.cz\/o-nas\/system-kvality-iso\/\" \/>\n<meta property=\"og:locale\" content=\"ru_RU\" \/>\n<meta property=\"og:type\" content=\"article\" \/>\n<meta property=\"og:title\" content=\"\u0421\u0438\u0441\u0442\u0435\u043c\u0430 \u043a\u0430\u0447\u0435\u0441\u0442\u0432\u0430 \u0418\u0421\u041e | LAURYN\" \/>\n<meta property=\"og:description\" content=\"\u041a\u043e\u043c\u043f\u0430\u043d\u0438\u044f LAURYN s.r.o. \u0432\u043d\u0435\u0434\u0440\u0438\u043b\u0430 \u0438 \u0441\u0435\u0440\u0442\u0438\u0444\u0438\u0446\u0438\u0440\u043e\u0432\u0430\u043b\u0430 \u0441\u0438\u0441\u0442\u0435\u043c\u0443 \u043c\u0435\u043d\u0435\u0434\u0436\u043c\u0435\u043d\u0442\u0430 \u043a\u0430\u0447\u0435\u0441\u0442\u0432\u0430 ISO \u0434\u043b\u044f \u0432\u0441\u0435\u0445 \u043f\u0440\u043e\u0446\u0435\u0441\u0441\u043e\u0432 \u0432\u043d\u0443\u0442\u0440\u0438 \u043a\u043e\u043c\u043f\u0430\u043d\u0438\u0438.\" \/>\n<meta property=\"og:url\" content=\"https:\/\/www.lauryn.cz\/o-nas\/system-kvality-iso\/\" \/>\n<meta property=\"og:site_name\" content=\"LAURYN\" \/>\n<meta property=\"article:modified_time\" content=\"2020-03-31T09:26:42+00:00\" \/>\n<meta name=\"twitter:card\" content=\"summary_large_image\" \/>\n<meta name=\"twitter:label1\" content=\"\u041f\u0440\u0438\u043c\u0435\u0440\u043d\u043e\u0435 \u0432\u0440\u0435\u043c\u044f \u0434\u043b\u044f \u0447\u0442\u0435\u043d\u0438\u044f\" \/>\n\t<meta name=\"twitter:data1\" content=\"2 \u043c\u0438\u043d\u0443\u0442\u044b\" \/>\n<script type=\"application\/ld+json\" class=\"yoast-schema-graph\">{\"@context\":\"https:\/\/schema.org\",\"@graph\":[{\"@type\":\"WebPage\",\"@id\":\"https:\/\/www.lauryn.cz\/o-nas\/system-kvality-iso\/\",\"url\":\"https:\/\/www.lauryn.cz\/o-nas\/system-kvality-iso\/\",\"name\":\"\u0421\u0438\u0441\u0442\u0435\u043c\u0430 \u043a\u0430\u0447\u0435\u0441\u0442\u0432\u0430 \u0418\u0421\u041e | LAURYN\",\"isPartOf\":{\"@id\":\"https:\/\/www.lauryn.cz\/#website\"},\"datePublished\":\"2016-12-27T13:36:50+00:00\",\"dateModified\":\"2020-03-31T09:26:42+00:00\",\"description\":\"\u041a\u043e\u043c\u043f\u0430\u043d\u0438\u044f LAURYN s.r.o. \u0432\u043d\u0435\u0434\u0440\u0438\u043b\u0430 \u0438 \u0441\u0435\u0440\u0442\u0438\u0444\u0438\u0446\u0438\u0440\u043e\u0432\u0430\u043b\u0430 \u0441\u0438\u0441\u0442\u0435\u043c\u0443 \u043c\u0435\u043d\u0435\u0434\u0436\u043c\u0435\u043d\u0442\u0430 \u043a\u0430\u0447\u0435\u0441\u0442\u0432\u0430 ISO \u0434\u043b\u044f \u0432\u0441\u0435\u0445 \u043f\u0440\u043e\u0446\u0435\u0441\u0441\u043e\u0432 \u0432\u043d\u0443\u0442\u0440\u0438 \u043a\u043e\u043c\u043f\u0430\u043d\u0438\u0438.\",\"breadcrumb\":{\"@id\":\"https:\/\/www.lauryn.cz\/o-nas\/system-kvality-iso\/#breadcrumb\"},\"inLanguage\":\"ru-RU\",\"potentialAction\":[{\"@type\":\"ReadAction\",\"target\":[\"https:\/\/www.lauryn.cz\/o-nas\/system-kvality-iso\/\"]}]},{\"@type\":\"BreadcrumbList\",\"@id\":\"https:\/\/www.lauryn.cz\/o-nas\/system-kvality-iso\/#breadcrumb\",\"itemListElement\":[{\"@type\":\"ListItem\",\"position\":1,\"name\":\"Dom\u016f\",\"item\":\"https:\/\/www.lauryn.cz\/\"},{\"@type\":\"ListItem\",\"position\":2,\"name\":\"\u041e \u043a\u043e\u043c\u043f\u0430\u043d\u0438\u0438\",\"item\":\"https:\/\/www.lauryn.cz\/o-nas\/\"},{\"@type\":\"ListItem\",\"position\":3,\"name\":\"\u0421\u0438\u0441\u0442\u0435\u043c\u0430 \u043a\u0430\u0447\u0435\u0441\u0442\u0432\u0430 \u0418\u0421\u041e\"}]},{\"@type\":\"WebSite\",\"@id\":\"https:\/\/www.lauryn.cz\/#website\",\"url\":\"https:\/\/www.lauryn.cz\/\",\"name\":\"LAURYN\",\"description\":\"Informa\u010dn\u00ed syst\u00e9my pro l\u00e1ze\u0148sk\u00e1 a rehabilita\u010dn\u00ed za\u0159\u00edzen\u00ed\",\"potentialAction\":[{\"@type\":\"SearchAction\",\"target\":{\"@type\":\"EntryPoint\",\"urlTemplate\":\"https:\/\/www.lauryn.cz\/?s={search_term_string}\"},\"query-input\":{\"@type\":\"PropertyValueSpecification\",\"valueRequired\":true,\"valueName\":\"search_term_string\"}}],\"inLanguage\":\"ru-RU\"}]}<\/script>\n<!-- \/ Yoast SEO plugin. -->","yoast_head_json":{"title":"\u0421\u0438\u0441\u0442\u0435\u043c\u0430 \u043a\u0430\u0447\u0435\u0441\u0442\u0432\u0430 \u0418\u0421\u041e | LAURYN","description":"\u041a\u043e\u043c\u043f\u0430\u043d\u0438\u044f LAURYN s.r.o. \u0432\u043d\u0435\u0434\u0440\u0438\u043b\u0430 \u0438 \u0441\u0435\u0440\u0442\u0438\u0444\u0438\u0446\u0438\u0440\u043e\u0432\u0430\u043b\u0430 \u0441\u0438\u0441\u0442\u0435\u043c\u0443 \u043c\u0435\u043d\u0435\u0434\u0436\u043c\u0435\u043d\u0442\u0430 \u043a\u0430\u0447\u0435\u0441\u0442\u0432\u0430 ISO \u0434\u043b\u044f \u0432\u0441\u0435\u0445 \u043f\u0440\u043e\u0446\u0435\u0441\u0441\u043e\u0432 \u0432\u043d\u0443\u0442\u0440\u0438 \u043a\u043e\u043c\u043f\u0430\u043d\u0438\u0438.","robots":{"index":"index","follow":"follow","max-snippet":"max-snippet:-1","max-image-preview":"max-image-preview:large","max-video-preview":"max-video-preview:-1"},"canonical":"https:\/\/www.lauryn.cz\/o-nas\/system-kvality-iso\/","og_locale":"ru_RU","og_type":"article","og_title":"\u0421\u0438\u0441\u0442\u0435\u043c\u0430 \u043a\u0430\u0447\u0435\u0441\u0442\u0432\u0430 \u0418\u0421\u041e | LAURYN","og_description":"\u041a\u043e\u043c\u043f\u0430\u043d\u0438\u044f LAURYN s.r.o. \u0432\u043d\u0435\u0434\u0440\u0438\u043b\u0430 \u0438 \u0441\u0435\u0440\u0442\u0438\u0444\u0438\u0446\u0438\u0440\u043e\u0432\u0430\u043b\u0430 \u0441\u0438\u0441\u0442\u0435\u043c\u0443 \u043c\u0435\u043d\u0435\u0434\u0436\u043c\u0435\u043d\u0442\u0430 \u043a\u0430\u0447\u0435\u0441\u0442\u0432\u0430 ISO \u0434\u043b\u044f \u0432\u0441\u0435\u0445 \u043f\u0440\u043e\u0446\u0435\u0441\u0441\u043e\u0432 \u0432\u043d\u0443\u0442\u0440\u0438 \u043a\u043e\u043c\u043f\u0430\u043d\u0438\u0438.","og_url":"https:\/\/www.lauryn.cz\/o-nas\/system-kvality-iso\/","og_site_name":"LAURYN","article_modified_time":"2020-03-31T09:26:42+00:00","twitter_card":"summary_large_image","twitter_misc":{"\u041f\u0440\u0438\u043c\u0435\u0440\u043d\u043e\u0435 \u0432\u0440\u0435\u043c\u044f \u0434\u043b\u044f \u0447\u0442\u0435\u043d\u0438\u044f":"2 \u043c\u0438\u043d\u0443\u0442\u044b"},"schema":{"@context":"https:\/\/schema.org","@graph":[{"@type":"WebPage","@id":"https:\/\/www.lauryn.cz\/o-nas\/system-kvality-iso\/","url":"https:\/\/www.lauryn.cz\/o-nas\/system-kvality-iso\/","name":"\u0421\u0438\u0441\u0442\u0435\u043c\u0430 \u043a\u0430\u0447\u0435\u0441\u0442\u0432\u0430 \u0418\u0421\u041e | LAURYN","isPartOf":{"@id":"https:\/\/www.lauryn.cz\/#website"},"datePublished":"2016-12-27T13:36:50+00:00","dateModified":"2020-03-31T09:26:42+00:00","description":"\u041a\u043e\u043c\u043f\u0430\u043d\u0438\u044f LAURYN s.r.o. \u0432\u043d\u0435\u0434\u0440\u0438\u043b\u0430 \u0438 \u0441\u0435\u0440\u0442\u0438\u0444\u0438\u0446\u0438\u0440\u043e\u0432\u0430\u043b\u0430 \u0441\u0438\u0441\u0442\u0435\u043c\u0443 \u043c\u0435\u043d\u0435\u0434\u0436\u043c\u0435\u043d\u0442\u0430 \u043a\u0430\u0447\u0435\u0441\u0442\u0432\u0430 ISO \u0434\u043b\u044f \u0432\u0441\u0435\u0445 \u043f\u0440\u043e\u0446\u0435\u0441\u0441\u043e\u0432 \u0432\u043d\u0443\u0442\u0440\u0438 \u043a\u043e\u043c\u043f\u0430\u043d\u0438\u0438.","breadcrumb":{"@id":"https:\/\/www.lauryn.cz\/o-nas\/system-kvality-iso\/#breadcrumb"},"inLanguage":"ru-RU","potentialAction":[{"@type":"ReadAction","target":["https:\/\/www.lauryn.cz\/o-nas\/system-kvality-iso\/"]}]},{"@type":"BreadcrumbList","@id":"https:\/\/www.lauryn.cz\/o-nas\/system-kvality-iso\/#breadcrumb","itemListElement":[{"@type":"ListItem","position":1,"name":"Dom\u016f","item":"https:\/\/www.lauryn.cz\/"},{"@type":"ListItem","position":2,"name":"\u041e \u043a\u043e\u043c\u043f\u0430\u043d\u0438\u0438","item":"https:\/\/www.lauryn.cz\/o-nas\/"},{"@type":"ListItem","position":3,"name":"\u0421\u0438\u0441\u0442\u0435\u043c\u0430 \u043a\u0430\u0447\u0435\u0441\u0442\u0432\u0430 \u0418\u0421\u041e"}]},{"@type":"WebSite","@id":"https:\/\/www.lauryn.cz\/#website","url":"https:\/\/www.lauryn.cz\/","name":"LAURYN","description":"Informa\u010dn\u00ed syst\u00e9my pro l\u00e1ze\u0148sk\u00e1 a rehabilita\u010dn\u00ed za\u0159\u00edzen\u00ed","potentialAction":[{"@type":"SearchAction","target":{"@type":"EntryPoint","urlTemplate":"https:\/\/www.lauryn.cz\/?s={search_term_string}"},"query-input":{"@type":"PropertyValueSpecification","valueRequired":true,"valueName":"search_term_string"}}],"inLanguage":"ru-RU"}]}},"_links":{"self":[{"href":"https:\/\/www.lauryn.cz\/ru\/wp-json\/wp\/v2\/pages\/12340"}],"collection":[{"href":"https:\/\/www.lauryn.cz\/ru\/wp-json\/wp\/v2\/pages"}],"about":[{"href":"https:\/\/www.lauryn.cz\/ru\/wp-json\/wp\/v2\/types\/page"}],"author":[{"embeddable":true,"href":"https:\/\/www.lauryn.cz\/ru\/wp-json\/wp\/v2\/users\/5"}],"replies":[{"embeddable":true,"href":"https:\/\/www.lauryn.cz\/ru\/wp-json\/wp\/v2\/comments?post=12340"}],"version-history":[{"count":7,"href":"https:\/\/www.lauryn.cz\/ru\/wp-json\/wp\/v2\/pages\/12340\/revisions"}],"predecessor-version":[{"id":13407,"href":"https:\/\/www.lauryn.cz\/ru\/wp-json\/wp\/v2\/pages\/12340\/revisions\/13407"}],"up":[{"embeddable":true,"href":"https:\/\/www.lauryn.cz\/ru\/wp-json\/wp\/v2\/pages\/12332"}],"wp:attachment":[{"href":"https:\/\/www.lauryn.cz\/ru\/wp-json\/wp\/v2\/media?parent=12340"}],"curies":[{"name":"wp","href":"https:\/\/api.w.org\/{rel}","templated":true}]}}