{"id":14738,"date":"2023-10-27T13:31:48","date_gmt":"2023-10-27T12:31:48","guid":{"rendered":"https:\/\/www.lauryn.cz\/?page_id=14738"},"modified":"2023-10-30T14:57:24","modified_gmt":"2023-10-30T13:57:24","slug":"produkty","status":"publish","type":"page","link":"https:\/\/www.lauryn.cz\/sk\/produkty\/","title":{"rendered":"Produkty"},"content":{"rendered":"<p><div class=\"fusion-fullwidth fullwidth-box fusion-builder-row-1 nonhundred-percent-fullwidth non-hundred-percent-height-scrolling fusion-equal-height-columns\" style=\"--awb-border-radius-top-left:0px;--awb-border-radius-top-right:0px;--awb-border-radius-bottom-right:0px;--awb-border-radius-bottom-left:0px;--awb-padding-top:20px;--awb-padding-bottom:20px;--awb-flex-wrap:wrap;\" ><div class=\"fusion-builder-row fusion-row\"><div class=\"fusion-layout-column fusion_builder_column fusion-builder-column-0 fusion_builder_column_1_2 1_2 fusion-one-half fusion-column-first\" style=\"--awb-padding-top:15px;--awb-padding-right:15px;--awb-padding-bottom:15px;--awb-padding-left:15px;--awb-bg-size:cover;--awb-margin-top:10px;--awb-margin-bottom:10px;width:50%;width:calc(50% - ( ( 4% ) * 0.5 ) );margin-right: 4%;\"><div class=\"fusion-column-wrapper fusion-flex-column-wrapper-legacy\"><div class=\"fusion-column-content-centered\"><div class=\"fusion-column-content\"><div class=\"fusion-image-element in-legacy-container\" style=\"--awb-caption-title-font-family:var(--h2_typography-font-family);--awb-caption-title-font-weight:var(--h2_typography-font-weight);--awb-caption-title-font-style:var(--h2_typography-font-style);--awb-caption-title-size:var(--h2_typography-font-size);--awb-caption-title-transform:var(--h2_typography-text-transform);--awb-caption-title-line-height:var(--h2_typography-line-height);--awb-caption-title-letter-spacing:var(--h2_typography-letter-spacing);\"><span class=\" fusion-imageframe imageframe-none imageframe-1 hover-type-none\"><img decoding=\"async\" width=\"800\" height=\"400\" title=\"fotka-uvod-800\" src=\"https:\/\/www.lauryn.cz\/wp-content\/uploads\/2020\/03\/fotka-uvod-800.jpg\" alt class=\"img-responsive wp-image-14579\" srcset=\"https:\/\/www.lauryn.cz\/wp-content\/uploads\/2020\/03\/fotka-uvod-800-200x100.jpg 200w, https:\/\/www.lauryn.cz\/wp-content\/uploads\/2020\/03\/fotka-uvod-800-400x200.jpg 400w, https:\/\/www.lauryn.cz\/wp-content\/uploads\/2020\/03\/fotka-uvod-800-600x300.jpg 600w, https:\/\/www.lauryn.cz\/wp-content\/uploads\/2020\/03\/fotka-uvod-800.jpg 800w\" sizes=\"(max-width: 800px) 100vw, 600px\" \/><\/span><\/div><\/div><\/div><div class=\"fusion-clearfix\"><\/div><\/div><\/div><div class=\"fusion-layout-column fusion_builder_column fusion-builder-column-1 fusion_builder_column_1_2 1_2 fusion-one-half fusion-column-last\" style=\"--awb-padding-top:15px;--awb-padding-right:15px;--awb-padding-bottom:15px;--awb-padding-left:15px;--awb-bg-size:cover;--awb-margin-top:10px;--awb-margin-bottom:10px;width:50%;width:calc(50% - ( ( 4% ) * 0.5 ) );\"><div class=\"fusion-column-wrapper fusion-flex-column-wrapper-legacy\"><div class=\"fusion-column-content-centered\"><div class=\"fusion-column-content\"><div class=\"fusion-title title fusion-title-1 fusion-sep-none fusion-title-text fusion-title-size-one\" style=\"--awb-margin-top:10px;--awb-margin-bottom:10px;--awb-sep-color:#ff6000;\"><h1 class=\"fusion-title-heading title-heading-left fusion-responsive-typography-calculated\" style=\"margin:0;--fontSize:40;line-height:1.4;\">Informa\u010dn\u00fd syst\u00e9m pre k\u00fapele a\u00a0rehabilit\u00e1cie<\/h1><\/div><div class=\"fusion-text fusion-text-1\"><p>Z\u00edskajte komplexn\u00fd informa\u010dn\u00fd syst\u00e9m pre svoje zariadenie. Softv\u00e9r LBIS\/4G je ide\u00e1lny na riadenie v\u0161etk\u00fdch procesov v\u00a0zdravotn\u00edckych zariadeniach, ako s\u00fa lie\u010debn\u00e9 k\u00fapele, k\u00fape\u013en\u00e9 sanat\u00f3ri\u00e1 a\u00a0hotely, rehabilita\u010dn\u00e9 kliniky a\u00a0\u00fastavy, stredn\u00e9 a\u00a0ve\u013ek\u00e9 ambulantn\u00e9 centr\u00e1 pre rehabilit\u00e1ciu a\u00a0fyzioterapiu a\u00a0odborn\u00e9 lie\u010debn\u00e9 \u00fastavy (OL\u00da).<\/p>\n<\/div><div class=\"fusion-sep-clear\"><\/div><div class=\"fusion-separator fusion-full-width-sep\" style=\"margin-left: auto;margin-right: auto;margin-top:20px;width:100%;\"><\/div><div class=\"fusion-sep-clear\"><\/div><div class=\"fusion-button-wrapper\"><a class=\"fusion-button button-flat button-large button-custom fusion-button-default button-1 fusion-button-default-span fusion-button-default-type\" style=\"--button_accent_color:#ffffff;--button_accent_hover_color:#ffffff;--button_border_hover_color:#ffffff;--button_gradient_top_color:#e16925;--button_gradient_bottom_color:#e16925;--button_gradient_top_color_hover:#e0844e;--button_gradient_bottom_color_hover:#e0844e;\" target=\"_self\" href=\"\/sk\/produkty\/system-lbis4g\/\" id=\"button\"><span class=\"fusion-button-text\">Zistite viac<\/span><\/a><\/div><\/div><\/div><div class=\"fusion-clearfix\"><\/div><\/div><\/div><\/div><\/div><div class=\"fusion-fullwidth fullwidth-box fusion-builder-row-2 nonhundred-percent-fullwidth non-hundred-percent-height-scrolling fusion-equal-height-columns\" style=\"--awb-border-radius-top-left:0px;--awb-border-radius-top-right:0px;--awb-border-radius-bottom-right:0px;--awb-border-radius-bottom-left:0px;--awb-padding-top:40px;--awb-padding-bottom:40px;--awb-background-color:rgba(205,214,224,0.4);--awb-flex-wrap:wrap;\" ><div class=\"fusion-builder-row fusion-row\"><div class=\"fusion-layout-column fusion_builder_column fusion-builder-column-2 fusion_builder_column_1_2 1_2 fusion-one-half fusion-column-first\" style=\"--awb-bg-size:cover;width:50%;width:calc(50% - ( ( 4% ) * 0.5 ) );margin-right: 4%;\"><div class=\"fusion-column-wrapper fusion-flex-column-wrapper-legacy\"><div class=\"fusion-column-content-centered\"><div class=\"fusion-column-content\"><div class=\"fusion-image-element in-legacy-container\" style=\"--awb-caption-title-font-family:var(--h2_typography-font-family);--awb-caption-title-font-weight:var(--h2_typography-font-weight);--awb-caption-title-font-style:var(--h2_typography-font-style);--awb-caption-title-size:var(--h2_typography-font-size);--awb-caption-title-transform:var(--h2_typography-text-transform);--awb-caption-title-line-height:var(--h2_typography-line-height);--awb-caption-title-letter-spacing:var(--h2_typography-letter-spacing);\"><span class=\" fusion-imageframe imageframe-none imageframe-2 hover-type-none\"><img decoding=\"async\" width=\"800\" height=\"400\" title=\"ostatni-produkty-banner-uprava\" src=\"https:\/\/www.lauryn.cz\/wp-content\/uploads\/2016\/12\/ostatni-produkty-banner-uprava.png\" alt class=\"img-responsive wp-image-14627\" srcset=\"https:\/\/www.lauryn.cz\/wp-content\/uploads\/2016\/12\/ostatni-produkty-banner-uprava-200x100.png 200w, https:\/\/www.lauryn.cz\/wp-content\/uploads\/2016\/12\/ostatni-produkty-banner-uprava-400x200.png 400w, https:\/\/www.lauryn.cz\/wp-content\/uploads\/2016\/12\/ostatni-produkty-banner-uprava-600x300.png 600w, https:\/\/www.lauryn.cz\/wp-content\/uploads\/2016\/12\/ostatni-produkty-banner-uprava.png 800w\" sizes=\"(max-width: 800px) 100vw, 600px\" \/><\/span><\/div><\/div><\/div><div class=\"fusion-clearfix\"><\/div><\/div><\/div><div class=\"fusion-layout-column fusion_builder_column fusion-builder-column-3 fusion_builder_column_1_2 1_2 fusion-one-half fusion-column-last\" style=\"--awb-bg-size:cover;width:50%;width:calc(50% - ( ( 4% ) * 0.5 ) );\"><div class=\"fusion-column-wrapper fusion-flex-column-wrapper-legacy\"><div class=\"fusion-column-content-centered\"><div class=\"fusion-column-content\"><div class=\"fusion-title title fusion-title-2 fusion-sep-none fusion-title-text fusion-title-size-two\"><h2 class=\"fusion-title-heading title-heading-left fusion-responsive-typography-calculated\" style=\"margin:0;--fontSize:28;line-height:1.5;\">Nadstavbov\u00e9 moduly k\u00a0LBIS\/4G<\/h2><\/div><div class=\"fusion-text fusion-text-2\"><p><strong>MIS\/4G<\/strong> &#8211; <a href=\"\/wp-content\/uploads\/2020\/03\/Katalog_MIS4G.pdf\" target=\"_blank\" rel=\"noopener noreferrer\">prezrie\u0165 katal\u00f3g<\/a><\/p>\n<p>Majte v\u0161etky d\u00e1ta na jednom mieste pre svoje mana\u017e\u00e9rske rozhodnutia.<\/p>\n<p><strong>On-line\/4G<\/strong>\u00a0&#8211;\u00a0<a href=\"\/wp-content\/uploads\/2020\/03\/Katalog_OnLine.pdf\" target=\"_blank\" rel=\"noopener noreferrer\">prezrie\u0165 katal\u00f3g<\/a><\/p>\n<p>Rie\u0161enie pre online rezerv\u00e1cie pobytov na va\u0161om webe alebo partnersk\u00fdch port\u00e1loch, ako je Booking.com, Hotel.cz, Expedia alebo HRS.<\/p>\n<p><strong>CRM Mailing\/4G<\/strong>\u00a0&#8211;\u00a0<a href=\"\/wp-content\/uploads\/2020\/03\/Katalog_CRM_mailing.pdf\" target=\"_blank\" rel=\"noopener noreferrer\">prezrie\u0165 katal\u00f3g<\/a><\/p>\n<p>Zjednodu\u0161te komunik\u00e1ciu s\u00a0klientmi, pacientmi a\u00a0obchodn\u00fdmi partnermi v\u010faka automatizovan\u00fdm e-mailom a\u00a0SMS spr\u00e1vam.<\/p>\n<p><strong>Vouchery LBIS\/4G<\/strong> &#8211; <a href=\"https:\/\/www.lauryn.cz\/wp-content\/uploads\/2021\/09\/Katalog_Vouchery.pdf\" target=\"_blank\" rel=\"noopener noreferrer\">prezrie\u0165 katal\u00f3g<\/a><\/p>\n<p>Pred\u00e1vajte on-line dar\u010dekov\u00e9 poukazy a\u00a0vouchery svojim klientom.<\/p>\n<\/div><\/div><\/div><div class=\"fusion-clearfix\"><\/div><\/div><\/div><\/div><\/div><div class=\"fusion-fullwidth fullwidth-box fusion-builder-row-3 nonhundred-percent-fullwidth non-hundred-percent-height-scrolling\" style=\"--awb-border-radius-top-left:0px;--awb-border-radius-top-right:0px;--awb-border-radius-bottom-right:0px;--awb-border-radius-bottom-left:0px;--awb-padding-top:20px;--awb-padding-bottom:20px;--awb-flex-wrap:wrap;\" ><div class=\"fusion-builder-row fusion-row\"><div class=\"fusion-layout-column fusion_builder_column fusion-builder-column-4 fusion_builder_column_1_1 1_1 fusion-one-full fusion-column-first fusion-column-last\" style=\"--awb-bg-size:cover;\"><div class=\"fusion-column-wrapper fusion-flex-column-wrapper-legacy\"><div class=\"fusion-title title fusion-title-3 fusion-sep-none fusion-title-text fusion-title-size-two\" style=\"--awb-margin-top:30px;--awb-margin-bottom:10px;\"><h2 class=\"fusion-title-heading title-heading-left fusion-responsive-typography-calculated\" style=\"margin:0;--fontSize:28;line-height:1.5;\">Referencie<\/h2><\/div><iframe src=\"https:\/\/www.google.com\/maps\/d\/embed?mid=1vqEP_xe4bIO2ra4o8mUQL2ZlTNA\" width=\"100%\" height=\"480\"><\/iframe><div class=\"fusion-clearfix\"><\/div><\/div><\/div><\/div><\/div><\/p>\n","protected":false},"excerpt":{"rendered":"","protected":false},"author":5,"featured_media":0,"parent":0,"menu_order":0,"comment_status":"closed","ping_status":"closed","template":"100-width.php","meta":{"footnotes":""},"class_list":["post-14738","page","type-page","status-publish","hentry"],"yoast_head":"<!-- This site is optimized with the Yoast SEO plugin v23.6 - https:\/\/yoast.com\/wordpress\/plugins\/seo\/ -->\n<title>Softv\u00e9r pre k\u00fapele a rehabilit\u00e1cie | LAURYN<\/title>\n<meta name=\"description\" content=\"Informa\u010dn\u00fd syst\u00e9m je ur\u010den\u00fd pre lie\u010debn\u00e9 k\u00fapele, k\u00fape\u013en\u00e9 sanat\u00f3ri\u00e1 a hotely, rehabilita\u010dn\u00e9 kliniky, OL\u00da a centr\u00e1 pre rehabilit\u00e1ciu a fyzioterapiu.\" \/>\n<meta name=\"robots\" content=\"index, follow, max-snippet:-1, max-image-preview:large, max-video-preview:-1\" \/>\n<link rel=\"canonical\" href=\"https:\/\/www.lauryn.cz\/produkty\/\" \/>\n<meta property=\"og:locale\" content=\"sk_SK\" \/>\n<meta property=\"og:type\" content=\"article\" \/>\n<meta property=\"og:title\" content=\"Softv\u00e9r pre k\u00fapele a rehabilit\u00e1cie | LAURYN\" \/>\n<meta property=\"og:description\" content=\"Informa\u010dn\u00fd syst\u00e9m je ur\u010den\u00fd pre lie\u010debn\u00e9 k\u00fapele, k\u00fape\u013en\u00e9 sanat\u00f3ri\u00e1 a hotely, rehabilita\u010dn\u00e9 kliniky, OL\u00da a centr\u00e1 pre rehabilit\u00e1ciu a fyzioterapiu.\" \/>\n<meta property=\"og:url\" content=\"https:\/\/www.lauryn.cz\/produkty\/\" \/>\n<meta property=\"og:site_name\" content=\"LAURYN\" \/>\n<meta property=\"article:modified_time\" content=\"2023-10-30T13:57:24+00:00\" \/>\n<meta name=\"twitter:card\" content=\"summary_large_image\" \/>\n<meta name=\"twitter:label1\" content=\"Predpokladan\u00fd \u010das \u010d\u00edtania\" \/>\n\t<meta name=\"twitter:data1\" content=\"5 min\u00fat\" \/>\n<script type=\"application\/ld+json\" class=\"yoast-schema-graph\">{\"@context\":\"https:\/\/schema.org\",\"@graph\":[{\"@type\":\"WebPage\",\"@id\":\"https:\/\/www.lauryn.cz\/produkty\/\",\"url\":\"https:\/\/www.lauryn.cz\/produkty\/\",\"name\":\"Softv\u00e9r pre k\u00fapele a rehabilit\u00e1cie | LAURYN\",\"isPartOf\":{\"@id\":\"https:\/\/www.lauryn.cz\/#website\"},\"datePublished\":\"2023-10-27T12:31:48+00:00\",\"dateModified\":\"2023-10-30T13:57:24+00:00\",\"description\":\"Informa\u010dn\u00fd syst\u00e9m je ur\u010den\u00fd pre lie\u010debn\u00e9 k\u00fapele, k\u00fape\u013en\u00e9 sanat\u00f3ri\u00e1 a hotely, rehabilita\u010dn\u00e9 kliniky, OL\u00da a centr\u00e1 pre rehabilit\u00e1ciu a fyzioterapiu.\",\"breadcrumb\":{\"@id\":\"https:\/\/www.lauryn.cz\/produkty\/#breadcrumb\"},\"inLanguage\":\"sk-SK\",\"potentialAction\":[{\"@type\":\"ReadAction\",\"target\":[\"https:\/\/www.lauryn.cz\/produkty\/\"]}]},{\"@type\":\"BreadcrumbList\",\"@id\":\"https:\/\/www.lauryn.cz\/produkty\/#breadcrumb\",\"itemListElement\":[{\"@type\":\"ListItem\",\"position\":1,\"name\":\"Dom\u016f\",\"item\":\"https:\/\/www.lauryn.cz\/sk\/\"},{\"@type\":\"ListItem\",\"position\":2,\"name\":\"Produkty\"}]},{\"@type\":\"WebSite\",\"@id\":\"https:\/\/www.lauryn.cz\/#website\",\"url\":\"https:\/\/www.lauryn.cz\/\",\"name\":\"LAURYN\",\"description\":\"Informa\u010dn\u00ed syst\u00e9my pro l\u00e1ze\u0148sk\u00e1 a rehabilita\u010dn\u00ed za\u0159\u00edzen\u00ed\",\"potentialAction\":[{\"@type\":\"SearchAction\",\"target\":{\"@type\":\"EntryPoint\",\"urlTemplate\":\"https:\/\/www.lauryn.cz\/?s={search_term_string}\"},\"query-input\":{\"@type\":\"PropertyValueSpecification\",\"valueRequired\":true,\"valueName\":\"search_term_string\"}}],\"inLanguage\":\"sk-SK\"}]}<\/script>\n<!-- \/ Yoast SEO plugin. -->","yoast_head_json":{"title":"Softv\u00e9r pre k\u00fapele a rehabilit\u00e1cie | LAURYN","description":"Informa\u010dn\u00fd syst\u00e9m je ur\u010den\u00fd pre lie\u010debn\u00e9 k\u00fapele, k\u00fape\u013en\u00e9 sanat\u00f3ri\u00e1 a hotely, rehabilita\u010dn\u00e9 kliniky, OL\u00da a centr\u00e1 pre rehabilit\u00e1ciu a fyzioterapiu.","robots":{"index":"index","follow":"follow","max-snippet":"max-snippet:-1","max-image-preview":"max-image-preview:large","max-video-preview":"max-video-preview:-1"},"canonical":"https:\/\/www.lauryn.cz\/produkty\/","og_locale":"sk_SK","og_type":"article","og_title":"Softv\u00e9r pre k\u00fapele a rehabilit\u00e1cie | LAURYN","og_description":"Informa\u010dn\u00fd syst\u00e9m je ur\u010den\u00fd pre lie\u010debn\u00e9 k\u00fapele, k\u00fape\u013en\u00e9 sanat\u00f3ri\u00e1 a hotely, rehabilita\u010dn\u00e9 kliniky, OL\u00da a centr\u00e1 pre rehabilit\u00e1ciu a fyzioterapiu.","og_url":"https:\/\/www.lauryn.cz\/produkty\/","og_site_name":"LAURYN","article_modified_time":"2023-10-30T13:57:24+00:00","twitter_card":"summary_large_image","twitter_misc":{"Predpokladan\u00fd \u010das \u010d\u00edtania":"5 min\u00fat"},"schema":{"@context":"https:\/\/schema.org","@graph":[{"@type":"WebPage","@id":"https:\/\/www.lauryn.cz\/produkty\/","url":"https:\/\/www.lauryn.cz\/produkty\/","name":"Softv\u00e9r pre k\u00fapele a rehabilit\u00e1cie | LAURYN","isPartOf":{"@id":"https:\/\/www.lauryn.cz\/#website"},"datePublished":"2023-10-27T12:31:48+00:00","dateModified":"2023-10-30T13:57:24+00:00","description":"Informa\u010dn\u00fd syst\u00e9m je ur\u010den\u00fd pre lie\u010debn\u00e9 k\u00fapele, k\u00fape\u013en\u00e9 sanat\u00f3ri\u00e1 a hotely, rehabilita\u010dn\u00e9 kliniky, OL\u00da a centr\u00e1 pre rehabilit\u00e1ciu a fyzioterapiu.","breadcrumb":{"@id":"https:\/\/www.lauryn.cz\/produkty\/#breadcrumb"},"inLanguage":"sk-SK","potentialAction":[{"@type":"ReadAction","target":["https:\/\/www.lauryn.cz\/produkty\/"]}]},{"@type":"BreadcrumbList","@id":"https:\/\/www.lauryn.cz\/produkty\/#breadcrumb","itemListElement":[{"@type":"ListItem","position":1,"name":"Dom\u016f","item":"https:\/\/www.lauryn.cz\/sk\/"},{"@type":"ListItem","position":2,"name":"Produkty"}]},{"@type":"WebSite","@id":"https:\/\/www.lauryn.cz\/#website","url":"https:\/\/www.lauryn.cz\/","name":"LAURYN","description":"Informa\u010dn\u00ed syst\u00e9my pro l\u00e1ze\u0148sk\u00e1 a rehabilita\u010dn\u00ed za\u0159\u00edzen\u00ed","potentialAction":[{"@type":"SearchAction","target":{"@type":"EntryPoint","urlTemplate":"https:\/\/www.lauryn.cz\/?s={search_term_string}"},"query-input":{"@type":"PropertyValueSpecification","valueRequired":true,"valueName":"search_term_string"}}],"inLanguage":"sk-SK"}]}},"_links":{"self":[{"href":"https:\/\/www.lauryn.cz\/sk\/wp-json\/wp\/v2\/pages\/14738"}],"collection":[{"href":"https:\/\/www.lauryn.cz\/sk\/wp-json\/wp\/v2\/pages"}],"about":[{"href":"https:\/\/www.lauryn.cz\/sk\/wp-json\/wp\/v2\/types\/page"}],"author":[{"embeddable":true,"href":"https:\/\/www.lauryn.cz\/sk\/wp-json\/wp\/v2\/users\/5"}],"replies":[{"embeddable":true,"href":"https:\/\/www.lauryn.cz\/sk\/wp-json\/wp\/v2\/comments?post=14738"}],"version-history":[{"count":5,"href":"https:\/\/www.lauryn.cz\/sk\/wp-json\/wp\/v2\/pages\/14738\/revisions"}],"predecessor-version":[{"id":14829,"href":"https:\/\/www.lauryn.cz\/sk\/wp-json\/wp\/v2\/pages\/14738\/revisions\/14829"}],"wp:attachment":[{"href":"https:\/\/www.lauryn.cz\/sk\/wp-json\/wp\/v2\/media?parent=14738"}],"curies":[{"name":"wp","href":"https:\/\/api.w.org\/{rel}","templated":true}]}}