{"id":14754,"date":"2023-10-27T13:49:37","date_gmt":"2023-10-27T12:49:37","guid":{"rendered":"https:\/\/www.lauryn.cz\/?page_id=14754"},"modified":"2023-10-27T13:49:37","modified_gmt":"2023-10-27T12:49:37","slug":"referencie","status":"publish","type":"page","link":"https:\/\/www.lauryn.cz\/sk\/referencie\/","title":{"rendered":"Referencie"},"content":{"rendered":"<div class=\"fusion-fullwidth fullwidth-box fusion-builder-row-1 nonhundred-percent-fullwidth non-hundred-percent-height-scrolling\" style=\"--awb-border-radius-top-left:0px;--awb-border-radius-top-right:0px;--awb-border-radius-bottom-right:0px;--awb-border-radius-bottom-left:0px;--awb-padding-top:20px;--awb-padding-bottom:20px;--awb-flex-wrap:wrap;\" ><div class=\"fusion-builder-row fusion-row\"><div class=\"fusion-layout-column fusion_builder_column fusion-builder-column-0 fusion_builder_column_1_1 1_1 fusion-one-full fusion-column-first fusion-column-last\" style=\"--awb-bg-size:cover;\"><div class=\"fusion-column-wrapper fusion-flex-column-wrapper-legacy\"><div class=\"fusion-title title fusion-title-1 fusion-sep-none fusion-title-center fusion-title-text fusion-title-size-one\" style=\"--awb-sep-color:#ff9800;\"><h1 class=\"fusion-title-heading title-heading-center fusion-responsive-typography-calculated\" style=\"margin:0;--fontSize:40;line-height:1.4;\">Referencie IS LBIS\/4G<\/h1><\/div><div class=\"fusion-text fusion-text-1\"><p>V\u00a0s\u00fa\u010dasnosti IS LBIS\/4G vyu\u017e\u00edva viac ne\u017e 6 desiatok pou\u017e\u00edvate\u013eov v\u00a0\u010ceskej a\u00a0Slovenskej republike. Ide o\u00a0pou\u017e\u00edvate\u013eov s\u00a0kapacitou 50 a\u017e 1200 l\u00f4\u017eok (po\u010det po\u010d\u00edta\u010dov v\u00a0sieti sa pohybuje od 5 do 200 stan\u00edc).<\/p>\n<p>IS LBIS\/4G je od roku 2000 najin\u0161talovanej\u0161\u00edm informa\u010dn\u00fdm syst\u00e9m pre k\u00fape\u013en\u00e9, wellness a\u00a0rehabilita\u010dn\u00e9 zariadenia v\u00a0\u010ceskej a\u00a0Slovenskej republike.<\/p>\n<\/div><iframe src=\"https:\/\/www.google.com\/maps\/d\/embed?mid=1vqEP_xe4bIO2ra4o8mUQL2ZlTNA\" width=\"100%\" height=\"480\"><\/iframe><div class=\"fusion-title title fusion-title-2 fusion-sep-none fusion-title-text fusion-title-size-two\" style=\"--awb-margin-top:30px;--awb-margin-bottom:10px;\"><h2 class=\"fusion-title-heading title-heading-left fusion-responsive-typography-calculated\" style=\"margin:0;--fontSize:28;line-height:1.5;\">Preh\u013ead pou\u017e\u00edvate\u013eov IS LBIS\/4G \u2013 \u010cesk\u00e1 republika<\/h2><\/div>\n<table id=\"tablepress-1\" class=\"tablepress tablepress-id-1\">\n<thead>\n<tr class=\"row-1 odd\">\n\t<th class=\"column-1\">U\u017eivatel\u00e9 IS L-BIS<\/th><th class=\"column-2\">Popis<\/th>\n<\/tr>\n<\/thead>\n<tbody class=\"row-hover\">\n<tr class=\"row-2 even\">\n\t<td class=\"column-1\"><a href=\"http:\/\/www.laznekundratice.cz\/cz\/\" rel=\"noopener\" target=\"_blank\">L\u00e1zn\u011b Kundratice a.s.<\/a><\/td><td class=\"column-2\">L\u00e1zn\u011b (spa)<\/td>\n<\/tr>\n<tr class=\"row-3 odd\">\n\t<td class=\"column-1\"><a href=\"https:\/\/www.lazne-kynzvart.cz\/cs\/\" rel=\"noopener\" target=\"_blank\">L\u00e9\u010debn\u00e9 l\u00e1zn\u011b L\u00e1zn\u011b Kyn\u017evart<\/a><\/td><td class=\"column-2\">L\u00e1zn\u011b (spa)<\/td>\n<\/tr>\n<tr class=\"row-4 even\">\n\t<td class=\"column-1\"><a href=\"https:\/\/www.volareza.cz\/vll-frantiskovy-lazne\/\" rel=\"noopener\" target=\"_blank\">Vojensk\u00e1 l\u00e1ze\u0148sk\u00e1 l\u00e9\u010debna Franti\u0161kovy l\u00e1zn\u011b<\/a><\/td><td class=\"column-2\">L\u00e1zn\u011b (spa)<\/td>\n<\/tr>\n<tr class=\"row-5 odd\">\n\t<td class=\"column-1\"><a href=\"https:\/\/www.teplice.volareza.cz\/vll-teplice\/\" rel=\"noopener\" target=\"_blank\">Vojensk\u00e1 l\u00e1ze\u0148sk\u00e1 l\u00e9\u010debna Teplice v \u010cech\u00e1ch<\/a><\/td><td class=\"column-2\">L\u00e1zn\u011b (spa)<\/td>\n<\/tr>\n<tr class=\"row-6 even\">\n\t<td class=\"column-1\"><a href=\"https:\/\/www.volareza.cz\/vru-slapy\/\" rel=\"noopener\" target=\"_blank\">Vojensk\u00fd rehabilita\u010dn\u00ed \u00fastav Slapy<\/a><\/td><td class=\"column-2\">Rehabilitace OL\u00da<\/td>\n<\/tr>\n<tr class=\"row-7 odd\">\n\t<td class=\"column-1\"><a href=\"https:\/\/www.hotel-pyramida.cz\/\" rel=\"noopener\" target=\"_blank\">Hotel Pyramida, Franti\u0161kovy L\u00e1zn\u011b<\/a><\/td><td class=\"column-2\">L\u00e1zn\u011b (spa)<\/td>\n<\/tr>\n<tr class=\"row-8 even\">\n\t<td class=\"column-1\"><a href=\"http:\/\/www.hotelkrakonos.eu\/cs\/\" rel=\"noopener\" target=\"_blank\">Hotel Krakono\u0161, Mari\u00e1nsk\u00e9 L\u00e1zn\u011b<\/a><\/td><td class=\"column-2\">L\u00e1zn\u011b (spa)<\/td>\n<\/tr>\n<tr class=\"row-9 odd\">\n\t<td class=\"column-1\"><a href=\"https:\/\/www.volareza.cz\/vll-jesenik\/\" rel=\"noopener\" target=\"_blank\">Vojensk\u00e1 l\u00e1ze\u0148sk\u00e1 l\u00e9\u010debna Jesen\u00edk<\/a><\/td><td class=\"column-2\">L\u00e1zn\u011b (spa) + Rehabilitace<\/td>\n<\/tr>\n<tr class=\"row-10 even\">\n\t<td class=\"column-1\"><a href=\"https:\/\/www.volareza.cz\/sadovy-pramen\/\" rel=\"noopener\" target=\"_blank\">Vojensk\u00e1 l\u00e1ze\u0148ks\u00e1 l\u00e9\u010debna Karlovy Vary<\/a><\/td><td class=\"column-2\">L\u00e1zn\u011b (spa)<\/td>\n<\/tr>\n<tr class=\"row-11 odd\">\n\t<td class=\"column-1\"><a href=\"http:\/\/www.mignon.cz\/\" rel=\"noopener\" target=\"_blank\">Hotel Mignon, Karlovy Vary<\/a><\/td><td class=\"column-2\">L\u00e1zn\u011b (spa)<\/td>\n<\/tr>\n<tr class=\"row-12 even\">\n\t<td class=\"column-1\"><a href=\"https:\/\/belohrad.cz\/\" rel=\"noopener\" target=\"_blank\">L\u00e1zn\u011b B\u011blohrad a.s.<\/a><\/td><td class=\"column-2\">L\u00e1zn\u011b (spa)<\/td>\n<\/tr>\n<tr class=\"row-13 odd\">\n\t<td class=\"column-1\"><a href=\"https:\/\/www.priessnitz.cz\/\" rel=\"noopener\" target=\"_blank\">Priessnitzovy l\u00e9\u010debn\u00e9 l\u00e1zn\u011b a.s., Jesen\u00edk<\/a><\/td><td class=\"column-2\">L\u00e1zn\u011b (spa)+ Rehabilitace<\/td>\n<\/tr>\n<tr class=\"row-14 even\">\n\t<td class=\"column-1\"><a href=\"https:\/\/www.kurhauspalace.cz\/\">Hotel Palace, Franti\u0161kovy L\u00e1zn\u011b<\/a><\/td><td class=\"column-2\">L\u00e1zn\u011b (spa)<\/td>\n<\/tr>\n<tr class=\"row-15 odd\">\n\t<td class=\"column-1\"><a href=\"http:\/\/www.diana-ld.com\/\" rel=\"noopener\" target=\"_blank\">Hotel Diana, Franti\u0161kovy L\u00e1zn\u011b<\/a><\/td><td class=\"column-2\">L\u00e1zn\u011b (spa)<\/td>\n<\/tr>\n<tr class=\"row-16 even\">\n\t<td class=\"column-1\"><a href=\"https:\/\/www.laznejachymov.cz\/\" rel=\"noopener\" target=\"_blank\">L\u00e9\u010debn\u00e9 l\u00e1zn\u011b J\u00e1chymov a.s.<\/a><\/td><td class=\"column-2\">L\u00e1zn\u011b (spa) + Rehabilitace<\/td>\n<\/tr>\n<tr class=\"row-17 odd\">\n\t<td class=\"column-1\"><a href=\"https:\/\/www.thermal.cz\/\" rel=\"noopener\" target=\"_blank\">Hotel Thermal-F a.s., Karlovy Vary<\/a><\/td><td class=\"column-2\">L\u00e1zn\u011b (spa)<\/td>\n<\/tr>\n<tr class=\"row-18 even\">\n\t<td class=\"column-1\"><a href=\"http:\/\/www.rehabilitacniustav.cz\/\" rel=\"noopener\" target=\"_blank\">Rehabilita\u010dn\u00ed \u00fastav Brand\u00fds nad Orlic\u00ed<\/a><\/td><td class=\"column-2\">Rehabilitace OL\u00da<\/td>\n<\/tr>\n<tr class=\"row-19 odd\">\n\t<td class=\"column-1\"><a href=\"http:\/\/www.spahotelcentrum.cz\/\" rel=\"noopener\" target=\"_blank\">Spa Hotel Centrum, Franti\u0161kovy L\u00e1zn\u011b<\/a><\/td><td class=\"column-2\">L\u00e1zn\u011b (spa)<\/td>\n<\/tr>\n<tr class=\"row-20 even\">\n\t<td class=\"column-1\"><a href=\"https:\/\/www.hotelpalacezvon.cz\/\" rel=\"noopener\" target=\"_blank\">Orea Spa Hotel Palace Zvon, Mari\u00e1nsk\u00e9 L\u00e1zn\u011b<\/a><\/td><td class=\"column-2\">L\u00e1zn\u011b (spa)<\/td>\n<\/tr>\n<tr class=\"row-21 odd\">\n\t<td class=\"column-1\"><a href=\"http:\/\/www.lazne-libverda.cz\/\" rel=\"noopener\" target=\"_blank\">L\u00e1zn\u011b Libverda a.s.<\/a><\/td><td class=\"column-2\">L\u00e1zn\u011b (spa)+ Rehabilitace<\/td>\n<\/tr>\n<tr class=\"row-22 even\">\n\t<td class=\"column-1\"><a href=\"https:\/\/www.richmond.cz\/cz\/\" rel=\"noopener\" target=\"_blank\">Parkhotel Richmond, Karlovy Vary<\/a><\/td><td class=\"column-2\">L\u00e1zn\u011b (spa)<\/td>\n<\/tr>\n<tr class=\"row-23 odd\">\n\t<td class=\"column-1\"><a href=\"https:\/\/www.zsmv.cz\/ubytovani\/lazensky-dum-tosca\/\" rel=\"noopener\" target=\"_blank\">L\u00e1ze\u0148sk\u00fd d\u016fm Tosca, Karlovy Vary<\/a><\/td><td class=\"column-2\">L\u00e1zn\u011b (spa)<\/td>\n<\/tr>\n<tr class=\"row-24 even\">\n\t<td class=\"column-1\"><a href=\"https:\/\/www.zsmv.cz\/ubytovani\/lazensky-dum-hubert\/\" rel=\"noopener\" target=\"_blank\">L\u00e1ze\u0148sk\u00fd d\u016fm Hubert, Luha\u010dovice<\/a><\/td><td class=\"column-2\">L\u00e1zn\u011b (spa)<\/td>\n<\/tr>\n<tr class=\"row-25 odd\">\n\t<td class=\"column-1\"><a href=\"https:\/\/www.zsmv.cz\/ubytovani\/lazensky-dum-luna\/\" rel=\"noopener\" target=\"_blank\">L\u00e1ze\u0148sk\u00fd d\u016fm Luna, Franti\u0161kovy L\u00e1zn\u011b<\/a><\/td><td class=\"column-2\">L\u00e1zn\u011b (spa)<\/td>\n<\/tr>\n<tr class=\"row-26 even\">\n\t<td class=\"column-1\"><a href=\"http:\/\/www.sanatoriumklima.cz\/\" rel=\"noopener\" target=\"_blank\">Sanatorium Kl\u00edma, Franti\u0161kovy L\u00e1zn\u011b<\/a><\/td><td class=\"column-2\">L\u00e1zn\u011b (spa)<\/td>\n<\/tr>\n<tr class=\"row-27 odd\">\n\t<td class=\"column-1\"><a href=\"http:\/\/www.laznedubi.cz\/\" rel=\"noopener\" target=\"_blank\">Tereziny L\u00e1zn\u011b a.s., Dub\u00ed<\/a><\/td><td class=\"column-2\">L\u00e1zn\u011b (spa)<\/td>\n<\/tr>\n<tr class=\"row-28 even\">\n\t<td class=\"column-1\"><a href=\"http:\/\/www.hotelvenus.cz\/\" rel=\"noopener\" target=\"_blank\">Hotel Venus, Karlovy Vary\u00a0<\/a><\/td><td class=\"column-2\">L\u00e1zn\u011b (spa)<\/td>\n<\/tr>\n<tr class=\"row-29 odd\">\n\t<td class=\"column-1\"><a href=\"http:\/\/savoywestend.cz\/\" rel=\"noopener\" target=\"_blank\">Hotel Savoy Westend, Karlovy Vary<\/a><\/td><td class=\"column-2\">L\u00e1zn\u011b (spa)<\/td>\n<\/tr>\n<tr class=\"row-30 even\">\n\t<td class=\"column-1\"><a href=\"http:\/\/www.anglickydvur.com\/\" rel=\"noopener\" target=\"_blank\">Spa Hotel Anglick\u00fd dv\u016fr, Karlovy Vary<\/a><\/td><td class=\"column-2\">L\u00e1zn\u011b (spa)<\/td>\n<\/tr>\n<tr class=\"row-31 odd\">\n\t<td class=\"column-1\"><a href=\"https:\/\/imperial-group.cz\/cz\/\" rel=\"noopener\" target=\"_blank\">Imperi\u00e1l Karlovy Vary a.s., Karlovy Vary<\/a><\/td><td class=\"column-2\">L\u00e1zn\u011b (spa)<\/td>\n<\/tr>\n<tr class=\"row-32 even\">\n\t<td class=\"column-1\"><a href=\"http:\/\/www.sanatoria-klimkovice.cz\/\" rel=\"noopener\" target=\"_blank\">Sanatoria Klimkovice<\/a><\/td><td class=\"column-2\">L\u00e1zn\u011b (spa)+ Rehabilitace<\/td>\n<\/tr>\n<tr class=\"row-33 odd\">\n\t<td class=\"column-1\"><a href=\"http:\/\/www.ruhrabyne.cz\/\" rel=\"noopener\" target=\"_blank\">Rehabilita\u010dn\u00ed \u00fastav Hrabyn\u011b<\/a><\/td><td class=\"column-2\">Rehabilitace OL\u00da<\/td>\n<\/tr>\n<tr class=\"row-34 even\">\n\t<td class=\"column-1\"><a href=\"https:\/\/corsohotel.cz\/\" rel=\"noopener\" target=\"_blank\">Boutique Hotel Corso, Karlovy Vary<\/a><\/td><td class=\"column-2\">L\u00e1zn\u011b (spa)<\/td>\n<\/tr>\n<tr class=\"row-35 odd\">\n\t<td class=\"column-1\"><a href=\"http:\/\/www.ruhrabyne.cz\/\" rel=\"noopener\" target=\"_blank\">Rehabilita\u010dn\u00ed \u00fastav Hrabyn\u011b - Chucheln\u00e1<\/a><\/td><td class=\"column-2\">Rehabilitace OL\u00da<\/td>\n<\/tr>\n<tr class=\"row-36 even\">\n\t<td class=\"column-1\"><a href=\"http:\/\/www.aquaforum-frantiskovylazne.cz\/\" rel=\"noopener\" target=\"_blank\">Franti\u0161kovy L\u00e1zn\u011b AQUAFORUM a.s.<\/a><\/td><td class=\"column-2\">L\u00e1zn\u011b (spa)<\/td>\n<\/tr>\n<tr class=\"row-37 odd\">\n\t<td class=\"column-1\"><a href=\"https:\/\/www.clr.cz\/cz\/info-dobrovskeho\" rel=\"noopener\" target=\"_blank\">Centrum l\u00e9\u010debn\u00e9 rehabilitace MUDr. A. Koukal s.r.o. - Dobrovsk\u00e9ho<\/a><\/td><td class=\"column-2\">Rehabilitace<\/td>\n<\/tr>\n<tr class=\"row-38 even\">\n\t<td class=\"column-1\"><a href=\"https:\/\/www.clr.cz\/cz\/poliklinika-josefska\" rel=\"noopener\" target=\"_blank\">Centrum l\u00e9\u010debn\u00e9 rehabilitace MUDr. A. Koukal s.r.o. - Josefsk\u00e1<\/a><\/td><td class=\"column-2\">Rehabilitace<\/td>\n<\/tr>\n<tr class=\"row-39 odd\">\n\t<td class=\"column-1\"><a href=\"http:\/\/www.clr.cz\/\" rel=\"noopener\" target=\"_blank\">Centrum l\u00e9\u010debn\u00e9 rehabilitace MUDr. A. Koukal s.r.o. - Vini\u010dn\u00ed<\/a><\/td><td class=\"column-2\">Rehabilitace<\/td>\n<\/tr>\n<tr class=\"row-40 even\">\n\t<td class=\"column-1\"><a href=\"https:\/\/www.okrehabilitace.cz\/ok-rehabilitace-brno-zluty-kopec\/\" rel=\"noopener\" target=\"_blank\">OK Rehabilitace - Brno, \u017dlut\u00fd kopec<\/a><\/td><td class=\"column-2\">Rehabilitace<\/td>\n<\/tr>\n<tr class=\"row-41 odd\">\n\t<td class=\"column-1\"><a href=\"http:\/\/www.brc.cz\/\" rel=\"noopener\" target=\"_blank\">Beskydsk\u00e9 rehabilita\u010dn\u00ed centrum, \u010celadn\u00e1<\/a><\/td><td class=\"column-2\">Rehabilitace OL\u00da<\/td>\n<\/tr>\n<tr class=\"row-42 even\">\n\t<td class=\"column-1\"><a href=\"https:\/\/www.rcentrum-fm.cz\/\" rel=\"noopener\" target=\"_blank\">R-CENTRUM s.r.o. - Rehabilitace, Fr\u00fddek M\u00edstek<\/a><\/td><td class=\"column-2\">Rehabilitace<\/td>\n<\/tr>\n<tr class=\"row-43 odd\">\n\t<td class=\"column-1\"><a href=\"https:\/\/www.sagena.cz\/rehabilitace\/\" rel=\"noopener\" target=\"_blank\">Sagena s.r.o. - Rehabilitace, Fr\u00fddek M\u00edstek<\/a><\/td><td class=\"column-2\">Rehabilitace<\/td>\n<\/tr>\n<tr class=\"row-44 even\">\n\t<td class=\"column-1\"><a href=\"https:\/\/www.okrehabilitace.cz\/ok-rehabilitace-orlova\/\" rel=\"noopener\" target=\"_blank\">OK Rehabilitace - Orlov\u00e1<\/a><\/td><td class=\"column-2\">Rehabilitace<\/td>\n<\/tr>\n<tr class=\"row-45 odd\">\n\t<td class=\"column-1\"><a href=\"http:\/\/www.raf-medika.cz\/\" rel=\"noopener\" target=\"_blank\">RaF-MEDIKA s.r.o. - Rehabilitace, Ostrava<\/a><\/td><td class=\"column-2\">Rehabilitace<\/td>\n<\/tr>\n<tr class=\"row-46 even\">\n\t<td class=\"column-1\"><a href=\"http:\/\/www.homolka.cz\/\" rel=\"noopener\" target=\"_blank\">Nemocnice Na Homolce - Rehabilitace, Praha<\/a><\/td><td class=\"column-2\">Rehabilitace<\/td>\n<\/tr>\n<tr class=\"row-47 odd\">\n\t<td class=\"column-1\"><a href=\"https:\/\/www.okrehabilitace.cz\/ok-rehabilitace-praha-prosek\/\/\" rel=\"noopener\" target=\"_blank\">OK Rehabilitace - Praha, Prosek<\/a><\/td><td class=\"column-2\">Rehabilitace<\/td>\n<\/tr>\n<tr class=\"row-48 even\">\n\t<td class=\"column-1\"><a href=\"https:\/\/www.okrehabilitace.cz\/ok-rehabilitace-praha-budejovicka\/\" rel=\"noopener\" target=\"_blank\">OK Rehabilitace - Praha Bud\u011bjovick\u00e1<\/a><\/td><td class=\"column-2\">Rehabilitace<\/td>\n<\/tr>\n<tr class=\"row-49 odd\">\n\t<td class=\"column-1\"><a href=\"https:\/\/www.okrehabilitace.cz\/ok-rehabilitace-ostrava\/\" rel=\"noopener\" target=\"_blank\">OK Rehabilitace - Ostrava<\/a><\/td><td class=\"column-2\">Rehabilitace<\/td>\n<\/tr>\n<tr class=\"row-50 even\">\n\t<td class=\"column-1\"><a href=\"https:\/\/www.rehabilitace-olomoucka.cz\/\" rel=\"noopener\" target=\"_blank\">D\u016fm zdrav\u00ed a rehabilitace - Opava<\/a><\/td><td class=\"column-2\">Rehabilitace<\/td>\n<\/tr>\n<tr class=\"row-51 odd\">\n\t<td class=\"column-1\"><a href=\"https:\/\/www.velichovky.cz\/\" rel=\"noopener\" target=\"_blank\">L\u00e1zn\u011b Velichovky<\/a><\/td><td class=\"column-2\">L\u00e1zn\u011b (spa)<\/td>\n<\/tr>\n<tr class=\"row-52 even\">\n\t<td class=\"column-1\"><a href=\"https:\/\/www.zsmv.cz\/ubytovani\/wellness-sport-hotel-sumava\/\" rel=\"noopener\" target=\"_blank\">Hotel \u0160umava, Ka\u0161persk\u00e9 hory, ZSMV<\/a><\/td><td class=\"column-2\">Hotel<\/td>\n<\/tr>\n<tr class=\"row-53 odd\">\n\t<td class=\"column-1\"><a href=\"https:\/\/www.zsmv.cz\/ubytovani\/hotel-vltava\/\" rel=\"noopener\" target=\"_blank\">Hotel Vltava, Jet\u011btice, ZSMV<\/a><\/td><td class=\"column-2\">Hotel<\/td>\n<\/tr>\n<tr class=\"row-54 even\">\n\t<td class=\"column-1\"><a href=\"https:\/\/www.zsmv.cz\/ubytovani\/hotel-janosik\/\" rel=\"noopener\" target=\"_blank\">Hotel Jano\u0161\u00edk, \u0160pindler\u016fv Ml\u00fdn, ZSMV<\/a><\/td><td class=\"column-2\">Hotel<\/td>\n<\/tr>\n<tr class=\"row-55 odd\">\n\t<td class=\"column-1\"><a href=\"https:\/\/www.hamzova-lecebna.cz\/\" rel=\"noopener\" target=\"_blank\"> Hamzova odborn\u00e1 l\u00e9\u010debna pro d\u011bti a dosp\u011bl\u00e9, Ko\u0161umberk <\/a><\/td><td class=\"column-2\">Rehabilitace OL\u00da<\/td>\n<\/tr>\n<tr class=\"row-56 even\">\n\t<td class=\"column-1\"><a href=\"https:\/\/www.okrehabilitace.cz\/cz\" rel=\"noopener\" target=\"_blank\">OK Rehabilitace - Rokycany<\/a><\/td><td class=\"column-2\">Rehabilitace<\/td>\n<\/tr>\n<\/tbody>\n<\/table>\n<!-- #tablepress-1 from cache --><div class=\"fusion-title title fusion-title-3 fusion-sep-none fusion-title-text fusion-title-size-two\" style=\"--awb-margin-top:30px;--awb-margin-bottom:10px;\"><h2 class=\"fusion-title-heading title-heading-left fusion-responsive-typography-calculated\" style=\"margin:0;--fontSize:28;line-height:1.5;\">Preh\u013ead pou\u017e\u00edvate\u013eov IS LBIS\/4G \u2013 Slovensk\u00e1 republika<\/h2><\/div>\n<table id=\"tablepress-2\" class=\"tablepress tablepress-id-2\">\n<thead>\n<tr class=\"row-1 odd\">\n\t<th class=\"column-1\">U\u017eivatel\u00e9 IS L-BIS<\/th><th class=\"column-2\">Pozn\u00e1mka<\/th>\n<\/tr>\n<\/thead>\n<tbody class=\"row-hover\">\n<tr class=\"row-2 even\">\n\t<td class=\"column-1\"><a href=\"http:\/\/www.krubystra.sk\/\">K\u00fape\u013eno rehabilita\u010dn\u00fd \u00fastav MV SR Bystr\u00e1, Liptovsk\u00fd J\u00e1n<\/a><\/td><td class=\"column-2\">L\u00e1zn\u011b (spa)<\/td>\n<\/tr>\n<tr class=\"row-3 odd\">\n\t<td class=\"column-1\"><a href=\"https:\/\/www.klu-druzba.sk\/\">K\u00fape\u013eno rehabilita\u010dn\u00fd \u00fastav MV SR Dru\u017eba, Bard\u011bjov<\/a><\/td><td class=\"column-2\">L\u00e1zn\u011b (spa)<\/td>\n<\/tr>\n<tr class=\"row-4 even\">\n\t<td class=\"column-1\"><a href=\"https:\/\/www.kluarco.sk\/\">K\u00fape\u013eno-lie\u010debn\u00fd \u00fastav MV SR ARCO, Tren\u010diansk\u00e9 Teplice<\/a><\/td><td class=\"column-2\">L\u00e1zn\u011b (spa)<\/td>\n<\/tr>\n<tr class=\"row-5 odd\">\n\t<td class=\"column-1\"><a href=\"http:\/\/www.kupele-lucky.sk\/\">K\u00fapele L\u00fa\u010dky a.s.<\/a><\/td><td class=\"column-2\">L\u00e1zn\u011b (spa)<\/td>\n<\/tr>\n<tr class=\"row-6 even\">\n\t<td class=\"column-1\"><a href=\"http:\/\/www.kupele-skleneteplice.sk\/\">Lie\u010debn\u00e9 term\u00e1lne k\u00fapele Sklen\u00e9 Teplice<\/a><\/td><td class=\"column-2\">L\u00e1zn\u011b (spa)<\/td>\n<\/tr>\n<tr class=\"row-7 odd\">\n\t<td class=\"column-1\"><a href=\"http:\/\/www.kupele-bojnice.sk\">K\u00fapele Bojnice a.s.<\/a><\/td><td class=\"column-2\">L\u00e1zn\u011b (spa)<\/td>\n<\/tr>\n<tr class=\"row-8 even\">\n\t<td class=\"column-1\"><a href=\"http:\/\/www.hotelmaj.sk\/\">L\u00e1ze\u0148sk\u00fd hotel M\u00e1j, Pie\u0161\u0165any<\/a><\/td><td class=\"column-2\">L\u00e1zn\u011b (spa)<\/td>\n<\/tr>\n<tr class=\"row-9 odd\">\n\t<td class=\"column-1\"><a href=\"http:\/\/www.kupele-stos.sk\/cms\/\">K\u00fapele \u0160t\u00f3s a.s.<\/a><\/td><td class=\"column-2\">L\u00e1zn\u011b (spa)<\/td>\n<\/tr>\n<tr class=\"row-10 even\">\n\t<td class=\"column-1\"><a href=\"https:\/\/www.kupelediamant.sk\/sk\">L\u00e9\u010debn\u00fd \u00fastav Diamant, Dudince<\/a><\/td><td class=\"column-2\">L\u00e1zn\u011b (spa)<\/td>\n<\/tr>\n<\/tbody>\n<\/table>\n<!-- #tablepress-2 from cache --><div class=\"fusion-clearfix\"><\/div><\/div><\/div><\/div><\/div>\n","protected":false},"excerpt":{"rendered":"","protected":false},"author":5,"featured_media":0,"parent":0,"menu_order":0,"comment_status":"closed","ping_status":"closed","template":"100-width.php","meta":{"footnotes":""},"class_list":["post-14754","page","type-page","status-publish","hentry"],"yoast_head":"<!-- This site is optimized with the Yoast SEO plugin v23.6 - https:\/\/yoast.com\/wordpress\/plugins\/seo\/ -->\n<title>Referencie | LAURYN<\/title>\n<meta name=\"description\" content=\"Informa\u010dn\u00fd syst\u00e9m LBIS\/4G vyu\u017e\u00edva vy\u0161e 70 k\u00fape\u013en\u00fdch a rehabilita\u010dn\u00fdch zariaden\u00ed v \u010cesku a na Slovensku. Od roku 2000 je najin\u0161talovanej\u0161\u00edm IS v odbore.\" \/>\n<meta name=\"robots\" content=\"index, follow, max-snippet:-1, max-image-preview:large, max-video-preview:-1\" \/>\n<link rel=\"canonical\" href=\"https:\/\/www.lauryn.cz\/reference\/\" \/>\n<meta property=\"og:locale\" content=\"sk_SK\" \/>\n<meta property=\"og:type\" content=\"article\" \/>\n<meta property=\"og:title\" content=\"Referencie | LAURYN\" \/>\n<meta property=\"og:description\" content=\"Informa\u010dn\u00fd syst\u00e9m LBIS\/4G vyu\u017e\u00edva vy\u0161e 70 k\u00fape\u013en\u00fdch a rehabilita\u010dn\u00fdch zariaden\u00ed v \u010cesku a na Slovensku. Od roku 2000 je najin\u0161talovanej\u0161\u00edm IS v odbore.\" \/>\n<meta property=\"og:url\" content=\"https:\/\/www.lauryn.cz\/reference\/\" \/>\n<meta property=\"og:site_name\" content=\"LAURYN\" \/>\n<meta name=\"twitter:card\" content=\"summary_large_image\" \/>\n<meta name=\"twitter:label1\" content=\"Predpokladan\u00fd \u010das \u010d\u00edtania\" \/>\n\t<meta name=\"twitter:data1\" content=\"2 min\u00faty\" \/>\n<script type=\"application\/ld+json\" class=\"yoast-schema-graph\">{\"@context\":\"https:\/\/schema.org\",\"@graph\":[{\"@type\":\"WebPage\",\"@id\":\"https:\/\/www.lauryn.cz\/reference\/\",\"url\":\"https:\/\/www.lauryn.cz\/reference\/\",\"name\":\"Referencie | LAURYN\",\"isPartOf\":{\"@id\":\"https:\/\/www.lauryn.cz\/#website\"},\"datePublished\":\"2023-10-27T12:49:37+00:00\",\"dateModified\":\"2023-10-27T12:49:37+00:00\",\"description\":\"Informa\u010dn\u00fd syst\u00e9m LBIS\/4G vyu\u017e\u00edva vy\u0161e 70 k\u00fape\u013en\u00fdch a rehabilita\u010dn\u00fdch zariaden\u00ed v \u010cesku a na Slovensku. Od roku 2000 je najin\u0161talovanej\u0161\u00edm IS v odbore.\",\"breadcrumb\":{\"@id\":\"https:\/\/www.lauryn.cz\/reference\/#breadcrumb\"},\"inLanguage\":\"sk-SK\",\"potentialAction\":[{\"@type\":\"ReadAction\",\"target\":[\"https:\/\/www.lauryn.cz\/reference\/\"]}]},{\"@type\":\"BreadcrumbList\",\"@id\":\"https:\/\/www.lauryn.cz\/reference\/#breadcrumb\",\"itemListElement\":[{\"@type\":\"ListItem\",\"position\":1,\"name\":\"Dom\u016f\",\"item\":\"https:\/\/www.lauryn.cz\/sk\/\"},{\"@type\":\"ListItem\",\"position\":2,\"name\":\"Referencie\"}]},{\"@type\":\"WebSite\",\"@id\":\"https:\/\/www.lauryn.cz\/#website\",\"url\":\"https:\/\/www.lauryn.cz\/\",\"name\":\"LAURYN\",\"description\":\"Informa\u010dn\u00ed syst\u00e9my pro l\u00e1ze\u0148sk\u00e1 a rehabilita\u010dn\u00ed za\u0159\u00edzen\u00ed\",\"potentialAction\":[{\"@type\":\"SearchAction\",\"target\":{\"@type\":\"EntryPoint\",\"urlTemplate\":\"https:\/\/www.lauryn.cz\/?s={search_term_string}\"},\"query-input\":{\"@type\":\"PropertyValueSpecification\",\"valueRequired\":true,\"valueName\":\"search_term_string\"}}],\"inLanguage\":\"sk-SK\"}]}<\/script>\n<!-- \/ Yoast SEO plugin. -->","yoast_head_json":{"title":"Referencie | LAURYN","description":"Informa\u010dn\u00fd syst\u00e9m LBIS\/4G vyu\u017e\u00edva vy\u0161e 70 k\u00fape\u013en\u00fdch a rehabilita\u010dn\u00fdch zariaden\u00ed v \u010cesku a na Slovensku. Od roku 2000 je najin\u0161talovanej\u0161\u00edm IS v odbore.","robots":{"index":"index","follow":"follow","max-snippet":"max-snippet:-1","max-image-preview":"max-image-preview:large","max-video-preview":"max-video-preview:-1"},"canonical":"https:\/\/www.lauryn.cz\/reference\/","og_locale":"sk_SK","og_type":"article","og_title":"Referencie | LAURYN","og_description":"Informa\u010dn\u00fd syst\u00e9m LBIS\/4G vyu\u017e\u00edva vy\u0161e 70 k\u00fape\u013en\u00fdch a rehabilita\u010dn\u00fdch zariaden\u00ed v \u010cesku a na Slovensku. Od roku 2000 je najin\u0161talovanej\u0161\u00edm IS v odbore.","og_url":"https:\/\/www.lauryn.cz\/reference\/","og_site_name":"LAURYN","twitter_card":"summary_large_image","twitter_misc":{"Predpokladan\u00fd \u010das \u010d\u00edtania":"2 min\u00faty"},"schema":{"@context":"https:\/\/schema.org","@graph":[{"@type":"WebPage","@id":"https:\/\/www.lauryn.cz\/reference\/","url":"https:\/\/www.lauryn.cz\/reference\/","name":"Referencie | LAURYN","isPartOf":{"@id":"https:\/\/www.lauryn.cz\/#website"},"datePublished":"2023-10-27T12:49:37+00:00","dateModified":"2023-10-27T12:49:37+00:00","description":"Informa\u010dn\u00fd syst\u00e9m LBIS\/4G vyu\u017e\u00edva vy\u0161e 70 k\u00fape\u013en\u00fdch a rehabilita\u010dn\u00fdch zariaden\u00ed v \u010cesku a na Slovensku. Od roku 2000 je najin\u0161talovanej\u0161\u00edm IS v odbore.","breadcrumb":{"@id":"https:\/\/www.lauryn.cz\/reference\/#breadcrumb"},"inLanguage":"sk-SK","potentialAction":[{"@type":"ReadAction","target":["https:\/\/www.lauryn.cz\/reference\/"]}]},{"@type":"BreadcrumbList","@id":"https:\/\/www.lauryn.cz\/reference\/#breadcrumb","itemListElement":[{"@type":"ListItem","position":1,"name":"Dom\u016f","item":"https:\/\/www.lauryn.cz\/sk\/"},{"@type":"ListItem","position":2,"name":"Referencie"}]},{"@type":"WebSite","@id":"https:\/\/www.lauryn.cz\/#website","url":"https:\/\/www.lauryn.cz\/","name":"LAURYN","description":"Informa\u010dn\u00ed syst\u00e9my pro l\u00e1ze\u0148sk\u00e1 a rehabilita\u010dn\u00ed za\u0159\u00edzen\u00ed","potentialAction":[{"@type":"SearchAction","target":{"@type":"EntryPoint","urlTemplate":"https:\/\/www.lauryn.cz\/?s={search_term_string}"},"query-input":{"@type":"PropertyValueSpecification","valueRequired":true,"valueName":"search_term_string"}}],"inLanguage":"sk-SK"}]}},"_links":{"self":[{"href":"https:\/\/www.lauryn.cz\/sk\/wp-json\/wp\/v2\/pages\/14754"}],"collection":[{"href":"https:\/\/www.lauryn.cz\/sk\/wp-json\/wp\/v2\/pages"}],"about":[{"href":"https:\/\/www.lauryn.cz\/sk\/wp-json\/wp\/v2\/types\/page"}],"author":[{"embeddable":true,"href":"https:\/\/www.lauryn.cz\/sk\/wp-json\/wp\/v2\/users\/5"}],"replies":[{"embeddable":true,"href":"https:\/\/www.lauryn.cz\/sk\/wp-json\/wp\/v2\/comments?post=14754"}],"version-history":[{"count":1,"href":"https:\/\/www.lauryn.cz\/sk\/wp-json\/wp\/v2\/pages\/14754\/revisions"}],"predecessor-version":[{"id":14755,"href":"https:\/\/www.lauryn.cz\/sk\/wp-json\/wp\/v2\/pages\/14754\/revisions\/14755"}],"wp:attachment":[{"href":"https:\/\/www.lauryn.cz\/sk\/wp-json\/wp\/v2\/media?parent=14754"}],"curies":[{"name":"wp","href":"https:\/\/api.w.org\/{rel}","templated":true}]}}