{"id":14756,"date":"2023-10-27T13:55:46","date_gmt":"2023-10-27T12:55:46","guid":{"rendered":"https:\/\/www.lauryn.cz\/?page_id=14756"},"modified":"2023-10-27T13:55:46","modified_gmt":"2023-10-27T12:55:46","slug":"o-nas","status":"publish","type":"page","link":"https:\/\/www.lauryn.cz\/sk\/o-nas\/","title":{"rendered":"O n\u00e1s"},"content":{"rendered":"<div class=\"fusion-fullwidth fullwidth-box fusion-builder-row-1 hundred-percent-fullwidth non-hundred-percent-height-scrolling\" style=\"--awb-border-radius-top-left:0px;--awb-border-radius-top-right:0px;--awb-border-radius-bottom-right:0px;--awb-border-radius-bottom-left:0px;--awb-padding-top:20px;--awb-padding-bottom:20px;--awb-flex-wrap:wrap;\" ><div class=\"fusion-builder-row fusion-row\"><div class=\"fusion-layout-column fusion_builder_column fusion-builder-column-0 fusion_builder_column_1_1 1_1 fusion-one-full fusion-column-first fusion-column-last\" style=\"--awb-bg-size:cover;\"><div class=\"fusion-column-wrapper fusion-flex-column-wrapper-legacy\"><div class=\"fusion-title title fusion-title-1 fusion-sep-none fusion-title-center fusion-title-text fusion-title-size-one\" style=\"--awb-sep-color:#ff6000;\"><h1 class=\"fusion-title-heading title-heading-center fusion-responsive-typography-calculated\" style=\"margin:0;--fontSize:40;line-height:1.4;\">Spolo\u010dnos\u0165 LAURYN s.r.o.<\/h1><\/div><div class=\"fusion-clearfix\"><\/div><\/div><\/div><div class=\"fusion-layout-column fusion_builder_column fusion-builder-column-1 fusion_builder_column_1_1 1_1 fusion-one-full fusion-column-first fusion-column-last fusion-column-no-min-height\" style=\"--awb-bg-size:cover;--awb-margin-bottom:0px;\"><div class=\"fusion-column-wrapper fusion-flex-column-wrapper-legacy\"><div class=\"fusion-text fusion-text-1\"><p>V\u00a0rokoch 1991 \u2013 1996 sa zaoberala kompletn\u00fdmi slu\u017ebami v\u00a0oblasti softv\u00e9ru, hardv\u00e9ru a\u00a0pou\u017e\u00edvate\u013eskej podpory.<br \/>\nV\u00a0tomto obdob\u00ed spolo\u010dnos\u0165 pre svojich z\u00e1kazn\u00edkov vytvorila viacero programov z\u00a0r\u00f4znych oblast\u00ed p\u00f4sobnosti (napr. SW pre k\u00fape\u013en\u00edctvo, SW pre domovy d\u00f4chodcov, ekonomick\u00e9 a\u00a0skladov\u00e9 syst\u00e9my, SW pre lek\u00e1rske ambulancie, SW pre re\u0161taur\u00e1cie a\u00a0\u010fal\u0161ie).<\/p>\n<p>V\u00a0roku 1997 bolo rozhodnut\u00e9 o\u00a0v\u00fdhradnej \u0161pecializ\u00e1cii na oblas\u0165 softv\u00e9ru pre k\u00fape\u013en\u00e9 a\u00a0rehabilita\u010dn\u00e9 zariadenia. Bola opusten\u00e1 platforma MS DOS a\u00a0s\u00faborov\u00e9 orient\u00e1cie syst\u00e9mov. Bol realizovan\u00fd prechod na platformu OS Windows a\u00a0architekt\u00faru klient\/server.<\/p>\n<p>V\u00a0roku 1997 a\u00a01998 prebiehal v\u00fdvoj komplexn\u00e9ho informa\u010dn\u00e9ho syst\u00e9mu pre k\u00fape\u013en\u00e9 a\u00a0rehabilita\u010dn\u00e9 zariadenia LBIS\/4G. Prv\u00e1 jeho v\u00fdvojov\u00e1 etapa bola ukon\u010den\u00e1 na jese\u0148 1998, ke\u010f bol uveden\u00fd na trh na medzin\u00e1rodnom ve\u013etrhu zdravotn\u00edckej techniky a\u00a0farm\u00e1cie MEFA v\u00a0Brne. Odvtedy je cel\u00fd syst\u00e9m priebe\u017ene rozv\u00edjan\u00fd.<\/p>\n<p>V\u00a0roku 1999 bol uveden\u00fd na trh softv\u00e9rov\u00fd syst\u00e9m R-PLAN na pl\u00e1novanie lie\u010debn\u00fdch proced\u00far rehabilita\u010dn\u00fdch oddelen\u00ed. V\u00a0tomto roku informa\u010dn\u00fd syst\u00e9m LBIS\/4G z\u00e1rove\u0148 vst\u00fapil na slovensk\u00fd trh.<\/p>\n<p>Od roku 2000 prebieha intenz\u00edvny rozvoj IS LBIS\/4G pod\u013ea po\u017eiadaviek pou\u017e\u00edvate\u013eov.<\/p>\n<p>V\u00a0roku 2014 bola uveden\u00e1 na trh nov\u00e1 gener\u00e1cia syst\u00e9mu LBIS\/4G.<\/p>\n<p>Aktu\u00e1lne je syst\u00e9m LBIS\/4G najviac in\u0161talovan\u00fdm syst\u00e9mom pre k\u00fape\u013en\u00e9 a\u00a0rehabilita\u010dn\u00e9 zariadenia v\u00a0\u010ceskej republike a\u00a0Slovenskej republike.<\/p>\n<\/div><div class=\"fusion-title title fusion-title-2 fusion-sep-none fusion-title-text fusion-title-size-two\" style=\"--awb-margin-top:30px;--awb-margin-bottom:10px;\"><h2 class=\"fusion-title-heading title-heading-left fusion-responsive-typography-calculated\" style=\"margin:0;--fontSize:28;line-height:1.5;\">Firemn\u00fd t\u00fdm<\/h2><\/div><div class=\"fusion-text fusion-text-2\"><p>Realiza\u010dn\u00fd t\u00edm LAURYN s.r.o.\u00a0tvor\u00ed 23 pracovn\u00edkov v\u00a0nasleduj\u00facej \u0161trukt\u00fare:<\/p>\n<ul>\n<li><strong>V\u00fdvoj IS:<\/strong>\u00a08 pracovn\u00edkov<\/li>\n<li><strong>Konzultanti (Implement\u00e1cia a Support):<\/strong>\u00a012 pracovn\u00edkov<\/li>\n<li><strong>Administrat\u00edva: <\/strong>3 pracovn\u00edci<\/li>\n<\/ul>\n<\/div><div class=\"fusion-title title fusion-title-3 fusion-sep-none fusion-title-text fusion-title-size-two\" style=\"--awb-margin-top:30px;--awb-margin-bottom:10px;\"><h2 class=\"fusion-title-heading title-heading-left fusion-responsive-typography-calculated\" style=\"margin:0;--fontSize:28;line-height:1.5;\"><p id=\"zasady_spolecnosti\">Z\u00e1sady spolo\u010dnosti<\/p><\/h2><\/div><div class=\"fusion-text fusion-text-3\"><ul>\n<li>V\u00e1\u017eime si d\u00f4veru z\u00e1kazn\u00edka a\u00a0jeho z\u00e1ujmy s\u00fa aj na\u0161imi z\u00e1ujmami.<\/li>\n<li>Ka\u017ed\u00fd n\u00e1pad je dobr\u00fd, ale len tie najlep\u0161ie uv\u00e1dzame do \u017eivota.<\/li>\n<li>Na\u0161e ciele a\u00a0v\u00edzie s\u00fa v\u00a0najvy\u0161\u0161ej mo\u017enej miere zhodn\u00e9 s\u00a0prianiami z\u00e1kazn\u00edka.<\/li>\n<li>Poctiv\u00e1 pr\u00e1ca a\u00a0pln\u00e9 nasadenie je odpove\u010fou na ka\u017ed\u00fa \u00falohu, pred ktor\u00fa sme postaven\u00ed.<\/li>\n<li>Demokratick\u00e9 hodnoty s\u00fa pre n\u00e1s z\u00e1rukou slobodn\u00e9ho podnikania a\u00a0pokra\u010dovania v\u00a0za\u010datej pr\u00e1ci.<\/li>\n<\/ul>\n<p>Neprijate\u013en\u00e9 a\u00a0zavrhnutiahodn\u00e9 konanie z\u00a0na\u0161ej strany je:<\/p>\n<ul>\n<li>Kona\u0165 v\u00a0rozpore s\u00a0hodnotami, ktor\u00e9 v\u00a0na\u0161ej spolo\u010dnosti uzn\u00e1vame.<\/li>\n<li>Po\u0161kodzova\u0165 osobu z\u00e1kazn\u00edka nedbal\u00fdm konan\u00edm vo\u010di jeho osobe.<\/li>\n<li>Zatajova\u0165 alebo skres\u013eova\u0165 inform\u00e1cie, na ktor\u00e9 maj\u00fa z\u00fa\u010dastnen\u00e9 strany n\u00e1rok.<\/li>\n<\/ul>\n<\/div><div class=\"fusion-clearfix\"><\/div><\/div><\/div><\/div><\/div>\n","protected":false},"excerpt":{"rendered":"","protected":false},"author":5,"featured_media":0,"parent":0,"menu_order":0,"comment_status":"closed","ping_status":"closed","template":"","meta":{"footnotes":""},"class_list":["post-14756","page","type-page","status-publish","hentry"],"yoast_head":"<!-- This site is optimized with the Yoast SEO plugin v23.6 - https:\/\/yoast.com\/wordpress\/plugins\/seo\/ -->\n<title>O n\u00e1s | LAURYN<\/title>\n<meta name=\"description\" content=\"\u0160pecializujeme sa na v\u00fdvoj softv\u00e9ru pre k\u00fape\u013en\u00e9 a rehabilita\u010dn\u00e9 zariadenia. Aktu\u00e1lne je n\u00e1\u0161 syst\u00e9m najviac in\u0161talovan\u00fdm v zariadeniach v \u010cesku a na Slovensku.\" \/>\n<meta name=\"robots\" content=\"index, follow, max-snippet:-1, max-image-preview:large, max-video-preview:-1\" \/>\n<link rel=\"canonical\" href=\"https:\/\/www.lauryn.cz\/o-nas\/\" \/>\n<meta property=\"og:locale\" content=\"sk_SK\" \/>\n<meta property=\"og:type\" content=\"article\" \/>\n<meta property=\"og:title\" content=\"O n\u00e1s | LAURYN\" \/>\n<meta property=\"og:description\" content=\"\u0160pecializujeme sa na v\u00fdvoj softv\u00e9ru pre k\u00fape\u013en\u00e9 a rehabilita\u010dn\u00e9 zariadenia. Aktu\u00e1lne je n\u00e1\u0161 syst\u00e9m najviac in\u0161talovan\u00fdm v zariadeniach v \u010cesku a na Slovensku.\" \/>\n<meta property=\"og:url\" content=\"https:\/\/www.lauryn.cz\/o-nas\/\" \/>\n<meta property=\"og:site_name\" content=\"LAURYN\" \/>\n<meta name=\"twitter:card\" content=\"summary_large_image\" \/>\n<meta name=\"twitter:label1\" content=\"Predpokladan\u00fd \u010das \u010d\u00edtania\" \/>\n\t<meta name=\"twitter:data1\" content=\"4 min\u00faty\" \/>\n<script type=\"application\/ld+json\" class=\"yoast-schema-graph\">{\"@context\":\"https:\/\/schema.org\",\"@graph\":[{\"@type\":\"WebPage\",\"@id\":\"https:\/\/www.lauryn.cz\/o-nas\/\",\"url\":\"https:\/\/www.lauryn.cz\/o-nas\/\",\"name\":\"O n\u00e1s | LAURYN\",\"isPartOf\":{\"@id\":\"https:\/\/www.lauryn.cz\/#website\"},\"datePublished\":\"2023-10-27T12:55:46+00:00\",\"dateModified\":\"2023-10-27T12:55:46+00:00\",\"description\":\"\u0160pecializujeme sa na v\u00fdvoj softv\u00e9ru pre k\u00fape\u013en\u00e9 a rehabilita\u010dn\u00e9 zariadenia. Aktu\u00e1lne je n\u00e1\u0161 syst\u00e9m najviac in\u0161talovan\u00fdm v zariadeniach v \u010cesku a na Slovensku.\",\"breadcrumb\":{\"@id\":\"https:\/\/www.lauryn.cz\/o-nas\/#breadcrumb\"},\"inLanguage\":\"sk-SK\",\"potentialAction\":[{\"@type\":\"ReadAction\",\"target\":[\"https:\/\/www.lauryn.cz\/o-nas\/\"]}]},{\"@type\":\"BreadcrumbList\",\"@id\":\"https:\/\/www.lauryn.cz\/o-nas\/#breadcrumb\",\"itemListElement\":[{\"@type\":\"ListItem\",\"position\":1,\"name\":\"Dom\u016f\",\"item\":\"https:\/\/www.lauryn.cz\/sk\/\"},{\"@type\":\"ListItem\",\"position\":2,\"name\":\"O n\u00e1s\"}]},{\"@type\":\"WebSite\",\"@id\":\"https:\/\/www.lauryn.cz\/#website\",\"url\":\"https:\/\/www.lauryn.cz\/\",\"name\":\"LAURYN\",\"description\":\"Informa\u010dn\u00ed syst\u00e9my pro l\u00e1ze\u0148sk\u00e1 a rehabilita\u010dn\u00ed za\u0159\u00edzen\u00ed\",\"potentialAction\":[{\"@type\":\"SearchAction\",\"target\":{\"@type\":\"EntryPoint\",\"urlTemplate\":\"https:\/\/www.lauryn.cz\/?s={search_term_string}\"},\"query-input\":{\"@type\":\"PropertyValueSpecification\",\"valueRequired\":true,\"valueName\":\"search_term_string\"}}],\"inLanguage\":\"sk-SK\"}]}<\/script>\n<!-- \/ Yoast SEO plugin. -->","yoast_head_json":{"title":"O n\u00e1s | LAURYN","description":"\u0160pecializujeme sa na v\u00fdvoj softv\u00e9ru pre k\u00fape\u013en\u00e9 a rehabilita\u010dn\u00e9 zariadenia. Aktu\u00e1lne je n\u00e1\u0161 syst\u00e9m najviac in\u0161talovan\u00fdm v zariadeniach v \u010cesku a na Slovensku.","robots":{"index":"index","follow":"follow","max-snippet":"max-snippet:-1","max-image-preview":"max-image-preview:large","max-video-preview":"max-video-preview:-1"},"canonical":"https:\/\/www.lauryn.cz\/o-nas\/","og_locale":"sk_SK","og_type":"article","og_title":"O n\u00e1s | LAURYN","og_description":"\u0160pecializujeme sa na v\u00fdvoj softv\u00e9ru pre k\u00fape\u013en\u00e9 a rehabilita\u010dn\u00e9 zariadenia. Aktu\u00e1lne je n\u00e1\u0161 syst\u00e9m najviac in\u0161talovan\u00fdm v zariadeniach v \u010cesku a na Slovensku.","og_url":"https:\/\/www.lauryn.cz\/o-nas\/","og_site_name":"LAURYN","twitter_card":"summary_large_image","twitter_misc":{"Predpokladan\u00fd \u010das \u010d\u00edtania":"4 min\u00faty"},"schema":{"@context":"https:\/\/schema.org","@graph":[{"@type":"WebPage","@id":"https:\/\/www.lauryn.cz\/o-nas\/","url":"https:\/\/www.lauryn.cz\/o-nas\/","name":"O n\u00e1s | LAURYN","isPartOf":{"@id":"https:\/\/www.lauryn.cz\/#website"},"datePublished":"2023-10-27T12:55:46+00:00","dateModified":"2023-10-27T12:55:46+00:00","description":"\u0160pecializujeme sa na v\u00fdvoj softv\u00e9ru pre k\u00fape\u013en\u00e9 a rehabilita\u010dn\u00e9 zariadenia. Aktu\u00e1lne je n\u00e1\u0161 syst\u00e9m najviac in\u0161talovan\u00fdm v zariadeniach v \u010cesku a na Slovensku.","breadcrumb":{"@id":"https:\/\/www.lauryn.cz\/o-nas\/#breadcrumb"},"inLanguage":"sk-SK","potentialAction":[{"@type":"ReadAction","target":["https:\/\/www.lauryn.cz\/o-nas\/"]}]},{"@type":"BreadcrumbList","@id":"https:\/\/www.lauryn.cz\/o-nas\/#breadcrumb","itemListElement":[{"@type":"ListItem","position":1,"name":"Dom\u016f","item":"https:\/\/www.lauryn.cz\/sk\/"},{"@type":"ListItem","position":2,"name":"O n\u00e1s"}]},{"@type":"WebSite","@id":"https:\/\/www.lauryn.cz\/#website","url":"https:\/\/www.lauryn.cz\/","name":"LAURYN","description":"Informa\u010dn\u00ed syst\u00e9my pro l\u00e1ze\u0148sk\u00e1 a rehabilita\u010dn\u00ed za\u0159\u00edzen\u00ed","potentialAction":[{"@type":"SearchAction","target":{"@type":"EntryPoint","urlTemplate":"https:\/\/www.lauryn.cz\/?s={search_term_string}"},"query-input":{"@type":"PropertyValueSpecification","valueRequired":true,"valueName":"search_term_string"}}],"inLanguage":"sk-SK"}]}},"_links":{"self":[{"href":"https:\/\/www.lauryn.cz\/sk\/wp-json\/wp\/v2\/pages\/14756"}],"collection":[{"href":"https:\/\/www.lauryn.cz\/sk\/wp-json\/wp\/v2\/pages"}],"about":[{"href":"https:\/\/www.lauryn.cz\/sk\/wp-json\/wp\/v2\/types\/page"}],"author":[{"embeddable":true,"href":"https:\/\/www.lauryn.cz\/sk\/wp-json\/wp\/v2\/users\/5"}],"replies":[{"embeddable":true,"href":"https:\/\/www.lauryn.cz\/sk\/wp-json\/wp\/v2\/comments?post=14756"}],"version-history":[{"count":4,"href":"https:\/\/www.lauryn.cz\/sk\/wp-json\/wp\/v2\/pages\/14756\/revisions"}],"predecessor-version":[{"id":14760,"href":"https:\/\/www.lauryn.cz\/sk\/wp-json\/wp\/v2\/pages\/14756\/revisions\/14760"}],"wp:attachment":[{"href":"https:\/\/www.lauryn.cz\/sk\/wp-json\/wp\/v2\/media?parent=14756"}],"curies":[{"name":"wp","href":"https:\/\/api.w.org\/{rel}","templated":true}]}}