{"id":14766,"date":"2023-10-27T14:11:21","date_gmt":"2023-10-27T13:11:21","guid":{"rendered":"https:\/\/www.lauryn.cz\/?page_id=14766"},"modified":"2023-10-27T14:11:21","modified_gmt":"2023-10-27T13:11:21","slug":"system-kvality-iso","status":"publish","type":"page","link":"https:\/\/www.lauryn.cz\/sk\/o-nas\/system-kvality-iso\/","title":{"rendered":"Syst\u00e9m kvality ISO"},"content":{"rendered":"<p><div class=\"fusion-fullwidth fullwidth-box fusion-builder-row-1 nonhundred-percent-fullwidth non-hundred-percent-height-scrolling\" style=\"--awb-border-radius-top-left:0px;--awb-border-radius-top-right:0px;--awb-border-radius-bottom-right:0px;--awb-border-radius-bottom-left:0px;--awb-padding-top:20px;--awb-padding-bottom:20px;--awb-flex-wrap:wrap;\" ><div class=\"fusion-builder-row fusion-row\"><div class=\"fusion-layout-column fusion_builder_column fusion-builder-column-0 fusion_builder_column_1_1 1_1 fusion-one-full fusion-column-first fusion-column-last\" style=\"--awb-bg-size:cover;\"><div class=\"fusion-column-wrapper fusion-flex-column-wrapper-legacy\"><div class=\"fusion-title title fusion-title-1 fusion-sep-none fusion-title-center fusion-title-text fusion-title-size-one\" style=\"--awb-sep-color:#ff6000;\"><h1 class=\"fusion-title-heading title-heading-center fusion-responsive-typography-calculated\" style=\"margin:0;--fontSize:40;line-height:1.4;\">Syst\u00e9m kvality ISO<\/h1><\/div><div class=\"fusion-clearfix\"><\/div><\/div><\/div><\/div><\/div><div class=\"fusion-fullwidth fullwidth-box fusion-builder-row-2 nonhundred-percent-fullwidth non-hundred-percent-height-scrolling\" style=\"--awb-border-radius-top-left:0px;--awb-border-radius-top-right:0px;--awb-border-radius-bottom-right:0px;--awb-border-radius-bottom-left:0px;--awb-padding-top:0px;--awb-padding-bottom:0px;--awb-flex-wrap:wrap;\" ><div class=\"fusion-builder-row fusion-row\"><div class=\"fusion-layout-column fusion_builder_column fusion-builder-column-1 fusion_builder_column_1_2 1_2 fusion-one-half fusion-column-first\" style=\"--awb-bg-size:cover;width:50%;width:calc(50% - ( ( 4% ) * 0.5 ) );margin-right: 4%;\"><div class=\"fusion-column-wrapper fusion-flex-column-wrapper-legacy\"><div class=\"fusion-text fusion-text-1\"><p>Spolo\u010dnos\u0165\u00a0<strong>LAURYN v.o.s.<\/strong>\u00a0m\u00e1 implementovan\u00fd syst\u00e9m riadenia kvality pod\u013ea normy\u00a0<strong>\u010cSN\u00a0EN ISO 9001:2009<\/strong>.<\/p>\n<p>Syst\u00e9m je implementovan\u00fd na v\u0161etky procesy v\u00a0r\u00e1mci spolo\u010dnosti\u00a0<strong>LAURYN v.o.s.<\/strong>\u00a0(v\u00fdvoj softv\u00e9ru a\u00a0informa\u010dn\u00fdch syst\u00e9mov, implement\u00e1cia, support a\u00a0servis).<\/p>\n<p>Syst\u00e9m bol implementovan\u00fd v\u00a0roku 2004. Ka\u017ed\u00fd rok je realizovan\u00fd dozorn\u00fd audit. Po troch rokoch je v\u017edy realizovan\u00fd recertifika\u010dn\u00fd audit (2016).<\/p>\n<\/div><div class=\"fusion-clearfix\"><\/div><\/div><\/div><div class=\"fusion-layout-column fusion_builder_column fusion-builder-column-2 fusion_builder_column_1_2 1_2 fusion-one-half fusion-column-last\" style=\"--awb-bg-size:cover;width:50%;width:calc(50% - ( ( 4% ) * 0.5 ) );\"><div class=\"fusion-column-wrapper fusion-flex-column-wrapper-legacy\"><div class=\"fusion-image-element fusion-image-align-center in-legacy-container\" style=\"text-align:center;--awb-caption-title-font-family:var(--h2_typography-font-family);--awb-caption-title-font-weight:var(--h2_typography-font-weight);--awb-caption-title-font-style:var(--h2_typography-font-style);--awb-caption-title-size:var(--h2_typography-font-size);--awb-caption-title-transform:var(--h2_typography-text-transform);--awb-caption-title-line-height:var(--h2_typography-line-height);--awb-caption-title-letter-spacing:var(--h2_typography-letter-spacing);\"><div class=\"imageframe-align-center\"><span class=\" fusion-imageframe imageframe-dropshadow imageframe-1 hover-type-none\" style=\"-webkit-box-shadow: 3px 3px 7px rgba(0,0,0,0.3);box-shadow: 3px 3px 7px rgba(0,0,0,0.3);\"><a href=\"https:\/\/www.lauryn.cz\/wp-content\/uploads\/2016\/11\/certifikat_ISO_CZ_2019-1.jpg\" class=\"fusion-lightbox\" data-rel=\"iLightbox[bb7b6d80536d80f4fd1]\" data-title=\"certifikat_ISO_CZ_2019\" title=\"certifikat_ISO_CZ_2019\"><img decoding=\"async\" width=\"212\" height=\"300\" alt=\"Certifik\u00e1t ISO\" src=\"https:\/\/www.lauryn.cz\/wp-content\/uploads\/2016\/11\/certifikat_ISO_CZ_2019-1-212x300.jpg\" class=\"img-responsive wp-image-14543\" srcset=\"https:\/\/www.lauryn.cz\/wp-content\/uploads\/2016\/11\/certifikat_ISO_CZ_2019-1-200x283.jpg 200w, https:\/\/www.lauryn.cz\/wp-content\/uploads\/2016\/11\/certifikat_ISO_CZ_2019-1-400x566.jpg 400w, https:\/\/www.lauryn.cz\/wp-content\/uploads\/2016\/11\/certifikat_ISO_CZ_2019-1-600x848.jpg 600w, https:\/\/www.lauryn.cz\/wp-content\/uploads\/2016\/11\/certifikat_ISO_CZ_2019-1-800x1131.jpg 800w, https:\/\/www.lauryn.cz\/wp-content\/uploads\/2016\/11\/certifikat_ISO_CZ_2019-1-1200x1697.jpg 1200w\" sizes=\"(max-width: 800px) 100vw, 600px\" \/><\/a><\/span><\/div><\/div><div class=\"fusion-clearfix\"><\/div><\/div><\/div><\/div><\/div><\/p>\n","protected":false},"excerpt":{"rendered":"","protected":false},"author":5,"featured_media":0,"parent":14756,"menu_order":0,"comment_status":"closed","ping_status":"closed","template":"","meta":{"footnotes":""},"class_list":["post-14766","page","type-page","status-publish","hentry"],"yoast_head":"<!-- This site is optimized with the Yoast SEO plugin v23.6 - https:\/\/yoast.com\/wordpress\/plugins\/seo\/ -->\n<title>Syst\u00e9m kvality ISO | LAURYN<\/title>\n<meta name=\"description\" content=\"Spolo\u010dnos\u0165 LAURYN s.r.o. m\u00e1 implementovan\u00fd a certifikovan\u00fd syst\u00e9m riadenia kvality ISO na v\u0161etky procesy v r\u00e1mci spolo\u010dnosti.\" \/>\n<meta name=\"robots\" content=\"index, follow, max-snippet:-1, max-image-preview:large, max-video-preview:-1\" \/>\n<link rel=\"canonical\" href=\"https:\/\/www.lauryn.cz\/o-nas\/system-kvality-iso\/\" \/>\n<meta property=\"og:locale\" content=\"sk_SK\" \/>\n<meta property=\"og:type\" content=\"article\" \/>\n<meta property=\"og:title\" content=\"Syst\u00e9m kvality ISO | LAURYN\" \/>\n<meta property=\"og:description\" content=\"Spolo\u010dnos\u0165 LAURYN s.r.o. m\u00e1 implementovan\u00fd a certifikovan\u00fd syst\u00e9m riadenia kvality ISO na v\u0161etky procesy v r\u00e1mci spolo\u010dnosti.\" \/>\n<meta property=\"og:url\" content=\"https:\/\/www.lauryn.cz\/o-nas\/system-kvality-iso\/\" \/>\n<meta property=\"og:site_name\" content=\"LAURYN\" \/>\n<meta name=\"twitter:card\" content=\"summary_large_image\" \/>\n<meta name=\"twitter:label1\" content=\"Predpokladan\u00fd \u010das \u010d\u00edtania\" \/>\n\t<meta name=\"twitter:data1\" content=\"2 min\u00faty\" \/>\n<script type=\"application\/ld+json\" class=\"yoast-schema-graph\">{\"@context\":\"https:\/\/schema.org\",\"@graph\":[{\"@type\":\"WebPage\",\"@id\":\"https:\/\/www.lauryn.cz\/o-nas\/system-kvality-iso\/\",\"url\":\"https:\/\/www.lauryn.cz\/o-nas\/system-kvality-iso\/\",\"name\":\"Syst\u00e9m kvality ISO | LAURYN\",\"isPartOf\":{\"@id\":\"https:\/\/www.lauryn.cz\/#website\"},\"datePublished\":\"2023-10-27T13:11:21+00:00\",\"dateModified\":\"2023-10-27T13:11:21+00:00\",\"description\":\"Spolo\u010dnos\u0165 LAURYN s.r.o. m\u00e1 implementovan\u00fd a certifikovan\u00fd syst\u00e9m riadenia kvality ISO na v\u0161etky procesy v r\u00e1mci spolo\u010dnosti.\",\"breadcrumb\":{\"@id\":\"https:\/\/www.lauryn.cz\/o-nas\/system-kvality-iso\/#breadcrumb\"},\"inLanguage\":\"sk-SK\",\"potentialAction\":[{\"@type\":\"ReadAction\",\"target\":[\"https:\/\/www.lauryn.cz\/o-nas\/system-kvality-iso\/\"]}]},{\"@type\":\"BreadcrumbList\",\"@id\":\"https:\/\/www.lauryn.cz\/o-nas\/system-kvality-iso\/#breadcrumb\",\"itemListElement\":[{\"@type\":\"ListItem\",\"position\":1,\"name\":\"Dom\u016f\",\"item\":\"https:\/\/www.lauryn.cz\/sk\/\"},{\"@type\":\"ListItem\",\"position\":2,\"name\":\"O n\u00e1s\",\"item\":\"https:\/\/www.lauryn.cz\/o-nas\/\"},{\"@type\":\"ListItem\",\"position\":3,\"name\":\"Syst\u00e9m kvality ISO\"}]},{\"@type\":\"WebSite\",\"@id\":\"https:\/\/www.lauryn.cz\/#website\",\"url\":\"https:\/\/www.lauryn.cz\/\",\"name\":\"LAURYN\",\"description\":\"Informa\u010dn\u00ed syst\u00e9my pro l\u00e1ze\u0148sk\u00e1 a rehabilita\u010dn\u00ed za\u0159\u00edzen\u00ed\",\"potentialAction\":[{\"@type\":\"SearchAction\",\"target\":{\"@type\":\"EntryPoint\",\"urlTemplate\":\"https:\/\/www.lauryn.cz\/?s={search_term_string}\"},\"query-input\":{\"@type\":\"PropertyValueSpecification\",\"valueRequired\":true,\"valueName\":\"search_term_string\"}}],\"inLanguage\":\"sk-SK\"}]}<\/script>\n<!-- \/ Yoast SEO plugin. -->","yoast_head_json":{"title":"Syst\u00e9m kvality ISO | LAURYN","description":"Spolo\u010dnos\u0165 LAURYN s.r.o. m\u00e1 implementovan\u00fd a certifikovan\u00fd syst\u00e9m riadenia kvality ISO na v\u0161etky procesy v r\u00e1mci spolo\u010dnosti.","robots":{"index":"index","follow":"follow","max-snippet":"max-snippet:-1","max-image-preview":"max-image-preview:large","max-video-preview":"max-video-preview:-1"},"canonical":"https:\/\/www.lauryn.cz\/o-nas\/system-kvality-iso\/","og_locale":"sk_SK","og_type":"article","og_title":"Syst\u00e9m kvality ISO | LAURYN","og_description":"Spolo\u010dnos\u0165 LAURYN s.r.o. m\u00e1 implementovan\u00fd a certifikovan\u00fd syst\u00e9m riadenia kvality ISO na v\u0161etky procesy v r\u00e1mci spolo\u010dnosti.","og_url":"https:\/\/www.lauryn.cz\/o-nas\/system-kvality-iso\/","og_site_name":"LAURYN","twitter_card":"summary_large_image","twitter_misc":{"Predpokladan\u00fd \u010das \u010d\u00edtania":"2 min\u00faty"},"schema":{"@context":"https:\/\/schema.org","@graph":[{"@type":"WebPage","@id":"https:\/\/www.lauryn.cz\/o-nas\/system-kvality-iso\/","url":"https:\/\/www.lauryn.cz\/o-nas\/system-kvality-iso\/","name":"Syst\u00e9m kvality ISO | LAURYN","isPartOf":{"@id":"https:\/\/www.lauryn.cz\/#website"},"datePublished":"2023-10-27T13:11:21+00:00","dateModified":"2023-10-27T13:11:21+00:00","description":"Spolo\u010dnos\u0165 LAURYN s.r.o. m\u00e1 implementovan\u00fd a certifikovan\u00fd syst\u00e9m riadenia kvality ISO na v\u0161etky procesy v r\u00e1mci spolo\u010dnosti.","breadcrumb":{"@id":"https:\/\/www.lauryn.cz\/o-nas\/system-kvality-iso\/#breadcrumb"},"inLanguage":"sk-SK","potentialAction":[{"@type":"ReadAction","target":["https:\/\/www.lauryn.cz\/o-nas\/system-kvality-iso\/"]}]},{"@type":"BreadcrumbList","@id":"https:\/\/www.lauryn.cz\/o-nas\/system-kvality-iso\/#breadcrumb","itemListElement":[{"@type":"ListItem","position":1,"name":"Dom\u016f","item":"https:\/\/www.lauryn.cz\/sk\/"},{"@type":"ListItem","position":2,"name":"O n\u00e1s","item":"https:\/\/www.lauryn.cz\/o-nas\/"},{"@type":"ListItem","position":3,"name":"Syst\u00e9m kvality ISO"}]},{"@type":"WebSite","@id":"https:\/\/www.lauryn.cz\/#website","url":"https:\/\/www.lauryn.cz\/","name":"LAURYN","description":"Informa\u010dn\u00ed syst\u00e9my pro l\u00e1ze\u0148sk\u00e1 a rehabilita\u010dn\u00ed za\u0159\u00edzen\u00ed","potentialAction":[{"@type":"SearchAction","target":{"@type":"EntryPoint","urlTemplate":"https:\/\/www.lauryn.cz\/?s={search_term_string}"},"query-input":{"@type":"PropertyValueSpecification","valueRequired":true,"valueName":"search_term_string"}}],"inLanguage":"sk-SK"}]}},"_links":{"self":[{"href":"https:\/\/www.lauryn.cz\/sk\/wp-json\/wp\/v2\/pages\/14766"}],"collection":[{"href":"https:\/\/www.lauryn.cz\/sk\/wp-json\/wp\/v2\/pages"}],"about":[{"href":"https:\/\/www.lauryn.cz\/sk\/wp-json\/wp\/v2\/types\/page"}],"author":[{"embeddable":true,"href":"https:\/\/www.lauryn.cz\/sk\/wp-json\/wp\/v2\/users\/5"}],"replies":[{"embeddable":true,"href":"https:\/\/www.lauryn.cz\/sk\/wp-json\/wp\/v2\/comments?post=14766"}],"version-history":[{"count":2,"href":"https:\/\/www.lauryn.cz\/sk\/wp-json\/wp\/v2\/pages\/14766\/revisions"}],"predecessor-version":[{"id":14768,"href":"https:\/\/www.lauryn.cz\/sk\/wp-json\/wp\/v2\/pages\/14766\/revisions\/14768"}],"up":[{"embeddable":true,"href":"https:\/\/www.lauryn.cz\/sk\/wp-json\/wp\/v2\/pages\/14756"}],"wp:attachment":[{"href":"https:\/\/www.lauryn.cz\/sk\/wp-json\/wp\/v2\/media?parent=14766"}],"curies":[{"name":"wp","href":"https:\/\/api.w.org\/{rel}","templated":true}]}}