{"id":14774,"date":"2023-10-27T14:57:16","date_gmt":"2023-10-27T13:57:16","guid":{"rendered":"https:\/\/www.lauryn.cz\/?page_id=14774"},"modified":"2023-10-27T14:57:16","modified_gmt":"2023-10-27T13:57:16","slug":"kontakty","status":"publish","type":"page","link":"https:\/\/www.lauryn.cz\/sk\/kontakty\/","title":{"rendered":"Kontakty"},"content":{"rendered":"<p><div class=\"fusion-fullwidth fullwidth-box fusion-builder-row-1 nonhundred-percent-fullwidth non-hundred-percent-height-scrolling\" style=\"--awb-background-position:left top;--awb-background-repeat:repeat;--awb-border-radius-top-left:0px;--awb-border-radius-top-right:0px;--awb-border-radius-bottom-right:0px;--awb-border-radius-bottom-left:0px;--awb-padding-top:20px;--awb-padding-bottom:25px;--awb-border-sizes-top:0px;--awb-border-sizes-bottom:0px;--awb-flex-wrap:wrap;\" ><div class=\"fusion-builder-row fusion-row\"><div class=\"fusion-layout-column fusion_builder_column fusion-builder-column-0 fusion_builder_column_1_1 1_1 fusion-one-full fusion-column-first fusion-column-last\" style=\"--awb-bg-size:cover;\"><div class=\"fusion-column-wrapper fusion-flex-column-wrapper-legacy\"><div class=\"fusion-title title fusion-title-1 fusion-sep-none fusion-title-center fusion-title-text fusion-title-size-one\"><h1 class=\"fusion-title-heading title-heading-center fusion-responsive-typography-calculated\" style=\"margin:0;--fontSize:40;line-height:1.4;\">Kontakt<\/h1><\/div><div class=\"fusion-clearfix\"><\/div><\/div><\/div><div class=\"fusion-layout-column fusion_builder_column fusion-builder-column-1 fusion_builder_column_1_2 1_2 fusion-one-half fusion-column-first\" style=\"--awb-bg-size:cover;width:48%; margin-right: 4%;\"><div class=\"fusion-column-wrapper fusion-flex-column-wrapper-legacy\"><div class=\"fusion-title title fusion-title-2 fusion-sep-none fusion-title-text fusion-title-size-two\" style=\"--awb-sep-color:#ff9800;\"><h2 class=\"fusion-title-heading title-heading-left fusion-responsive-typography-calculated\" style=\"margin:0;--fontSize:28;line-height:1.5;\">Spolo\u010dnos\u0165 LAURYN s.r.o.<\/h2><\/div>\n<table cellspacing=\"0\">\n<tbody>\n<tr>\n<td style=\"width: 30%;\">Spolo\u010dnos\u0165:<\/td>\n<td>LAURYN s.r.o.<\/td>\n<\/tr>\n<tr>\n<td>Adresa:<\/td>\n<td>P\u0159elou\u010dsk\u00e1 255, 530&nbsp;06 Pardubice 6, \u010cesk\u00e1 republika<\/td>\n<\/tr>\n<tr>\n<td>Telef\u00f3n:<\/td>\n<td><strong>+420&nbsp;466&nbsp;971&nbsp;192, + 420&nbsp;466&nbsp;971&nbsp;193<\/strong><\/td>\n<\/tr>\n<tr>\n<td>E-mail:<\/td>\n<td><a id=\"aemail1\" href=\"mailto:lauryn@lauryn.cz\">lauryn@lauryn.cz<\/a><\/td>\n<\/tr>\n<tr>\n<td>Web:<\/td>\n<td><a href=\"\/\">www.lauryn.cz<\/a><\/td>\n<\/tr>\n<tr>\n<td>I\u010cO:<\/td>\n<td><strong>60113685<\/strong><\/td>\n<\/tr>\n<tr>\n<td>DI\u010c:<\/td>\n<td>CZ60113685<\/td>\n<\/tr>\n<tr>\n<td style=\"vertical-align: top;\">Obchodn\u00fd register:<\/td>\n<td>Spolo\u010dnos\u0165 zap\u00edsan\u00e1 v\u00a0OR vedenom KS v\u00a0Hradci Kr\u00e1lov\u00e9, oddiel C, vlo\u017eka\u00a045128<\/td>\n<\/tr>\n<tr>\n<td style=\"vertical-align: top;\">D\u00e1tov\u00e1 schr\u00e1nka:<\/td>\n<td>2x6hut8<\/td>\n<\/tr>\n<tr>\n<td style=\"vertical-align: top;\">Kontaktn\u00e1 osoba:<\/td>\n<td><strong>Ing. Radek Lauryn, <\/strong>(<a id=\"aemail2\" href=\"mailto:radek.lauryn@lauryn.cz\" target=\"_self\">radek.lauryn@lauryn.cz<\/a>)<\/td>\n<\/tr>\n<\/tbody>\n<\/table>\n<div class=\"fusion-sep-clear\"><\/div><div class=\"fusion-separator fusion-full-width-sep\" style=\"margin-left: auto;margin-right: auto;margin-top:10px;margin-bottom:10px;width:100%;\"><\/div><div class=\"fusion-sep-clear\"><\/div><div class=\"fusion-text fusion-text-1\"><\/div><div class=\"fusion-clearfix\"><\/div><\/div><\/div><div class=\"fusion-layout-column fusion_builder_column fusion-builder-column-2 fusion_builder_column_1_2 1_2 fusion-one-half fusion-column-last\" style=\"--awb-bg-size:cover;width:48%;\"><div class=\"fusion-column-wrapper fusion-flex-column-wrapper-legacy\"><div class=\"fusion-title title fusion-title-3 fusion-sep-none fusion-title-text fusion-title-size-two\" style=\"--awb-sep-color:#ff9800;\"><h2 class=\"fusion-title-heading title-heading-left fusion-responsive-typography-calculated\" style=\"margin:0;--fontSize:28;line-height:1.5;\">Kontaktn\u00fd formul\u00e1r<\/h2><\/div>\n<div class=\"wpcf7 no-js\" id=\"wpcf7-f14773-o1\" lang=\"cs-CZ\" dir=\"ltr\">\n<div class=\"screen-reader-response\"><p role=\"status\" aria-live=\"polite\" aria-atomic=\"true\"><\/p> <ul><\/ul><\/div>\n<form action=\"\/sk\/wp-json\/wp\/v2\/pages\/14774#wpcf7-f14773-o1\" method=\"post\" class=\"wpcf7-form init\" aria-label=\"Kontaktn\u00ed formul\u00e1\u0159\" novalidate=\"novalidate\" data-status=\"init\">\n<div style=\"display: none;\">\n<input type=\"hidden\" name=\"_wpcf7\" value=\"14773\" \/>\n<input type=\"hidden\" name=\"_wpcf7_version\" value=\"5.9.8\" \/>\n<input type=\"hidden\" name=\"_wpcf7_locale\" value=\"cs_CZ\" \/>\n<input type=\"hidden\" name=\"_wpcf7_unit_tag\" value=\"wpcf7-f14773-o1\" \/>\n<input type=\"hidden\" name=\"_wpcf7_container_post\" value=\"0\" \/>\n<input type=\"hidden\" name=\"_wpcf7_posted_data_hash\" value=\"\" \/>\n<input type=\"hidden\" name=\"_wpcf7_recaptcha_response\" value=\"\" \/>\n<\/div>\n<p><label> Va\u0161e meno (vy\u017eadovan\u00e9)<br \/>\n<span class=\"wpcf7-form-control-wrap\" data-name=\"your-name\"><input size=\"40\" maxlength=\"400\" class=\"wpcf7-form-control wpcf7-text wpcf7-validates-as-required\" aria-required=\"true\" aria-invalid=\"false\" value=\"\" type=\"text\" name=\"your-name\" \/><\/span> <\/label>\n<\/p>\n<p><label> V\u00e1\u0161 e-mail (vy\u017eadovan\u00e9)<br \/>\n<span class=\"wpcf7-form-control-wrap\" data-name=\"your-email\"><input size=\"40\" maxlength=\"400\" class=\"wpcf7-form-control wpcf7-email wpcf7-validates-as-required wpcf7-text wpcf7-validates-as-email\" aria-required=\"true\" aria-invalid=\"false\" value=\"\" type=\"email\" name=\"your-email\" \/><\/span> <\/label>\n<\/p>\n<p><label> Predmet<br \/>\n<span class=\"wpcf7-form-control-wrap\" data-name=\"your-subject\"><input size=\"40\" maxlength=\"400\" class=\"wpcf7-form-control wpcf7-text\" aria-invalid=\"false\" value=\"\" type=\"text\" name=\"your-subject\" \/><\/span> <\/label>\n<\/p>\n<p><label> Va\u0161a spr\u00e1va<br \/>\n<span class=\"wpcf7-form-control-wrap\" data-name=\"your-message\"><textarea cols=\"40\" rows=\"10\" maxlength=\"2000\" class=\"wpcf7-form-control wpcf7-textarea\" aria-invalid=\"false\" name=\"your-message\"><\/textarea><\/span> <\/label>\n<\/p>\n<p style=\"text-align: right;\">Informace o <a href=\"\/informace-ochrane-osobnich-udaju\/\" target=_blank\">Inform\u00e1cie o\u00a0ochrane osobn\u00fdch \u00fadajov<\/a>\n<\/p>\n\n<p><input class=\"wpcf7-form-control wpcf7-submit has-spinner\" type=\"submit\" value=\"Odosla\u0165\" \/>\n<\/p><div class=\"fusion-alert alert custom alert-custom fusion-alert-center wpcf7-response-output awb-alert-native-link-color alert-dismissable awb-alert-close-boxed\" style=\"--awb-border-size:1px;--awb-border-top-left-radius:0px;--awb-border-top-right-radius:0px;--awb-border-bottom-left-radius:0px;--awb-border-bottom-right-radius:0px;\" role=\"alert\"><div class=\"fusion-alert-content-wrapper\"><span class=\"fusion-alert-content\"><\/span><\/div><button type=\"button\" class=\"close toggle-alert\" data-dismiss=\"alert\" aria-label=\"Close\">&times;<\/button><\/div>\n<\/form>\n<\/div>\n<div class=\"fusion-clearfix\"><\/div><\/div><\/div><\/div><\/div><div class=\"fusion-fullwidth fullwidth-box fusion-builder-row-2 nonhundred-percent-fullwidth non-hundred-percent-height-scrolling\" style=\"--awb-border-radius-top-left:0px;--awb-border-radius-top-right:0px;--awb-border-radius-bottom-right:0px;--awb-border-radius-bottom-left:0px;--awb-padding-top:20px;--awb-padding-bottom:20px;--awb-flex-wrap:wrap;\" ><div class=\"fusion-builder-row fusion-row\"><div class=\"fusion-layout-column fusion_builder_column fusion-builder-column-3 fusion_builder_column_1_1 1_1 fusion-one-full fusion-column-first fusion-column-last\" style=\"--awb-bg-size:cover;\"><div class=\"fusion-column-wrapper fusion-flex-column-wrapper-legacy\"><iframe src=\"https:\/\/www.google.com\/maps\/embed?pb=!1m18!1m12!1m3!1d2563.573365824225!2d15.703405615884465!3d50.01935122621398!2m3!1f0!2f0!3f0!3m2!1i1024!2i768!4f13.1!3m3!1m2!1s0x470c34a476c773e5%3A0x78adff3433eb0156!2zUMWZZWxvdcSNc2vDoSAyNTUsIDUzMCAwNiBQYXJkdWJpY2UgVkktU3RhcsOpIMSMw612aWNl!5e0!3m2!1scs!2scz!4v1564117266469!5m2!1scs!2scz\" width=\"100%\" height=\"320\" frameborder=\"0\" style=\"border:0\" allowfullscreen><\/iframe><div class=\"fusion-clearfix\"><\/div><\/div><\/div><\/div><\/div><\/p>\n","protected":false},"excerpt":{"rendered":"","protected":false},"author":5,"featured_media":0,"parent":0,"menu_order":0,"comment_status":"closed","ping_status":"closed","template":"","meta":{"footnotes":""},"class_list":["post-14774","page","type-page","status-publish","hentry"],"yoast_head":"<!-- This site is optimized with the Yoast SEO plugin v23.6 - https:\/\/yoast.com\/wordpress\/plugins\/seo\/ -->\n<title>Kontakty | LAURYN<\/title>\n<meta name=\"description\" content=\"Vyber\u00e1te informa\u010dn\u00fd syst\u00e9m pre k\u00fape\u013en\u00e9 \u010di rehabilita\u010dn\u00e9 zariadenie alebo u\u017e vyu\u017e\u00edvate syst\u00e9m LBIS\/4G a potrebujte radu? Obr\u00e1\u0165te sa na n\u00e1s. Pom\u00f4\u017eeme v\u00e1m.\" \/>\n<meta name=\"robots\" content=\"index, follow, max-snippet:-1, max-image-preview:large, max-video-preview:-1\" \/>\n<link rel=\"canonical\" href=\"https:\/\/www.lauryn.cz\/kontakty\/\" \/>\n<meta property=\"og:locale\" content=\"sk_SK\" \/>\n<meta property=\"og:type\" content=\"article\" \/>\n<meta property=\"og:title\" content=\"Kontakty | LAURYN\" \/>\n<meta property=\"og:description\" content=\"Vyber\u00e1te informa\u010dn\u00fd syst\u00e9m pre k\u00fape\u013en\u00e9 \u010di rehabilita\u010dn\u00e9 zariadenie alebo u\u017e vyu\u017e\u00edvate syst\u00e9m LBIS\/4G a potrebujte radu? Obr\u00e1\u0165te sa na n\u00e1s. Pom\u00f4\u017eeme v\u00e1m.\" \/>\n<meta property=\"og:url\" content=\"https:\/\/www.lauryn.cz\/kontakty\/\" \/>\n<meta property=\"og:site_name\" content=\"LAURYN\" \/>\n<meta name=\"twitter:card\" content=\"summary_large_image\" \/>\n<meta name=\"twitter:label1\" content=\"Predpokladan\u00fd \u010das \u010d\u00edtania\" \/>\n\t<meta name=\"twitter:data1\" content=\"3 min\u00faty\" \/>\n<script type=\"application\/ld+json\" class=\"yoast-schema-graph\">{\"@context\":\"https:\/\/schema.org\",\"@graph\":[{\"@type\":\"WebPage\",\"@id\":\"https:\/\/www.lauryn.cz\/kontakty\/\",\"url\":\"https:\/\/www.lauryn.cz\/kontakty\/\",\"name\":\"Kontakty | LAURYN\",\"isPartOf\":{\"@id\":\"https:\/\/www.lauryn.cz\/#website\"},\"datePublished\":\"2023-10-27T13:57:16+00:00\",\"dateModified\":\"2023-10-27T13:57:16+00:00\",\"description\":\"Vyber\u00e1te informa\u010dn\u00fd syst\u00e9m pre k\u00fape\u013en\u00e9 \u010di rehabilita\u010dn\u00e9 zariadenie alebo u\u017e vyu\u017e\u00edvate syst\u00e9m LBIS\/4G a potrebujte radu? Obr\u00e1\u0165te sa na n\u00e1s. Pom\u00f4\u017eeme v\u00e1m.\",\"breadcrumb\":{\"@id\":\"https:\/\/www.lauryn.cz\/kontakty\/#breadcrumb\"},\"inLanguage\":\"sk-SK\",\"potentialAction\":[{\"@type\":\"ReadAction\",\"target\":[\"https:\/\/www.lauryn.cz\/kontakty\/\"]}]},{\"@type\":\"BreadcrumbList\",\"@id\":\"https:\/\/www.lauryn.cz\/kontakty\/#breadcrumb\",\"itemListElement\":[{\"@type\":\"ListItem\",\"position\":1,\"name\":\"Dom\u016f\",\"item\":\"https:\/\/www.lauryn.cz\/sk\/\"},{\"@type\":\"ListItem\",\"position\":2,\"name\":\"Kontakty\"}]},{\"@type\":\"WebSite\",\"@id\":\"https:\/\/www.lauryn.cz\/#website\",\"url\":\"https:\/\/www.lauryn.cz\/\",\"name\":\"LAURYN\",\"description\":\"Informa\u010dn\u00ed syst\u00e9my pro l\u00e1ze\u0148sk\u00e1 a rehabilita\u010dn\u00ed za\u0159\u00edzen\u00ed\",\"potentialAction\":[{\"@type\":\"SearchAction\",\"target\":{\"@type\":\"EntryPoint\",\"urlTemplate\":\"https:\/\/www.lauryn.cz\/?s={search_term_string}\"},\"query-input\":{\"@type\":\"PropertyValueSpecification\",\"valueRequired\":true,\"valueName\":\"search_term_string\"}}],\"inLanguage\":\"sk-SK\"}]}<\/script>\n<!-- \/ Yoast SEO plugin. -->","yoast_head_json":{"title":"Kontakty | LAURYN","description":"Vyber\u00e1te informa\u010dn\u00fd syst\u00e9m pre k\u00fape\u013en\u00e9 \u010di rehabilita\u010dn\u00e9 zariadenie alebo u\u017e vyu\u017e\u00edvate syst\u00e9m LBIS\/4G a potrebujte radu? Obr\u00e1\u0165te sa na n\u00e1s. Pom\u00f4\u017eeme v\u00e1m.","robots":{"index":"index","follow":"follow","max-snippet":"max-snippet:-1","max-image-preview":"max-image-preview:large","max-video-preview":"max-video-preview:-1"},"canonical":"https:\/\/www.lauryn.cz\/kontakty\/","og_locale":"sk_SK","og_type":"article","og_title":"Kontakty | LAURYN","og_description":"Vyber\u00e1te informa\u010dn\u00fd syst\u00e9m pre k\u00fape\u013en\u00e9 \u010di rehabilita\u010dn\u00e9 zariadenie alebo u\u017e vyu\u017e\u00edvate syst\u00e9m LBIS\/4G a potrebujte radu? Obr\u00e1\u0165te sa na n\u00e1s. Pom\u00f4\u017eeme v\u00e1m.","og_url":"https:\/\/www.lauryn.cz\/kontakty\/","og_site_name":"LAURYN","twitter_card":"summary_large_image","twitter_misc":{"Predpokladan\u00fd \u010das \u010d\u00edtania":"3 min\u00faty"},"schema":{"@context":"https:\/\/schema.org","@graph":[{"@type":"WebPage","@id":"https:\/\/www.lauryn.cz\/kontakty\/","url":"https:\/\/www.lauryn.cz\/kontakty\/","name":"Kontakty | LAURYN","isPartOf":{"@id":"https:\/\/www.lauryn.cz\/#website"},"datePublished":"2023-10-27T13:57:16+00:00","dateModified":"2023-10-27T13:57:16+00:00","description":"Vyber\u00e1te informa\u010dn\u00fd syst\u00e9m pre k\u00fape\u013en\u00e9 \u010di rehabilita\u010dn\u00e9 zariadenie alebo u\u017e vyu\u017e\u00edvate syst\u00e9m LBIS\/4G a potrebujte radu? Obr\u00e1\u0165te sa na n\u00e1s. Pom\u00f4\u017eeme v\u00e1m.","breadcrumb":{"@id":"https:\/\/www.lauryn.cz\/kontakty\/#breadcrumb"},"inLanguage":"sk-SK","potentialAction":[{"@type":"ReadAction","target":["https:\/\/www.lauryn.cz\/kontakty\/"]}]},{"@type":"BreadcrumbList","@id":"https:\/\/www.lauryn.cz\/kontakty\/#breadcrumb","itemListElement":[{"@type":"ListItem","position":1,"name":"Dom\u016f","item":"https:\/\/www.lauryn.cz\/sk\/"},{"@type":"ListItem","position":2,"name":"Kontakty"}]},{"@type":"WebSite","@id":"https:\/\/www.lauryn.cz\/#website","url":"https:\/\/www.lauryn.cz\/","name":"LAURYN","description":"Informa\u010dn\u00ed syst\u00e9my pro l\u00e1ze\u0148sk\u00e1 a rehabilita\u010dn\u00ed za\u0159\u00edzen\u00ed","potentialAction":[{"@type":"SearchAction","target":{"@type":"EntryPoint","urlTemplate":"https:\/\/www.lauryn.cz\/?s={search_term_string}"},"query-input":{"@type":"PropertyValueSpecification","valueRequired":true,"valueName":"search_term_string"}}],"inLanguage":"sk-SK"}]}},"_links":{"self":[{"href":"https:\/\/www.lauryn.cz\/sk\/wp-json\/wp\/v2\/pages\/14774"}],"collection":[{"href":"https:\/\/www.lauryn.cz\/sk\/wp-json\/wp\/v2\/pages"}],"about":[{"href":"https:\/\/www.lauryn.cz\/sk\/wp-json\/wp\/v2\/types\/page"}],"author":[{"embeddable":true,"href":"https:\/\/www.lauryn.cz\/sk\/wp-json\/wp\/v2\/users\/5"}],"replies":[{"embeddable":true,"href":"https:\/\/www.lauryn.cz\/sk\/wp-json\/wp\/v2\/comments?post=14774"}],"version-history":[{"count":2,"href":"https:\/\/www.lauryn.cz\/sk\/wp-json\/wp\/v2\/pages\/14774\/revisions"}],"predecessor-version":[{"id":14776,"href":"https:\/\/www.lauryn.cz\/sk\/wp-json\/wp\/v2\/pages\/14774\/revisions\/14776"}],"wp:attachment":[{"href":"https:\/\/www.lauryn.cz\/sk\/wp-json\/wp\/v2\/media?parent=14774"}],"curies":[{"name":"wp","href":"https:\/\/api.w.org\/{rel}","templated":true}]}}