{"id":14777,"date":"2023-10-27T15:04:03","date_gmt":"2023-10-27T14:04:03","guid":{"rendered":"https:\/\/www.lauryn.cz\/?page_id=14777"},"modified":"2023-10-27T15:04:03","modified_gmt":"2023-10-27T14:04:03","slug":"aktuality","status":"publish","type":"page","link":"https:\/\/www.lauryn.cz\/sk\/aktuality\/","title":{"rendered":"Aktuality"},"content":{"rendered":"<div class=\"fusion-fullwidth fullwidth-box fusion-builder-row-1 nonhundred-percent-fullwidth non-hundred-percent-height-scrolling\" style=\"--awb-border-radius-top-left:0px;--awb-border-radius-top-right:0px;--awb-border-radius-bottom-right:0px;--awb-border-radius-bottom-left:0px;--awb-padding-top:20px;--awb-padding-bottom:20px;--awb-flex-wrap:wrap;\" ><div class=\"fusion-builder-row fusion-row\"><div class=\"fusion-layout-column fusion_builder_column fusion-builder-column-0 fusion_builder_column_1_1 1_1 fusion-one-full fusion-column-first fusion-column-last\" style=\"--awb-bg-size:cover;\"><div class=\"fusion-column-wrapper fusion-flex-column-wrapper-legacy\"><div class=\"fusion-title title fusion-title-1 fusion-sep-none fusion-title-center fusion-title-text fusion-title-size-one\" style=\"--awb-sep-color:#ff6000;\"><h1 class=\"fusion-title-heading title-heading-center fusion-responsive-typography-calculated\" style=\"margin:0;--fontSize:40;line-height:1.4;\">Aktuality<\/h1><\/div><div class=\"fusion-sep-clear\"><\/div><div class=\"fusion-separator fusion-full-width-sep\" style=\"margin-left: auto;margin-right: auto;margin-bottom:20px;width:100%;\"><\/div><div class=\"fusion-sep-clear\"><\/div><div class=\"fusion-blog-shortcode fusion-blog-shortcode-1 fusion-blog-archive fusion-blog-layout-medium-alternate fusion-blog-pagination\"><div class=\"fusion-posts-container fusion-posts-container-pagination fusion-no-meta-info\" data-pages=\"5\"><article id=\"blog-1-post-15251\" class=\"fusion-post-medium-alternate post-15251 post type-post status-publish format-standard has-post-thumbnail hentry\">\n<div class=\"fusion-date-and-formats\"><div class=\"fusion-date-box updated\"><span class=\"fusion-date\">23.<\/span><span class=\"fusion-month-year\">marec 2026<\/span><\/div><div class=\"fusion-format-box\"><i class=\"awb-icon-pen\" aria-hidden=\"true\"><\/i><\/div><\/div>\t<style type=\"text\/css\">\n\t\t\n\t\t\n\t\t\n\t\t\n\t\t\t<\/style>\n\n\n\t\t\t<div class=\"fusion-flexslider flexslider fusion-flexslider-loading fusion-post-slideshow\" style=\"\">\n\t\t<ul class=\"slides\">\n\t\t\t\n\t\t\t\t\t\t\t\t\t\t\t\t\t\t<li><div  class=\"fusion-image-wrapper fusion-image-size-fixed\" aria-haspopup=\"true\">\n\t\t\t\t\t\t\t<a href=\"https:\/\/www.lauryn.cz\/sk\/2026\/03\/23\/rehabilitacni-centrum-celadna-zrychlilo-a-zjednodusilo-nastupy-klientov\/\" aria-label=\"Rehabilita\u010dn\u00ed centrum \u010celadn\u00e1 zr\u00fdchlilo a zjednodu\u0161ilo n\u00e1stupy klientov\">\n\t\t\t\t\t\t\t<img decoding=\"async\" width=\"320\" height=\"202\" src=\"https:\/\/www.lauryn.cz\/wp-content\/uploads\/2021\/05\/foto_brc-320x202.png\" class=\"attachment-blog-medium size-blog-medium wp-post-image\" alt=\"\" srcset=\"https:\/\/www.lauryn.cz\/wp-content\/uploads\/2021\/05\/foto_brc-320x202.png 320w, https:\/\/www.lauryn.cz\/wp-content\/uploads\/2021\/05\/foto_brc-700x441.png 700w\" sizes=\"(max-width: 320px) 100vw, 320px\" \/>\t\t\t<\/a>\n\t\t\t\t\t\t\t<\/div>\n<\/li>\n\t\t\t\n\t\t\t\n\t\t\t\t\t\t\t\t\t\t\t\t\t\t\t\t\t\t\t\t\t\t\t\t\t\t\t\t\t\t\t\t\t\t\t\t\t\t\t\t\t\t\t\t\t\t\t\t\t\t\t\t\t\t\t\t\t\t\t\t\t\t\t\t\t\t\t\t<\/ul>\n\t<\/div>\n\t<div class=\"fusion-post-content post-content\"><h2 class=\"blog-shortcode-post-title entry-title\"><a href=\"https:\/\/www.lauryn.cz\/sk\/2026\/03\/23\/rehabilitacni-centrum-celadna-zrychlilo-a-zjednodusilo-nastupy-klientov\/\">Rehabilita\u010dn\u00ed centrum \u010celadn\u00e1 zr\u00fdchlilo a zjednodu\u0161ilo n\u00e1stupy klientov<\/a><\/h2><div class=\"fusion-post-content-container\"><p>V\u00a0zariaden\u00ed Rehabilita\u010dn\u00ed centrum \u010celadn\u00e1 za\u010dali v\u00a0praxi vyu\u017e\u00edva\u0165 funk\u010dnos\u0165 \u201ePre check-in\u201c, ktor\u00e1 je s\u00fa\u010das\u0165ou k\u00fape\u013en\u00e9ho a\u00a0rehabilita\u010dn\u00e9ho informa\u010dn\u00e9ho syst\u00e9mu LBIS\/4G. V\u010faka tejto funk\u010dnosti m\u00f4\u017eu klienti (pacienti) pred vlastn\u00fdm n\u00e1stupom skontrolova\u0165 a\u00a0vyplni\u0165 svoje \u00fadaje (kontaktn\u00e9 \u00fadaje, kontaktn\u00e9 osoby, E\u010cV\u2026) on-line. Tieto \u00fadaje sa n\u00e1sledne prep\u00ed\u0161u do ich osobn\u00fdch kariet v\u00a0informa\u010dnom syst\u00e9me. Toto zadanie a\u00a0kontrola \u00fadajov pred vlastn\u00fdm pr\u00edjazdom v\u00fdznamne zjednodu\u0161uje vlastn\u00fd proces n\u00e1stupu pre klienta a\u00a0aj pre pracovn\u00edkov rehabilita\u010dn\u00e9ho \u00fastavu.<\/p><\/div><\/div><div class=\"fusion-clearfix\"><\/div><\/article>\n<article id=\"blog-1-post-15241\" class=\"fusion-post-medium-alternate post-15241 post type-post status-publish format-standard has-post-thumbnail hentry category-uncategorized-sk\">\n<div class=\"fusion-date-and-formats\"><div class=\"fusion-date-box updated\"><span class=\"fusion-date\">20.<\/span><span class=\"fusion-month-year\">janu\u00e1r 2026<\/span><\/div><div class=\"fusion-format-box\"><i class=\"awb-icon-pen\" aria-hidden=\"true\"><\/i><\/div><\/div>\t<style type=\"text\/css\">\n\t\t\n\t\t\n\t\t\n\t\t\n\t\t\t<\/style>\n\n\n\t\t\t<div class=\"fusion-flexslider flexslider fusion-flexslider-loading fusion-post-slideshow\" style=\"\">\n\t\t<ul class=\"slides\">\n\t\t\t\n\t\t\t\t\t\t\t\t\t\t\t\t\t\t<li><div  class=\"fusion-image-wrapper fusion-image-size-fixed\" aria-haspopup=\"true\">\n\t\t\t\t\t\t\t<a href=\"https:\/\/www.lauryn.cz\/sk\/2026\/01\/20\/kupele-lucky-a-s-plne-zautomatizovali-predaj-a-cerpanie-darcekovych-poukazov\/\" aria-label=\"K\u00daPELE L\u00da\u010cKY a.s. plne zautomatizovali predaj a \u010derpanie dar\u010dekov\u00fdch poukazov\">\n\t\t\t\t\t\t\t<img decoding=\"async\" width=\"320\" height=\"202\" src=\"https:\/\/www.lauryn.cz\/wp-content\/uploads\/2019\/10\/foto_lucky-320x202.jpg\" class=\"attachment-blog-medium size-blog-medium wp-post-image\" alt=\"\" \/>\t\t\t<\/a>\n\t\t\t\t\t\t\t<\/div>\n<\/li>\n\t\t\t\n\t\t\t\n\t\t\t\t\t\t\t\t\t\t\t\t\t\t\t\t\t\t\t\t\t\t\t\t\t\t\t\t\t\t\t\t\t\t\t\t\t\t\t\t\t\t\t\t\t\t\t\t\t\t\t\t\t\t\t\t\t\t\t\t\t\t\t\t\t\t\t\t<\/ul>\n\t<\/div>\n\t<div class=\"fusion-post-content post-content\"><h2 class=\"blog-shortcode-post-title entry-title\"><a href=\"https:\/\/www.lauryn.cz\/sk\/2026\/01\/20\/kupele-lucky-a-s-plne-zautomatizovali-predaj-a-cerpanie-darcekovych-poukazov\/\">K\u00daPELE L\u00da\u010cKY a.s. plne zautomatizovali predaj a \u010derpanie dar\u010dekov\u00fdch poukazov<\/a><\/h2><div class=\"fusion-post-content-container\"><p>V K\u00daPELE L\u00da\u010cKY a.s. je plne automatizovan\u00fd predaj a n\u00e1sledn\u00e9 \u010derpanie dar\u010dekov\u00fdch poukazov. Online predaj prebieha v\u00a0e-shope, kde sa definuje hodnota dar\u010dekov\u00e9ho poukazu + vykon\u00e1va priama online platba. V\u010faka integr\u00e1cii e-shopu s\u00a0prev\u00e1dzkov\u00fdm k\u00fape\u013en\u00fdm syst\u00e9mom LBIS\/4G je takto predan\u00fd dar\u010dekov\u00fd poukaz ihne\u010f zaevidovan\u00fd v\u00a0syst\u00e9me. Tzn. \u017ee tento poukaz je mo\u017en\u00e9 uplatni\u0165 bez ak\u00e9hoko\u013evek \u010dasov\u00e9ho oneskorenia pri \u00fahrade \u010derpan\u00fdch slu\u017eieb (pobyt, proced\u00fary, re\u0161taura\u010dn\u00e9 slu\u017eby\u2026). \u00a0 V\u00fdhody tejto automatiz\u00e1cie a integr\u00e1cie s\u00fa nasleduj\u00face:<a href=\"https:\/\/www.lauryn.cz\/sk\/2026\/01\/20\/kupele-lucky-a-s-plne-zautomatizovali-predaj-a-cerpanie-darcekovych-poukazov\/\"> [...]<\/a><\/p><\/div><\/div><div class=\"fusion-clearfix\"><\/div><\/article>\n<article id=\"blog-1-post-15232\" class=\"fusion-post-medium-alternate post-15232 post type-post status-publish format-standard has-post-thumbnail hentry category-uncategorized-sk\">\n<div class=\"fusion-date-and-formats\"><div class=\"fusion-date-box updated\"><span class=\"fusion-date\">10.<\/span><span class=\"fusion-month-year\">december 2025<\/span><\/div><div class=\"fusion-format-box\"><i class=\"awb-icon-pen\" aria-hidden=\"true\"><\/i><\/div><\/div>\t<style type=\"text\/css\">\n\t\t\n\t\t\n\t\t\n\t\t\n\t\t\t<\/style>\n\n\n\t\t\t<div class=\"fusion-flexslider flexslider fusion-flexslider-loading fusion-post-slideshow\" style=\"\">\n\t\t<ul class=\"slides\">\n\t\t\t\n\t\t\t\t\t\t\t\t\t\t\t\t\t\t<li><div  class=\"fusion-image-wrapper fusion-image-size-fixed\" aria-haspopup=\"true\">\n\t\t\t\t\t\t\t<a href=\"https:\/\/www.lauryn.cz\/sk\/2025\/12\/10\/pf2026\/\" aria-label=\"PF2026\">\n\t\t\t\t\t\t\t<img decoding=\"async\" width=\"320\" height=\"202\" src=\"https:\/\/www.lauryn.cz\/wp-content\/uploads\/2025\/12\/PF2026-320x202.jpg\" class=\"attachment-blog-medium size-blog-medium wp-post-image\" alt=\"\" srcset=\"https:\/\/www.lauryn.cz\/wp-content\/uploads\/2025\/12\/PF2026-320x202.jpg 320w, https:\/\/www.lauryn.cz\/wp-content\/uploads\/2025\/12\/PF2026-700x441.jpg 700w\" sizes=\"(max-width: 320px) 100vw, 320px\" \/>\t\t\t<\/a>\n\t\t\t\t\t\t\t<\/div>\n<\/li>\n\t\t\t\n\t\t\t\n\t\t\t\t\t\t\t\t\t\t\t\t\t\t\t\t\t\t\t\t\t\t\t\t\t\t\t\t\t\t\t\t\t\t\t\t\t\t\t\t\t\t\t\t\t\t\t\t\t\t\t\t\t\t\t\t\t\t\t\t\t\t\t\t\t\t\t\t<\/ul>\n\t<\/div>\n\t<div class=\"fusion-post-content post-content\"><h2 class=\"blog-shortcode-post-title entry-title\"><a href=\"https:\/\/www.lauryn.cz\/sk\/2025\/12\/10\/pf2026\/\">PF2026<\/a><\/h2><div class=\"fusion-post-content-container\"><p>V\u0161etk\u00fdm na\u0161im obchodn\u00fdm partnerom, kolegom a priate\u013eom prajeme kr\u00e1sne Vianoce a pohodov\u00fd vstup do roku 2026. T\u00edm spolo\u010dnosti LAURYN s.r.o.<\/p><\/div><\/div><div class=\"fusion-clearfix\"><\/div><\/article>\n<article id=\"blog-1-post-15217\" class=\"fusion-post-medium-alternate post-15217 post type-post status-publish format-standard has-post-thumbnail hentry\">\n<div class=\"fusion-date-and-formats\"><div class=\"fusion-date-box updated\"><span class=\"fusion-date\">2.<\/span><span class=\"fusion-month-year\">december 2025<\/span><\/div><div class=\"fusion-format-box\"><i class=\"awb-icon-pen\" aria-hidden=\"true\"><\/i><\/div><\/div>\t<style type=\"text\/css\">\n\t\t\n\t\t\n\t\t\n\t\t\n\t\t\t<\/style>\n\n\n\t\t\t<div class=\"fusion-flexslider flexslider fusion-flexslider-loading fusion-post-slideshow\" style=\"\">\n\t\t<ul class=\"slides\">\n\t\t\t\n\t\t\t\t\t\t\t\t\t\t\t\t\t\t<li><div  class=\"fusion-image-wrapper fusion-image-size-fixed\" aria-haspopup=\"true\">\n\t\t\t\t\t\t\t<a href=\"https:\/\/www.lauryn.cz\/sk\/2025\/12\/02\/v-spolocnosti-lecebne-lazne-jachymov-a-s-on-line-rezervacie-setria-pracu-a-navysuju-vykony\/\" aria-label=\"V\u00a0spolo\u010dnosti L\u00e9\u010debn\u00e9 l\u00e1zn\u011b J\u00e1chymov a.s. on-line rezerv\u00e1cie \u0161etria pr\u00e1cu a\u00a0navy\u0161uj\u00fa v\u00fdkony\">\n\t\t\t\t\t\t\t<img decoding=\"async\" width=\"320\" height=\"202\" src=\"https:\/\/www.lauryn.cz\/wp-content\/uploads\/2025\/11\/foto_LLJ_RP-320x202.jpg\" class=\"attachment-blog-medium size-blog-medium wp-post-image\" alt=\"\" \/>\t\t\t<\/a>\n\t\t\t\t\t\t\t<\/div>\n<\/li>\n\t\t\t\n\t\t\t\n\t\t\t\t\t\t\t\t\t\t\t\t\t\t\t\t\t\t\t\t\t\t\t\t\t\t\t\t\t\t\t\t\t\t\t\t\t\t\t\t\t\t\t\t\t\t\t\t\t\t\t\t\t\t\t\t\t\t\t\t\t\t\t\t\t\t\t\t<\/ul>\n\t<\/div>\n\t<div class=\"fusion-post-content post-content\"><h2 class=\"blog-shortcode-post-title entry-title\"><a href=\"https:\/\/www.lauryn.cz\/sk\/2025\/12\/02\/v-spolocnosti-lecebne-lazne-jachymov-a-s-on-line-rezervacie-setria-pracu-a-navysuju-vykony\/\">V\u00a0spolo\u010dnosti L\u00e9\u010debn\u00e9 l\u00e1zn\u011b J\u00e1chymov a.s. on-line rezerv\u00e1cie \u0161etria pr\u00e1cu a\u00a0navy\u0161uj\u00fa v\u00fdkony<\/a><\/h2><div class=\"fusion-post-content-container\"><p>N\u00e1\u0161 pou\u017e\u00edvate\u013e L\u00e9\u010debn\u00e9 l\u00e1zn\u011b J\u00e1chymov a.s. implementoval komplexn\u00e9 rie\u0161enie pre on-line rezerv\u00e1cie pobytov od spolo\u010dnosti Profitroom. Z\u00e1rove\u0148 bola nasaden\u00e1 kompletn\u00e1 integr\u00e1cia k\u00fape\u013en\u00e9ho syst\u00e9mu LBIS\/4G Ubytovacia agenda s\u00a0rie\u0161en\u00edm Profitroom. \u00a0 Profitrooom zais\u0165uje tieto funk\u010dnosti: Booking engine na realiz\u00e1ciu priamych rezerv\u00e1ci\u00ed na webe k\u00fape\u013eov Channel manager na napojenie pred\u00e1vanej ubytovacej kapacity na r\u00f4zne predajn\u00e9 kan\u00e1ly (Booking.com, \u2026) \u00a0 Integr\u00e1cia LBIS\/4G Ubytovacej agendy s\u00a0Profitroom automatizuje proces on-line rezerv\u00e1ci\u00ed v\u00a0t\u00fdchto oblastiach: Prenos kapac\u00edt a\u00a0cien<a href=\"https:\/\/www.lauryn.cz\/sk\/2025\/12\/02\/v-spolocnosti-lecebne-lazne-jachymov-a-s-on-line-rezervacie-setria-pracu-a-navysuju-vykony\/\"> [...]<\/a><\/p><\/div><\/div><div class=\"fusion-clearfix\"><\/div><\/article>\n<article id=\"blog-1-post-15188\" class=\"fusion-post-medium-alternate post-15188 post type-post status-publish format-standard has-post-thumbnail hentry\">\n<div class=\"fusion-date-and-formats\"><div class=\"fusion-date-box updated\"><span class=\"fusion-date\">14.<\/span><span class=\"fusion-month-year\">okt\u00f3ber 2025<\/span><\/div><div class=\"fusion-format-box\"><i class=\"awb-icon-pen\" aria-hidden=\"true\"><\/i><\/div><\/div>\t<style type=\"text\/css\">\n\t\t\n\t\t\n\t\t\n\t\t\n\t\t\t<\/style>\n\n\n\t\t\t<div class=\"fusion-flexslider flexslider fusion-flexslider-loading fusion-post-slideshow\" style=\"\">\n\t\t<ul class=\"slides\">\n\t\t\t\n\t\t\t\t\t\t\t\t\t\t\t\t\t\t<li><div  class=\"fusion-image-wrapper fusion-image-size-fixed\" aria-haspopup=\"true\">\n\t\t\t\t\t\t\t<a href=\"https:\/\/www.lauryn.cz\/sk\/2025\/10\/14\/funkcia-automaticky-mailing-setri-cas-pracovnikov-obchodneho-oddelenia\/\" aria-label=\"Funkcia Automatick\u00fd mailing \u0161etr\u00ed \u010das pracovn\u00edkov obchodn\u00e9ho oddelenia\">\n\t\t\t\t\t\t\t<img decoding=\"async\" width=\"320\" height=\"202\" src=\"https:\/\/www.lauryn.cz\/wp-content\/uploads\/2019\/10\/foto_lucky-320x202.jpg\" class=\"attachment-blog-medium size-blog-medium wp-post-image\" alt=\"\" \/>\t\t\t<\/a>\n\t\t\t\t\t\t\t<\/div>\n<\/li>\n\t\t\t\n\t\t\t\n\t\t\t\t\t\t\t\t\t\t\t\t\t\t\t\t\t\t\t\t\t\t\t\t\t\t\t\t\t\t\t\t\t\t\t\t\t\t\t\t\t\t\t\t\t\t\t\t\t\t\t\t\t\t\t\t\t\t\t\t\t\t\t\t\t\t\t\t<\/ul>\n\t<\/div>\n\t<div class=\"fusion-post-content post-content\"><h2 class=\"blog-shortcode-post-title entry-title\"><a href=\"https:\/\/www.lauryn.cz\/sk\/2025\/10\/14\/funkcia-automaticky-mailing-setri-cas-pracovnikov-obchodneho-oddelenia\/\">Funkcia Automatick\u00fd mailing \u0161etr\u00ed \u010das pracovn\u00edkov obchodn\u00e9ho oddelenia<\/a><\/h2><div class=\"fusion-post-content-container\"><p>V spolo\u010dnosti K\u00daPELE L\u00da\u010cKY a.s. automatizovali komunik\u00e1ciu s\u00a0klientmi. Nasaden\u00e1 funkcia Automatick\u00fd mailing v r\u00e1mci syst\u00e9mu pre k\u00fapele, rehabilit\u00e1cie a lie\u010debne LBIS\/4G teraz automaticky rozosiela e-maily s nasleduj\u00facim obsahom: potvrdenie rezerv\u00e1cie + poslanie proforma fakt\u00fary pripomienka n\u00e1stupu na\u00a0pobyt + s\u00favisiace inform\u00e1cie potvrdenie prijatia \u00fahrady z\u00e1lohy klientovi po\u010fakovanie na konci pobytu \u00a0 V\u00fdsledkom implement\u00e1cie tejto funkcie je elimin\u00e1cia dennej rutiny spojenej s\u00a0odosielan\u00edm e-mailov a \u00faspora pr\u00e1ce pre pracovn\u00edkov obchodn\u00e9ho oddelenia a prij\u00edmacej<a href=\"https:\/\/www.lauryn.cz\/sk\/2025\/10\/14\/funkcia-automaticky-mailing-setri-cas-pracovnikov-obchodneho-oddelenia\/\"> [...]<\/a><\/p><\/div><\/div><div class=\"fusion-clearfix\"><\/div><\/article>\n<article id=\"blog-1-post-15170\" class=\"fusion-post-medium-alternate post-15170 post type-post status-publish format-standard has-post-thumbnail hentry\">\n<div class=\"fusion-date-and-formats\"><div class=\"fusion-date-box updated\"><span class=\"fusion-date\">1.<\/span><span class=\"fusion-month-year\">august 2025<\/span><\/div><div class=\"fusion-format-box\"><i class=\"awb-icon-pen\" aria-hidden=\"true\"><\/i><\/div><\/div>\t<style type=\"text\/css\">\n\t\t\n\t\t\n\t\t\n\t\t\n\t\t\t<\/style>\n\n\n\t\t\t<div class=\"fusion-flexslider flexslider fusion-flexslider-loading fusion-post-slideshow\" style=\"\">\n\t\t<ul class=\"slides\">\n\t\t\t\n\t\t\t\t\t\t\t\t\t\t\t\t\t\t<li><div  class=\"fusion-image-wrapper fusion-image-size-fixed\" aria-haspopup=\"true\">\n\t\t\t\t\t\t\t<a href=\"https:\/\/www.lauryn.cz\/sk\/2025\/08\/01\/fitklinik-riadi-prevadzku-pomocou-systemu-lbis-4g\/\" aria-label=\"FitKlinik riadi prev\u00e1dzku pomocou syst\u00e9mu LBIS\/4G\">\n\t\t\t\t\t\t\t<img decoding=\"async\" width=\"320\" height=\"202\" src=\"https:\/\/www.lauryn.cz\/wp-content\/uploads\/2025\/07\/havirov-fitklini-320x202.jpg\" class=\"attachment-blog-medium size-blog-medium wp-post-image\" alt=\"\" \/>\t\t\t<\/a>\n\t\t\t\t\t\t\t<\/div>\n<\/li>\n\t\t\t\n\t\t\t\n\t\t\t\t\t\t\t\t\t\t\t\t\t\t\t\t\t\t\t\t\t\t\t\t\t\t\t\t\t\t\t\t\t\t\t\t\t\t\t\t\t\t\t\t\t\t\t\t\t\t\t\t\t\t\t\t\t\t\t\t\t\t\t\t\t\t\t\t<\/ul>\n\t<\/div>\n\t<div class=\"fusion-post-content post-content\"><h2 class=\"blog-shortcode-post-title entry-title\"><a href=\"https:\/\/www.lauryn.cz\/sk\/2025\/08\/01\/fitklinik-riadi-prevadzku-pomocou-systemu-lbis-4g\/\">FitKlinik riadi prev\u00e1dzku pomocou syst\u00e9mu LBIS\/4G<\/a><\/h2><div class=\"fusion-post-content-container\"><p>V\u00a0rehabilita\u010dnom centre FitKlinik v\u00a0Hav\u00ed\u0159ove nasadili na riadenie celej prev\u00e1dzky informa\u010dn\u00fd syst\u00e9m (softv\u00e9r) pre rehabilit\u00e1cie a\u00a0fyzioterapeutov LBIS\/4G. Komplexnos\u0165 tohto rie\u0161enia zais\u0165uje pou\u017e\u00edvate\u013eom pokrytie t\u00fdchto agend: Evidencia klientov Kompletn\u00e9 vedenie elektronickej zdravotnej dokument\u00e1cie vr\u00e1tane digit\u00e1lnych podpisov, \u010dasov\u00fdch pe\u010diatok a\u00a0zabezpe\u010den\u00e9ho \u00falo\u017eiska Pl\u00e1novanie proced\u00far Sledovanie doch\u00e1dzky na proced\u00fary Automatick\u00e1 komunik\u00e1cia s\u00a0klientmi pomocou SMS Vy\u00fa\u010dtovanie poskytnut\u00fdch slu\u017eieb zdravotn\u00fdm pois\u0165ovniam a\u00a0klientom vr\u00e1tane priameho napojenia na port\u00e1ly pois\u0165ovn\u00ed Integr\u00e1cia na centr\u00e1lny mana\u017e\u00e9rsky syst\u00e9m skupiny OK Rehabilitace, pod<a href=\"https:\/\/www.lauryn.cz\/sk\/2025\/08\/01\/fitklinik-riadi-prevadzku-pomocou-systemu-lbis-4g\/\"> [...]<\/a><\/p><\/div><\/div><div class=\"fusion-clearfix\"><\/div><\/article>\n<\/div><div class=\"pagination clearfix\"><span class=\"current\">1<\/span><a href=\"https:\/\/www.lauryn.cz\/sk\/wp-json\/wp\/v2\/pages\/14777\/page\/2\/\" class=\"inactive\">2<\/a><a class=\"pagination-next\" rel=\"next\" href=\"https:\/\/www.lauryn.cz\/sk\/wp-json\/wp\/v2\/pages\/14777\/page\/2\/\"><span class=\"page-text\">Next<\/span><span class=\"page-next\"><\/span><\/a><\/div><div class=\"fusion-clearfix\"><\/div><\/div><div class=\"fusion-clearfix\"><\/div><\/div><\/div><\/div><\/div>\n","protected":false},"excerpt":{"rendered":"","protected":false},"author":5,"featured_media":0,"parent":0,"menu_order":0,"comment_status":"closed","ping_status":"closed","template":"","meta":{"footnotes":""},"class_list":["post-14777","page","type-page","status-publish","hentry"],"yoast_head":"<!-- This site is optimized with the Yoast SEO plugin v23.6 - https:\/\/yoast.com\/wordpress\/plugins\/seo\/ -->\n<title>Aktuality | LAURYN<\/title>\n<meta name=\"description\" content=\"Novinky z v\u00fdvoja informa\u010dn\u00e9ho syst\u00e9mu LBIS\/4G, term\u00edny \u0161kolen\u00ed a implement\u00e1cia v k\u00fape\u013en\u00fdch a rehabilita\u010dn\u00fdch centr\u00e1ch a odborn\u00fdch lie\u010debn\u00fdch \u00fastavoch\" \/>\n<meta name=\"robots\" content=\"index, follow, max-snippet:-1, max-image-preview:large, max-video-preview:-1\" \/>\n<link rel=\"canonical\" href=\"https:\/\/www.lauryn.cz\/sk\/aktuality\/\" \/>\n<meta property=\"og:locale\" content=\"sk_SK\" \/>\n<meta property=\"og:type\" content=\"article\" \/>\n<meta property=\"og:title\" content=\"Aktuality | LAURYN\" \/>\n<meta property=\"og:description\" content=\"Novinky z v\u00fdvoja informa\u010dn\u00e9ho syst\u00e9mu LBIS\/4G, term\u00edny \u0161kolen\u00ed a implement\u00e1cia v k\u00fape\u013en\u00fdch a rehabilita\u010dn\u00fdch centr\u00e1ch a odborn\u00fdch lie\u010debn\u00fdch \u00fastavoch\" \/>\n<meta property=\"og:url\" content=\"https:\/\/www.lauryn.cz\/sk\/aktuality\/\" \/>\n<meta property=\"og:site_name\" content=\"LAURYN\" \/>\n<meta name=\"twitter:card\" content=\"summary_large_image\" \/>\n<meta name=\"twitter:label1\" content=\"Predpokladan\u00fd \u010das \u010d\u00edtania\" \/>\n\t<meta name=\"twitter:data1\" content=\"1 min\u00fata\" \/>\n<script type=\"application\/ld+json\" class=\"yoast-schema-graph\">{\"@context\":\"https:\/\/schema.org\",\"@graph\":[{\"@type\":\"WebPage\",\"@id\":\"https:\/\/www.lauryn.cz\/sk\/aktuality\/\",\"url\":\"https:\/\/www.lauryn.cz\/sk\/aktuality\/\",\"name\":\"Aktuality | LAURYN\",\"isPartOf\":{\"@id\":\"https:\/\/www.lauryn.cz\/#website\"},\"datePublished\":\"2023-10-27T14:04:03+00:00\",\"dateModified\":\"2023-10-27T14:04:03+00:00\",\"description\":\"Novinky z v\u00fdvoja informa\u010dn\u00e9ho syst\u00e9mu LBIS\/4G, term\u00edny \u0161kolen\u00ed a implement\u00e1cia v k\u00fape\u013en\u00fdch a rehabilita\u010dn\u00fdch centr\u00e1ch a odborn\u00fdch lie\u010debn\u00fdch \u00fastavoch\",\"breadcrumb\":{\"@id\":\"https:\/\/www.lauryn.cz\/sk\/aktuality\/#breadcrumb\"},\"inLanguage\":\"sk-SK\",\"potentialAction\":[{\"@type\":\"ReadAction\",\"target\":[\"https:\/\/www.lauryn.cz\/sk\/aktuality\/\"]}]},{\"@type\":\"BreadcrumbList\",\"@id\":\"https:\/\/www.lauryn.cz\/sk\/aktuality\/#breadcrumb\",\"itemListElement\":[{\"@type\":\"ListItem\",\"position\":1,\"name\":\"Dom\u016f\",\"item\":\"https:\/\/www.lauryn.cz\/sk\/\"},{\"@type\":\"ListItem\",\"position\":2,\"name\":\"Aktuality\"}]},{\"@type\":\"WebSite\",\"@id\":\"https:\/\/www.lauryn.cz\/#website\",\"url\":\"https:\/\/www.lauryn.cz\/\",\"name\":\"LAURYN\",\"description\":\"Informa\u010dn\u00ed syst\u00e9my pro l\u00e1ze\u0148sk\u00e1 a rehabilita\u010dn\u00ed za\u0159\u00edzen\u00ed\",\"potentialAction\":[{\"@type\":\"SearchAction\",\"target\":{\"@type\":\"EntryPoint\",\"urlTemplate\":\"https:\/\/www.lauryn.cz\/?s={search_term_string}\"},\"query-input\":{\"@type\":\"PropertyValueSpecification\",\"valueRequired\":true,\"valueName\":\"search_term_string\"}}],\"inLanguage\":\"sk-SK\"}]}<\/script>\n<!-- \/ Yoast SEO plugin. -->","yoast_head_json":{"title":"Aktuality | LAURYN","description":"Novinky z v\u00fdvoja informa\u010dn\u00e9ho syst\u00e9mu LBIS\/4G, term\u00edny \u0161kolen\u00ed a implement\u00e1cia v k\u00fape\u013en\u00fdch a rehabilita\u010dn\u00fdch centr\u00e1ch a odborn\u00fdch lie\u010debn\u00fdch \u00fastavoch","robots":{"index":"index","follow":"follow","max-snippet":"max-snippet:-1","max-image-preview":"max-image-preview:large","max-video-preview":"max-video-preview:-1"},"canonical":"https:\/\/www.lauryn.cz\/sk\/aktuality\/","og_locale":"sk_SK","og_type":"article","og_title":"Aktuality | LAURYN","og_description":"Novinky z v\u00fdvoja informa\u010dn\u00e9ho syst\u00e9mu LBIS\/4G, term\u00edny \u0161kolen\u00ed a implement\u00e1cia v k\u00fape\u013en\u00fdch a rehabilita\u010dn\u00fdch centr\u00e1ch a odborn\u00fdch lie\u010debn\u00fdch \u00fastavoch","og_url":"https:\/\/www.lauryn.cz\/sk\/aktuality\/","og_site_name":"LAURYN","twitter_card":"summary_large_image","twitter_misc":{"Predpokladan\u00fd \u010das \u010d\u00edtania":"1 min\u00fata"},"schema":{"@context":"https:\/\/schema.org","@graph":[{"@type":"WebPage","@id":"https:\/\/www.lauryn.cz\/sk\/aktuality\/","url":"https:\/\/www.lauryn.cz\/sk\/aktuality\/","name":"Aktuality | LAURYN","isPartOf":{"@id":"https:\/\/www.lauryn.cz\/#website"},"datePublished":"2023-10-27T14:04:03+00:00","dateModified":"2023-10-27T14:04:03+00:00","description":"Novinky z v\u00fdvoja informa\u010dn\u00e9ho syst\u00e9mu LBIS\/4G, term\u00edny \u0161kolen\u00ed a implement\u00e1cia v k\u00fape\u013en\u00fdch a rehabilita\u010dn\u00fdch centr\u00e1ch a odborn\u00fdch lie\u010debn\u00fdch \u00fastavoch","breadcrumb":{"@id":"https:\/\/www.lauryn.cz\/sk\/aktuality\/#breadcrumb"},"inLanguage":"sk-SK","potentialAction":[{"@type":"ReadAction","target":["https:\/\/www.lauryn.cz\/sk\/aktuality\/"]}]},{"@type":"BreadcrumbList","@id":"https:\/\/www.lauryn.cz\/sk\/aktuality\/#breadcrumb","itemListElement":[{"@type":"ListItem","position":1,"name":"Dom\u016f","item":"https:\/\/www.lauryn.cz\/sk\/"},{"@type":"ListItem","position":2,"name":"Aktuality"}]},{"@type":"WebSite","@id":"https:\/\/www.lauryn.cz\/#website","url":"https:\/\/www.lauryn.cz\/","name":"LAURYN","description":"Informa\u010dn\u00ed syst\u00e9my pro l\u00e1ze\u0148sk\u00e1 a rehabilita\u010dn\u00ed za\u0159\u00edzen\u00ed","potentialAction":[{"@type":"SearchAction","target":{"@type":"EntryPoint","urlTemplate":"https:\/\/www.lauryn.cz\/?s={search_term_string}"},"query-input":{"@type":"PropertyValueSpecification","valueRequired":true,"valueName":"search_term_string"}}],"inLanguage":"sk-SK"}]}},"_links":{"self":[{"href":"https:\/\/www.lauryn.cz\/sk\/wp-json\/wp\/v2\/pages\/14777"}],"collection":[{"href":"https:\/\/www.lauryn.cz\/sk\/wp-json\/wp\/v2\/pages"}],"about":[{"href":"https:\/\/www.lauryn.cz\/sk\/wp-json\/wp\/v2\/types\/page"}],"author":[{"embeddable":true,"href":"https:\/\/www.lauryn.cz\/sk\/wp-json\/wp\/v2\/users\/5"}],"replies":[{"embeddable":true,"href":"https:\/\/www.lauryn.cz\/sk\/wp-json\/wp\/v2\/comments?post=14777"}],"version-history":[{"count":2,"href":"https:\/\/www.lauryn.cz\/sk\/wp-json\/wp\/v2\/pages\/14777\/revisions"}],"predecessor-version":[{"id":14779,"href":"https:\/\/www.lauryn.cz\/sk\/wp-json\/wp\/v2\/pages\/14777\/revisions\/14779"}],"wp:attachment":[{"href":"https:\/\/www.lauryn.cz\/sk\/wp-json\/wp\/v2\/media?parent=14777"}],"curies":[{"name":"wp","href":"https:\/\/api.w.org\/{rel}","templated":true}]}}